{"id":3241,"date":"2026-01-28T17:52:42","date_gmt":"2026-01-28T20:52:42","guid":{"rendered":"https:\/\/sincro1320.com\/w\/?post_type=product&#038;p=3241"},"modified":"2026-04-30T19:15:02","modified_gmt":"2026-04-30T22:15:02","slug":"descarga-juego-de-telektonon-post-historia","status":"publish","type":"product","link":"https:\/\/sincro1320.com\/w\/producto\/descarga-juego-de-telektonon-post-historia\/","title":{"rendered":"Descarga: Juego de Telektonon post-historia \u00a1ACTUALIZADO!"},"content":{"rendered":"<div style=\"background-color: var(--box-background-color, #ffffff); border: 1px solid var(--border-color, #ddd); border-radius: 10px; padding: 15px; margin-bottom: 20px;\">\n<p style=\"line-height: 1.6;\">Inspirado en la profec\u00eda Maya Gal\u00e1ctica, dise\u00f1ado para integrar la dualidad y alcanzar la iluminaci\u00f3n a trav\u00e9s de movimientos diarios simb\u00f3licos, promoviendo una conexi\u00f3n con la quinta dimensi\u00f3n. Utiliza un tablero, fichas, cartas y runas para transformar la vida cotidiana en un camino hacia la consciencia c\u00f3smica.<\/p>\n<\/div>\n<div style=\"text-align: center; margin-top: 20px;\"><a style=\"display: flex; align-items: center; justify-content: center; text-decoration: none; background-color: #0a875a; color: #ffffff; padding: 15px 20px; border-radius: 5px; font-family: 'Poppins', sans-serif; font-size: 16px; font-weight: bold; width: 100%; box-sizing: border-box; line-height: 1;\" href=\"#\" target=\"_blank\" rel=\"noopener\">Sumalo al carrito para DESCARGAR GRATIS<\/a><\/div>\n","protected":false},"excerpt":{"rendered":"<p>Inspirado en la profec\u00eda Maya Gal\u00e1ctica, dise\u00f1ado para integrar la dualidad y alcanzar la iluminaci\u00f3n a trav\u00e9s de movimientos diarios simb\u00f3licos, promoviendo una conexi\u00f3n con la quinta dimensi\u00f3n. Utiliza un tablero, fichas, cartas y runas para transformar la vida cotidiana en un camino hacia la consciencia c\u00f3smica.<\/p>\n","protected":false},"featured_media":3382,"template":"","meta":{"inline_featured_image":false,"site-sidebar-layout":"default","site-content-layout":"","ast-site-content-layout":"default","site-content-style":"default","site-sidebar-style":"default","ast-global-header-display":"","ast-banner-title-visibility":"","ast-main-header-display":"","ast-hfb-above-header-display":"","ast-hfb-below-header-display":"","ast-hfb-mobile-header-display":"","site-post-title":"","ast-breadcrumbs-content":"","ast-featured-img":"","footer-sml-layout":"","theme-transparent-header-meta":"default","adv-header-id-meta":"","stick-header-meta":"","header-above-stick-meta":"","header-main-stick-meta":"","header-below-stick-meta":"","astra-migrate-meta-layouts":"set","ast-page-background-enabled":"default","ast-page-background-meta":{"desktop":{"background-color":"","background-image":"","background-repeat":"repeat","background-position":"center center","background-size":"auto","background-attachment":"scroll","background-type":"","background-media":"","overlay-type":"","overlay-color":"","overlay-opacity":"","overlay-gradient":""},"tablet":{"background-color":"","background-image":"","background-repeat":"repeat","background-position":"center center","background-size":"auto","background-attachment":"scroll","background-type":"","background-media":"","overlay-type":"","overlay-color":"","overlay-opacity":"","overlay-gradient":""},"mobile":{"background-color":"","background-image":"","background-repeat":"repeat","background-position":"center center","background-size":"auto","background-attachment":"scroll","background-type":"","background-media":"","overlay-type":"","overlay-color":"","overlay-opacity":"","overlay-gradient":""}},"ast-content-background-meta":{"desktop":{"background-color":"var(--ast-global-color-5)","background-image":"","background-repeat":"repeat","background-position":"center center","background-size":"auto","background-attachment":"scroll","background-type":"","background-media":"","overlay-type":"","overlay-color":"","overlay-opacity":"","overlay-gradient":""},"tablet":{"background-color":"var(--ast-global-color-5)","background-image":"","background-repeat":"repeat","background-position":"center center","background-size":"auto","background-attachment":"scroll","background-type":"","background-media":"","overlay-type":"","overlay-color":"","overlay-opacity":"","overlay-gradient":""},"mobile":{"background-color":"var(--ast-global-color-5)","background-image":"","background-repeat":"repeat","background-position":"center center","background-size":"auto","background-attachment":"scroll","background-type":"","background-media":"","overlay-type":"","overlay-color":"","overlay-opacity":"","overlay-gradient":""}}},"product_brand":[],"product_cat":[103],"product_tag":[],"class_list":{"0":"post-3241","1":"product","2":"type-product","3":"status-publish","4":"has-post-thumbnail","6":"product_cat-descargables","7":"desktop-align-left","8":"tablet-align-left","9":"mobile-align-left","11":"first","12":"instock","13":"downloadable","14":"shipping-taxable","15":"purchasable","16":"product-type-simple"},"jetpack_sharing_enabled":true,"_links":{"self":[{"href":"https:\/\/sincro1320.com\/w\/wp-json\/wp\/v2\/product\/3241","targetHints":{"allow":["GET"]}}],"collection":[{"href":"https:\/\/sincro1320.com\/w\/wp-json\/wp\/v2\/product"}],"about":[{"href":"https:\/\/sincro1320.com\/w\/wp-json\/wp\/v2\/types\/product"}],"wp:featuredmedia":[{"embeddable":true,"href":"https:\/\/sincro1320.com\/w\/wp-json\/wp\/v2\/media\/3382"}],"wp:attachment":[{"href":"https:\/\/sincro1320.com\/w\/wp-json\/wp\/v2\/media?parent=3241"}],"wp:term":[{"taxonomy":"product_brand","embeddable":true,"href":"https:\/\/sincro1320.com\/w\/wp-json\/wp\/v2\/product_brand?post=3241"},{"taxonomy":"product_cat","embeddable":true,"href":"https:\/\/sincro1320.com\/w\/wp-json\/wp\/v2\/product_cat?post=3241"},{"taxonomy":"product_tag","embeddable":true,"href":"https:\/\/sincro1320.com\/w\/wp-json\/wp\/v2\/product_tag?post=3241"}],"curies":[{"name":"wp","href":"https:\/\/api.w.org\/{rel}","templated":true}]}}