{"id":3152,"date":"2025-10-21T19:45:11","date_gmt":"2025-10-21T22:45:11","guid":{"rendered":"https:\/\/sincro1320.com\/w\/?post_type=product&#038;p=3152"},"modified":"2025-10-22T15:14:31","modified_gmt":"2025-10-22T18:14:31","slug":"brujula-galactica-curso-online-de-introduccion","status":"publish","type":"product","link":"https:\/\/sincro1320.com\/w\/producto\/brujula-galactica-curso-online-de-introduccion\/","title":{"rendered":"BR\u00daJULA GAL\u00c1CTICA &#8211; Curso online de introducci\u00f3n"},"content":{"rendered":"<div style=\"background-color: var(--background-color, #f9f9f9); border: 1px solid var(--border-color, #ddd); border-radius: 10px; padding: 20px; max-width: 600px; margin: 0 auto;\">\n<h2 style=\"text-align: center; margin-bottom: 20px; color: #0a875a;\">BR\u00daJULA GAL\u00c1CTICA<\/h2>\n<h4 style=\"text-align: center; color: #0a875a;\">Curso online de introducci\u00f3n<\/h4>\n<div style=\"background-color: #ffffff; border: 1px solid #ddd; border-radius: 10px; padding: 15px; margin-bottom: 20px;\">\n<p style=\"line-height: 1.6;\"><strong>La Br\u00fajula Gal\u00e1ctica<\/strong> es el instrumento m\u00e1s importante para tu navegaci\u00f3n en la frecuencia natural del tiempo.<\/p>\n<p style=\"line-height: 1.6;\">Se utiliza para determinar manualmente el <strong>kin de cualquier fecha<\/strong> y todas sus caracter\u00edsticas principales: el or\u00e1culo, la onda encantada, el castillo, la familia terrestre y m\u00e1s.<\/p>\n<p style=\"line-height: 1.6;\"><em>Este curso no est\u00e1 incluido en los programas anuales de la Escuela Sincro1320, pero es altamente recomendado para cualquier estudiante del tiempo natural.<\/em><\/p>\n<\/div>\n<div style=\"background-color: #ffffff; border: 1px solid #ddd; border-radius: 10px; padding: 15px; margin-bottom: 20px;\">\n<h3 style=\"color: #0a875a; margin-top: 0;\">Incluye:<\/h3>\n<ul style=\"line-height: 1.6; padding-left: 20px;\">\n<li>1 Masterclass grabada con los contenidos te\u00f3ricos fundamentales<\/li>\n<li>3 clases pr\u00e1cticas grabadas para unirte al curso en cualquier momento del a\u00f1o<\/li>\n<li>Materiales descargables para confeccionar tu propia Br\u00fajula Gal\u00e1ctica<\/li>\n<li>Espacio para consultas, preguntas y comentarios con la maestra del curso<\/li>\n<\/ul>\n<\/div>\n<\/div>\n","protected":false},"excerpt":{"rendered":"<p>Aprend\u00e9 a confeccionar y usar tu propia Br\u00fajula Gal\u00e1ctica para navegar el tiempo natural.<\/p>\n","protected":false},"featured_media":3148,"template":"","meta":{"inline_featured_image":false,"site-sidebar-layout":"default","site-content-layout":"","ast-site-content-layout":"default","site-content-style":"default","site-sidebar-style":"default","ast-global-header-display":"","ast-banner-title-visibility":"","ast-main-header-display":"","ast-hfb-above-header-display":"","ast-hfb-below-header-display":"","ast-hfb-mobile-header-display":"","site-post-title":"","ast-breadcrumbs-content":"","ast-featured-img":"","footer-sml-layout":"","theme-transparent-header-meta":"default","adv-header-id-meta":"","stick-header-meta":"","header-above-stick-meta":"","header-main-stick-meta":"","header-below-stick-meta":"","astra-migrate-meta-layouts":"set","ast-page-background-enabled":"default","ast-page-background-meta":{"desktop":{"background-color":"","background-image":"","background-repeat":"repeat","background-position":"center center","background-size":"auto","background-attachment":"scroll","background-type":"","background-media":"","overlay-type":"","overlay-color":"","overlay-opacity":"","overlay-gradient":""},"tablet":{"background-color":"","background-image":"","background-repeat":"repeat","background-position":"center center","background-size":"auto","background-attachment":"scroll","background-type":"","background-media":"","overlay-type":"","overlay-color":"","overlay-opacity":"","overlay-gradient":""},"mobile":{"background-color":"","background-image":"","background-repeat":"repeat","background-position":"center center","background-size":"auto","background-attachment":"scroll","background-type":"","background-media":"","overlay-type":"","overlay-color":"","overlay-opacity":"","overlay-gradient":""}},"ast-content-background-meta":{"desktop":{"background-color":"var(--ast-global-color-5)","background-image":"","background-repeat":"repeat","background-position":"center center","background-size":"auto","background-attachment":"scroll","background-type":"","background-media":"","overlay-type":"","overlay-color":"","overlay-opacity":"","overlay-gradient":""},"tablet":{"background-color":"var(--ast-global-color-5)","background-image":"","background-repeat":"repeat","background-position":"center center","background-size":"auto","background-attachment":"scroll","background-type":"","background-media":"","overlay-type":"","overlay-color":"","overlay-opacity":"","overlay-gradient":""},"mobile":{"background-color":"var(--ast-global-color-5)","background-image":"","background-repeat":"repeat","background-position":"center center","background-size":"auto","background-attachment":"scroll","background-type":"","background-media":"","overlay-type":"","overlay-color":"","overlay-opacity":"","overlay-gradient":""}}},"product_brand":[],"product_cat":[23],"product_tag":[113],"class_list":{"0":"post-3152","1":"product","2":"type-product","3":"status-publish","4":"has-post-thumbnail","6":"product_cat-clases-grabadas","7":"product_tag-brujula-galactica","8":"desktop-align-left","9":"tablet-align-left","10":"mobile-align-left","12":"first","13":"instock","14":"virtual","15":"purchasable","16":"product-type-simple"},"jetpack_sharing_enabled":true,"_links":{"self":[{"href":"https:\/\/sincro1320.com\/w\/wp-json\/wp\/v2\/product\/3152","targetHints":{"allow":["GET"]}}],"collection":[{"href":"https:\/\/sincro1320.com\/w\/wp-json\/wp\/v2\/product"}],"about":[{"href":"https:\/\/sincro1320.com\/w\/wp-json\/wp\/v2\/types\/product"}],"wp:featuredmedia":[{"embeddable":true,"href":"https:\/\/sincro1320.com\/w\/wp-json\/wp\/v2\/media\/3148"}],"wp:attachment":[{"href":"https:\/\/sincro1320.com\/w\/wp-json\/wp\/v2\/media?parent=3152"}],"wp:term":[{"taxonomy":"product_brand","embeddable":true,"href":"https:\/\/sincro1320.com\/w\/wp-json\/wp\/v2\/product_brand?post=3152"},{"taxonomy":"product_cat","embeddable":true,"href":"https:\/\/sincro1320.com\/w\/wp-json\/wp\/v2\/product_cat?post=3152"},{"taxonomy":"product_tag","embeddable":true,"href":"https:\/\/sincro1320.com\/w\/wp-json\/wp\/v2\/product_tag?post=3152"}],"curies":[{"name":"wp","href":"https:\/\/api.w.org\/{rel}","templated":true}]}}