{"id":2895,"date":"2025-07-10T19:04:55","date_gmt":"2025-07-10T22:04:55","guid":{"rendered":"https:\/\/sincro1320.com\/w\/?post_type=product&#038;p=2895"},"modified":"2026-03-27T10:07:19","modified_gmt":"2026-03-27T13:07:19","slug":"curso-anual-de-synchronotron-principiantes-el-lenguaje-de-la-telepatia","status":"publish","type":"product","link":"https:\/\/sincro1320.com\/w\/producto\/curso-anual-de-synchronotron-principiantes-el-lenguaje-de-la-telepatia\/","title":{"rendered":"Curso Anual de Synchronotr\u00f3n (PRINCIPIANTES): El lenguaje de la telepat\u00eda"},"content":{"rendered":"<div style=\"background-color: var(--background-color, #f9f9f9); border: 1px solid var(--border-color, #ddd); border-radius: 10px; padding: 20px; max-width: 600px; margin: 0 auto;\">\n<h4 style=\"text-align: center; color: #0a875a;\">EL LENGUAJE DE LA TELEPAT\u00cdA<\/h4>\n<p>&nbsp;<\/p>\n<div style=\"background-color: var(--box-background-color, #ffffff); border: 1px solid var(--border-color, #ddd); border-radius: 10px; padding: 15px; margin-bottom: 20px;\">\n<p style=\"line-height: 1.6;\">Maestra <strong>Marcela Maldonado, Mar Kin 80<\/strong>, directora de la escuela de maestros de la ley del tiempo Sincro1320.<\/p>\n<p style=\"line-height: 1.6;\">El <strong>PROP\u00d3SITO<\/strong> de este curso es conocer y aprender todos los temas del Synchronotr\u00f3n (Hunab Ku 21, Perceptor Holomental, C\u00e1lculos B\u00e1sicos) desde el principio, avanzando lentamente con los contenidos y la pr\u00e1ctica para incorporar el conocimiento sin prisa pero con la intenci\u00f3n de aplicarlo concretamente en la vida cotidiana.<\/p>\n<\/div>\n<div style=\"background-color: var(--box-background-color, #ffffff); border: 1px solid var(--border-color, #ddd); border-radius: 10px; padding: 15px; margin-bottom: 20px;\">\n<h3 style=\"color: #0a875a; margin-top: 0;\">Modalidad:<\/h3>\n<p style=\"line-height: 1.6;\">Se dicta en 2 ciclos de 4 lunas de 28 d\u00edas cada uno (8 lunas en total). En cada luna, un tema distinto. El primer ciclo comienza en agosto y finaliza en diciembre (lunas 2 a 5 del a\u00f1o). El segundo ciclo inicia en marzo y concluye en julio (lunas 9 a 12 del a\u00f1o).<\/p>\n<\/div>\n<div style=\"background-color: var(--box-background-color, #ffffff); border: 1px solid var(--border-color, #ddd); border-radius: 10px; padding: 15px; margin-bottom: 20px;\">\n<h3 style=\"color: #0a875a; margin-top: 0;\">Incluye:<\/h3>\n<ul style=\"line-height: 1.6; padding-left: 20px;\">\n<li>2 clases online por cada tema, los d\u00edas viernes a las 10 AM (hora Argentina). Las reuniones son en directo y quedan grabadas para ver en diferido durante 28 d\u00edas.<\/li>\n<li>Materiales b\u00e1sicos para el estudio y la pr\u00e1ctica.<\/li>\n<li>Propuesta de actividades y chat en Telegram para preguntas e intercambio.<\/li>\n<\/ul>\n<p style=\"line-height: 1.6;\"><strong>Para tener en cuenta:<\/strong> Synchronotron es uno de los temas principales de estudio que todo Maestro de la Ley del Tiempo debe conocer en profundidad. Este curso complementa el contenido b\u00e1sico acerca de este tema que se ofrece en los cursos G.0 y G.1.<\/p>\n<\/div>\n<div style=\"background-color: var(--box-background-color, #ffffff); border: 1px solid var(--border-color, #ddd); border-radius: 10px; padding: 15px; margin-bottom: 20px;\">\n<h3 style=\"color: #0a875a; margin-top: 0;\">Contenidos del curso anual:<\/h3>\n<h4 style=\"margin-bottom: 5px;\">Primer Ciclo (Primer Cuatri-luna)<\/h4>\n<ul style=\"line-height: 1.6; padding-left: 20px;\">\n<li><strong>Luna Lunar (23\/8 al 19\/9)<\/strong>: Bases hist\u00f3ricas y cosmol\u00f3gicas del Synchronotron. C\u00e1lculos B\u00e1sicos 1: matrices de coordinaci\u00f3n. La pr\u00e1ctica b\u00e1sica.<\/li>\n<li><strong>Luna El\u00e9ctrica (20\/9 al 17\/10)<\/strong>: Hunabku 21.1: bases hist\u00f3ricas y cosmol\u00f3gicas del \u00e1rbol de la vida y del conocimiento gal\u00e1ctico. El dise\u00f1o de Tollan en el tablero del juego y en el hol\u00f3n humano. C\u00e1lculos B\u00e1sicos 1: matrices de coordinaci\u00f3n. La pr\u00e1ctica b\u00e1sica.<\/li>\n<li><strong>Luna Autoexistente (18\/10 al 14\/11)<\/strong>: Hunabku 21.2: traves\u00eda arquet\u00edpica de los 21 arquetipos gal\u00e1cticos. C\u00e1lculos B\u00e1sicos 1: matrices de coordinaci\u00f3n. La pr\u00e1ctica b\u00e1sica.<\/li>\n<li><strong>Luna Entonada (15\/11 al 12\/12)<\/strong>: Hunabku 21.3: los 52 senderos de Tollan. C\u00e1lculos B\u00e1sicos 1: matrices de coordinaci\u00f3n. La pr\u00e1ctica b\u00e1sica.<\/li>\n<\/ul>\n<h4 style=\"margin-bottom: 5px; margin-top: 15px;\">Segundo Ciclo (Segundo Cuatri-luna)<\/h4>\n<ul style=\"line-height: 1.6; padding-left: 20px;\">\n<li><strong>Luna Solar (7\/3 al 3\/4)<\/strong>: C\u00e1lculos B\u00e1sicos 2: el Perceptor Holomental. Holon Humano.<\/li>\n<li><strong>Luna Planetaria (4\/4 al 1\/5)<\/strong>: C\u00e1lculos B\u00e1sicos 2: el Perceptor Holomental. Holon Humano.<\/li>\n<li><strong>Luna Espectral (2\/5 al 29\/5)<\/strong>: C\u00e1lculos B\u00e1sicos 3: el significado espiritual de los n\u00fameros. Lectura reflexiva de las sincronicidades.<\/li>\n<li><strong>Luna Cristal (30\/5 al 26\/6)<\/strong>: S\u00edntesis e integraci\u00f3n. Utilidad concreta y aplicaci\u00f3n de los resultados de la pr\u00e1ctica diaria.<\/li>\n<\/ul>\n<\/div>\n<div style=\"text-align: center; margin-top: 20px;\"><a style=\"display: flex; align-items: center; justify-content: center; text-decoration: none; background-color: #0a875a; color: #ffffff; padding: 15px 20px; border-radius: 5px; font-family: 'Poppins', sans-serif; font-size: 16px; font-weight: bold; width: 100%; box-sizing: border-box; line-height: 1;\" href=\"https:\/\/sincro1320.com\/w\/preguntas-y-contacto\/\" target=\"_blank\" rel=\"noopener\"><br \/>\n\u00bfDudas? Cont\u00e1ctanos<br \/>\n<\/a><\/div>\n<\/div>\n","protected":false},"excerpt":{"rendered":"<p>El PROP\u00d3SITO de este curso es conocer y aprender todos los temas del Synchronotr\u00f3n (Hunab Ku 21, Perceptor Holomental, C\u00e1lculos B\u00e1sicos).<\/p>\n","protected":false},"featured_media":3344,"template":"","meta":{"inline_featured_image":false,"site-sidebar-layout":"default","site-content-layout":"","ast-site-content-layout":"default","site-content-style":"default","site-sidebar-style":"default","ast-global-header-display":"","ast-banner-title-visibility":"","ast-main-header-display":"","ast-hfb-above-header-display":"","ast-hfb-below-header-display":"","ast-hfb-mobile-header-display":"","site-post-title":"","ast-breadcrumbs-content":"","ast-featured-img":"","footer-sml-layout":"","theme-transparent-header-meta":"default","adv-header-id-meta":"","stick-header-meta":"","header-above-stick-meta":"","header-main-stick-meta":"","header-below-stick-meta":"","astra-migrate-meta-layouts":"set","ast-page-background-enabled":"default","ast-page-background-meta":{"desktop":{"background-color":"","background-image":"","background-repeat":"repeat","background-position":"center center","background-size":"auto","background-attachment":"scroll","background-type":"","background-media":"","overlay-type":"","overlay-color":"","overlay-opacity":"","overlay-gradient":""},"tablet":{"background-color":"","background-image":"","background-repeat":"repeat","background-position":"center center","background-size":"auto","background-attachment":"scroll","background-type":"","background-media":"","overlay-type":"","overlay-color":"","overlay-opacity":"","overlay-gradient":""},"mobile":{"background-color":"","background-image":"","background-repeat":"repeat","background-position":"center center","background-size":"auto","background-attachment":"scroll","background-type":"","background-media":"","overlay-type":"","overlay-color":"","overlay-opacity":"","overlay-gradient":""}},"ast-content-background-meta":{"desktop":{"background-color":"var(--ast-global-color-5)","background-image":"","background-repeat":"repeat","background-position":"center center","background-size":"auto","background-attachment":"scroll","background-type":"","background-media":"","overlay-type":"","overlay-color":"","overlay-opacity":"","overlay-gradient":""},"tablet":{"background-color":"var(--ast-global-color-5)","background-image":"","background-repeat":"repeat","background-position":"center center","background-size":"auto","background-attachment":"scroll","background-type":"","background-media":"","overlay-type":"","overlay-color":"","overlay-opacity":"","overlay-gradient":""},"mobile":{"background-color":"var(--ast-global-color-5)","background-image":"","background-repeat":"repeat","background-position":"center center","background-size":"auto","background-attachment":"scroll","background-type":"","background-media":"","overlay-type":"","overlay-color":"","overlay-opacity":"","overlay-gradient":""}}},"product_brand":[],"product_cat":[111],"product_tag":[51],"class_list":{"0":"post-2895","1":"product","2":"type-product","3":"status-publish","4":"has-post-thumbnail","6":"product_cat-clases-online","7":"product_tag-synchronotron","8":"desktop-align-left","9":"tablet-align-left","10":"mobile-align-left","12":"first","13":"instock","14":"virtual","15":"purchasable","16":"product-type-simple"},"jetpack_sharing_enabled":true,"_links":{"self":[{"href":"https:\/\/sincro1320.com\/w\/wp-json\/wp\/v2\/product\/2895","targetHints":{"allow":["GET"]}}],"collection":[{"href":"https:\/\/sincro1320.com\/w\/wp-json\/wp\/v2\/product"}],"about":[{"href":"https:\/\/sincro1320.com\/w\/wp-json\/wp\/v2\/types\/product"}],"wp:featuredmedia":[{"embeddable":true,"href":"https:\/\/sincro1320.com\/w\/wp-json\/wp\/v2\/media\/3344"}],"wp:attachment":[{"href":"https:\/\/sincro1320.com\/w\/wp-json\/wp\/v2\/media?parent=2895"}],"wp:term":[{"taxonomy":"product_brand","embeddable":true,"href":"https:\/\/sincro1320.com\/w\/wp-json\/wp\/v2\/product_brand?post=2895"},{"taxonomy":"product_cat","embeddable":true,"href":"https:\/\/sincro1320.com\/w\/wp-json\/wp\/v2\/product_cat?post=2895"},{"taxonomy":"product_tag","embeddable":true,"href":"https:\/\/sincro1320.com\/w\/wp-json\/wp\/v2\/product_tag?post=2895"}],"curies":[{"name":"wp","href":"https:\/\/api.w.org\/{rel}","templated":true}]}}