{"id":2892,"date":"2025-07-10T18:56:27","date_gmt":"2025-07-10T21:56:27","guid":{"rendered":"https:\/\/sincro1320.com\/w\/?post_type=product&#038;p=2892"},"modified":"2026-03-27T10:07:37","modified_gmt":"2026-03-27T13:07:37","slug":"clases-del-juego-del-telektonon-principiantes-la-profecia-maya-sobre-el-final-de-los-tiempos-y-el-principio-de-una-nueva-era","status":"publish","type":"product","link":"https:\/\/sincro1320.com\/w\/producto\/clases-del-juego-del-telektonon-principiantes-la-profecia-maya-sobre-el-final-de-los-tiempos-y-el-principio-de-una-nueva-era\/","title":{"rendered":"Clases del Juego del Telektonon (PRINCIPIANTES): la profec\u00eda Maya sobre el final de los tiempos y el principio de una nueva era"},"content":{"rendered":"<div style=\"background-color: var(--background-color, #f9f9f9); border: 1px solid var(--border-color, #ddd); border-radius: 10px; padding: 20px; max-width: 600px; margin: 0 auto;\">\n<div style=\"background-color: var(--box-background-color, #ffffff); border: 1px solid var(--border-color, #ddd); border-radius: 10px; padding: 15px; margin-bottom: 20px;\">\n<p style=\"line-height: 1.6;\">Maestra <strong>Marcela Maldonado, Mar Kin 80<\/strong>, directora de la escuela de maestros de la ley del tiempo Sincro1320.<\/p>\n<p style=\"line-height: 1.6;\">El <strong>PROP\u00d3SITO<\/strong> de este curso es conocer la Profec\u00eda Maya sobre el final de los tiempos y el principio de una Nueva Era, la era \u201cno inscrita\u201d.<\/p>\n<p style=\"line-height: 1.6;\">Seg\u00fan se ha profetizado, el 21 de diciembre del 2012 se acab\u00f3 \u201cel falso tiempo\u201d en el que la humanidad se mantuvo prisionera del paradigma materialista tridimensional \u201ctiempo es dinero\u201d. Por eso, ahora estamos en una Nueva Tierra y tenemos la oportunidad de sembrar la semilla que traer\u00e1 amor, unidad, armon\u00eda, orden y belleza, Paz para todos, la Tierra Prometida.<\/p>\n<p style=\"line-height: 1.6;\">En este curso estudiamos la Profec\u00eda y su importancia para estos tiempos de cambio. Adem\u00e1s, aprendemos a jugar el juego que transforma nuestras vidas para siempre.<\/p>\n<\/div>\n<div style=\"background-color: var(--box-background-color, #ffffff); border: 1px solid var(--border-color, #ddd); border-radius: 10px; padding: 15px; margin-bottom: 20px;\">\n<h3 style=\"color: #0a875a; margin-top: 0;\">Modalidad:<\/h3>\n<p style=\"line-height: 1.6;\">Se dicta en 2 ciclos de 4 lunas de 28 d\u00edas cada uno (8 lunas en total). En cada luna, un tema distinto. El primer ciclo comienza en agosto y finaliza en diciembre (lunas 2 a 5 del a\u00f1o). El segundo ciclo inicia en marzo y concluye en julio (lunas 9 a 12 del a\u00f1o).<\/p>\n<\/div>\n<div style=\"background-color: var(--box-background-color, #ffffff); border: 1px solid var(--border-color, #ddd); border-radius: 10px; padding: 15px; margin-bottom: 20px;\">\n<h3 style=\"color: #0a875a; margin-top: 0;\">Incluye:<\/h3>\n<ul style=\"line-height: 1.6; padding-left: 20px;\">\n<li>2 clases online por cada tema, los d\u00edas lunes a las 18 hs (hora Argentina). Las reuniones son en directo y quedan grabadas para ver en diferido durante 28 d\u00edas.<\/li>\n<li>Materiales b\u00e1sicos para el juego.<\/li>\n<li>Propuesta de actividades y chat en Telegram para preguntas e intercambio.<\/li>\n<\/ul>\n<p style=\"line-height: 1.6;\">Se estudia el juego tradicional del ciclo hist\u00f3rico (Telektonon de Pacal Votan y Bolon Ik) y tambi\u00e9n su evoluci\u00f3n actual, el Telektonon de la Post Historia (Telektonon de la Reina Roja y el Caballero Azul).<\/p>\n<p style=\"line-height: 1.6;\"><strong>Para tener en cuenta:<\/strong> La Profec\u00eda del Telektonon es uno de los temas principales de estudio que todo Maestro de la Ley del Tiempo debe conocer en profundidad. Este curso complementa el contenido b\u00e1sico acerca de este tema que se ofrece en los cursos G.0 y G.1.<\/p>\n<\/div>\n<div style=\"background-color: var(--box-background-color, #ffffff); border: 1px solid var(--border-color, #ddd); border-radius: 10px; padding: 15px; margin-bottom: 20px;\">\n<h3 style=\"color: #0a875a; margin-top: 0;\">Contenidos del curso anual:<\/h3>\n<h4 style=\"margin-bottom: 5px;\">Primer Ciclo (Primer Cuatri-luna)<\/h4>\n<ul style=\"line-height: 1.6; padding-left: 20px;\">\n<li><strong>Luna Lunar (23\/8 al 19\/9)<\/strong>: Bases hist\u00f3ricas y psicom\u00edticas de la Profec\u00eda del Telektonon de Pacal Votan.<\/li>\n<li><strong>Luna El\u00e9ctrica (20\/9 al 17\/10)<\/strong>: Origen del juego del Telektonon tradicional. Evoluci\u00f3n: Telektonon de la Post-Historia.<\/li>\n<li><strong>Luna Autoexistente (18\/10 al 14\/11)<\/strong>: Estrategias del juego del Telektonon, la meditaci\u00f3n y pr\u00e1ctica del recorrido completo.<\/li>\n<li><strong>Luna Entonada (15\/11 al 12\/12)<\/strong>: Meditaci\u00f3n diaria del circuito biotelep\u00e1tico Telektonon: la traves\u00eda de la Reina Roja.<\/li>\n<\/ul>\n<h4 style=\"margin-bottom: 5px; margin-top: 15px;\">Segundo Ciclo (Segundo Cuatri-luna)<\/h4>\n<ul style=\"line-height: 1.6; padding-left: 20px;\">\n<li><strong>Luna Solar (7\/3 al 3\/4)<\/strong>: Cubo 369, el viaje de iluminaci\u00f3n de la Portadora de la Antorcha.<\/li>\n<li><strong>Luna Planetaria (4\/4 al 1\/5)<\/strong>: Respiraci\u00f3n Solar: el sistema estelar de Kinich Ahau.<\/li>\n<li><strong>Luna Espectral (2\/5 al 29\/5)<\/strong>: Pr\u00e1cticas 1: yoga synchrogal\u00e1ctico, runas n\u00f3rdicas, i-ching gal\u00e1ctico. Nivel Principiante.<\/li>\n<li><strong>Luna Cristal (30\/5 al 26\/6)<\/strong>: Pr\u00e1cticas 2: s\u00edntesis e integraci\u00f3n del recorrido completo. Nivel Principiante.<\/li>\n<\/ul>\n<\/div>\n<div style=\"text-align: center; margin-top: 20px;\"><a style=\"display: flex; align-items: center; justify-content: center; text-decoration: none; background-color: #0a875a; color: #ffffff; padding: 15px 20px; border-radius: 5px; font-family: 'Poppins', sans-serif; font-size: 16px; font-weight: bold; width: 100%; box-sizing: border-box; line-height: 1;\" href=\"https:\/\/sincro1320.com\/w\/preguntas-y-contacto\/\" target=\"_blank\" rel=\"noopener\"><br \/>\n\u00bfDudas? Cont\u00e1ctanos<br \/>\n<\/a><\/div>\n<\/div>\n","protected":false},"excerpt":{"rendered":"<p>El PROP\u00d3SITO de este curso es conocer la Profec\u00eda Maya sobre el final de los tiempos y el principio de una Nueva Era, la era \u201cno inscrita\u201d.<\/p>\n","protected":false},"featured_media":3345,"template":"","meta":{"inline_featured_image":false,"site-sidebar-layout":"default","site-content-layout":"","ast-site-content-layout":"default","site-content-style":"default","site-sidebar-style":"default","ast-global-header-display":"","ast-banner-title-visibility":"","ast-main-header-display":"","ast-hfb-above-header-display":"","ast-hfb-below-header-display":"","ast-hfb-mobile-header-display":"","site-post-title":"","ast-breadcrumbs-content":"","ast-featured-img":"","footer-sml-layout":"","theme-transparent-header-meta":"default","adv-header-id-meta":"","stick-header-meta":"","header-above-stick-meta":"","header-main-stick-meta":"","header-below-stick-meta":"","astra-migrate-meta-layouts":"set","ast-page-background-enabled":"default","ast-page-background-meta":{"desktop":{"background-color":"","background-image":"","background-repeat":"repeat","background-position":"center center","background-size":"auto","background-attachment":"scroll","background-type":"","background-media":"","overlay-type":"","overlay-color":"","overlay-opacity":"","overlay-gradient":""},"tablet":{"background-color":"","background-image":"","background-repeat":"repeat","background-position":"center center","background-size":"auto","background-attachment":"scroll","background-type":"","background-media":"","overlay-type":"","overlay-color":"","overlay-opacity":"","overlay-gradient":""},"mobile":{"background-color":"","background-image":"","background-repeat":"repeat","background-position":"center center","background-size":"auto","background-attachment":"scroll","background-type":"","background-media":"","overlay-type":"","overlay-color":"","overlay-opacity":"","overlay-gradient":""}},"ast-content-background-meta":{"desktop":{"background-color":"var(--ast-global-color-5)","background-image":"","background-repeat":"repeat","background-position":"center center","background-size":"auto","background-attachment":"scroll","background-type":"","background-media":"","overlay-type":"","overlay-color":"","overlay-opacity":"","overlay-gradient":""},"tablet":{"background-color":"var(--ast-global-color-5)","background-image":"","background-repeat":"repeat","background-position":"center center","background-size":"auto","background-attachment":"scroll","background-type":"","background-media":"","overlay-type":"","overlay-color":"","overlay-opacity":"","overlay-gradient":""},"mobile":{"background-color":"var(--ast-global-color-5)","background-image":"","background-repeat":"repeat","background-position":"center center","background-size":"auto","background-attachment":"scroll","background-type":"","background-media":"","overlay-type":"","overlay-color":"","overlay-opacity":"","overlay-gradient":""}}},"product_brand":[],"product_cat":[111],"product_tag":[70],"class_list":{"0":"post-2892","1":"product","2":"type-product","3":"status-publish","4":"has-post-thumbnail","6":"product_cat-clases-online","7":"product_tag-juego-del-telektonon","8":"desktop-align-left","9":"tablet-align-left","10":"mobile-align-left","12":"first","13":"instock","14":"virtual","15":"purchasable","16":"product-type-simple"},"jetpack_sharing_enabled":true,"_links":{"self":[{"href":"https:\/\/sincro1320.com\/w\/wp-json\/wp\/v2\/product\/2892","targetHints":{"allow":["GET"]}}],"collection":[{"href":"https:\/\/sincro1320.com\/w\/wp-json\/wp\/v2\/product"}],"about":[{"href":"https:\/\/sincro1320.com\/w\/wp-json\/wp\/v2\/types\/product"}],"wp:featuredmedia":[{"embeddable":true,"href":"https:\/\/sincro1320.com\/w\/wp-json\/wp\/v2\/media\/3345"}],"wp:attachment":[{"href":"https:\/\/sincro1320.com\/w\/wp-json\/wp\/v2\/media?parent=2892"}],"wp:term":[{"taxonomy":"product_brand","embeddable":true,"href":"https:\/\/sincro1320.com\/w\/wp-json\/wp\/v2\/product_brand?post=2892"},{"taxonomy":"product_cat","embeddable":true,"href":"https:\/\/sincro1320.com\/w\/wp-json\/wp\/v2\/product_cat?post=2892"},{"taxonomy":"product_tag","embeddable":true,"href":"https:\/\/sincro1320.com\/w\/wp-json\/wp\/v2\/product_tag?post=2892"}],"curies":[{"name":"wp","href":"https:\/\/api.w.org\/{rel}","templated":true}]}}