{"id":2878,"date":"2025-07-10T18:30:19","date_gmt":"2025-07-10T21:30:19","guid":{"rendered":"https:\/\/sincro1320.com\/w\/?post_type=product&#038;p=2878"},"modified":"2026-03-27T10:07:55","modified_gmt":"2026-03-27T13:07:55","slug":"g-0-estudio-basico-sobre-sincronario-de-las-13-lunas-y-tzolkin-para-principiantes","status":"publish","type":"product","link":"https:\/\/sincro1320.com\/w\/producto\/g-0-estudio-basico-sobre-sincronario-de-las-13-lunas-y-tzolkin-para-principiantes\/","title":{"rendered":"G.0 Estudio B\u00e1sico Sobre Sincronario de las 13 Lunas y Tzolkin para Principiantes"},"content":{"rendered":"<div style=\"background-color: var(--background-color, #f9f9f9); border: 1px solid var(--border-color, #ddd); border-radius: 10px; padding: 20px; max-width: 600px; margin: 0 auto;\">\n<div style=\"background-color: var(--box-background-color, #ffffff); border: 1px solid var(--border-color, #ddd); border-radius: 10px; padding: 15px; margin-bottom: 20px;\">\n<p style=\"line-height: 1.6;\">Maestra <strong>Marcela Maldonado, Mar Kin 80<\/strong>, directora de la escuela de maestros de la ley del tiempo Sincro1320.<\/p>\n<p style=\"line-height: 1.6;\">El <strong>PROP\u00d3SITO<\/strong> del G.0 es adquirir los c\u00f3digos b\u00e1sicos de la ley del tiempo: Sincronario de las 13 Lunas, Tzolkin Maya del Encantamiento del Sue\u00f1o, Kines, Or\u00e1culos y Ondas Encantadas. Esto te permitir\u00e1 sincronizar diariamente con el tiempo natural terrestre en armon\u00eda con el orden gal\u00e1ctico y c\u00f3smico. Tambi\u00e9n sabr\u00e1s c\u00f3mo hacer una lectura b\u00e1sica de energ\u00eda maya, prop\u00f3sito de vida y caracter\u00edsticas para la misi\u00f3n. Adem\u00e1s, luego podr\u00e1s elegir avanzar\/profundizar sobre todos estos temas en el grupo de estudios avanzados (G.1).<\/p>\n<\/div>\n<div style=\"background-color: var(--box-background-color, #ffffff); border: 1px solid var(--border-color, #ddd); border-radius: 10px; padding: 15px; margin-bottom: 20px;\">\n<h3 style=\"color: #0a875a; margin-top: 0;\">Modalidad:<\/h3>\n<p style=\"line-height: 1.6;\">Se dicta en 2 ciclos de 4 lunas de 28 d\u00edas cada uno (8 lunas en total). En cada luna, un tema distinto. El primer ciclo comienza en agosto y finaliza en diciembre (lunas 2 a 5 del a\u00f1o). El segundo ciclo inicia en marzo y concluye en julio (lunas 9 a 12 del a\u00f1o).<\/p>\n<\/div>\n<div style=\"background-color: var(--box-background-color, #ffffff); border: 1px solid var(--border-color, #ddd); border-radius: 10px; padding: 15px; margin-bottom: 20px;\">\n<h3 style=\"color: #0a875a; margin-top: 0;\">Incluye:<\/h3>\n<ul style=\"line-height: 1.6; padding-left: 20px;\">\n<li>2 clases online por cada tema, los d\u00edas lunes a las 10AM (hora Argentina). Las reuniones son en directo y quedan grabadas para ver en diferido durante 28 d\u00edas.<\/li>\n<li>Materiales b\u00e1sicos y propuesta de actividades.<\/li>\n<li>Chat en Telegram para preguntas e intercambio.<\/li>\n<\/ul>\n<\/div>\n<div style=\"background-color: var(--box-background-color, #ffffff); border: 1px solid var(--border-color, #ddd); border-radius: 10px; padding: 15px; margin-bottom: 20px;\">\n<h3 style=\"color: #0a875a; margin-top: 0;\">Al finalizar el curso:<\/h3>\n<p style=\"line-height: 1.6;\">Ser\u00e1s capaz de &#8220;poner la fecha&#8221; en la frecuencia 13:20 y definir la informaci\u00f3n del kin de cada d\u00eda. Tambi\u00e9n podr\u00e1s realizar cartas natales b\u00e1sicas a otras personas. Una vez concluido el G.0, puedes ingresar al grupo de estudios avanzados G.1 donde todos los temas se revisan en profundidad.<\/p>\n<\/div>\n<div style=\"background-color: var(--box-background-color, #ffffff); border: 1px solid var(--border-color, #ddd); border-radius: 10px; padding: 15px; margin-bottom: 20px;\">\n<h3 style=\"color: #0a875a; margin-top: 0;\">Certificaci\u00f3n:<\/h3>\n<p style=\"line-height: 1.6;\">Maestro de la Ley del Tiempo, Nivel 0<\/p>\n<p style=\"line-height: 1.6;\"><strong>\u00a1Atenci\u00f3n!<\/strong> Los chats del G.0 se disuelven al completar el ciclo, as\u00ed como tambi\u00e9n los videos de las clases entregadas.<\/p>\n<\/div>\n<div style=\"background-color: var(--box-background-color, #ffffff); border: 1px solid var(--border-color, #ddd); border-radius: 10px; padding: 15px; margin-bottom: 20px;\">\n<h3 style=\"color: #0a875a; margin-top: 0;\">Contenidos del curso anual:<\/h3>\n<h4 style=\"margin-bottom: 5px;\">Primer Ciclo (Primer Cuatri-luna)<\/h4>\n<ul style=\"line-height: 1.6; padding-left: 20px;\">\n<li><strong>Luna Lunar (23\/8 al 19\/9)<\/strong>: Orden C\u00edclico 1 \u2013 El anillo solar. Sincronario de las 13 Lunas como mapa de navegaci\u00f3n y planificaci\u00f3n anual.<\/li>\n<li><strong>Luna El\u00e9ctrica (20\/9 al 17\/10)<\/strong>: Orden Sincr\u00f3nico 1 \u2013 Tzolkin. Kines: los 20 sellos y los 13 tonos. Lectura de kin.<\/li>\n<li><strong>Luna Autoexistente (18\/10 al 14\/11)<\/strong>: Orden Prof\u00e9tico \u2013 Profec\u00eda Maya sobre el final de los tiempos. Bases Hist\u00f3ricas y Psicom\u00edticas del Telektonon.<\/li>\n<li><strong>Luna Entonada (15\/11 al 12\/12)<\/strong>: Orden Telep\u00e1tico 1 \u2013 Hunabku 21, los arquetipos gal\u00e1cticos y el modelo de renovaci\u00f3n de la cultura.<\/li>\n<\/ul>\n<h4 style=\"margin-bottom: 5px; margin-top: 15px;\">Segundo Ciclo (Segundo Cuatri-luna)<\/h4>\n<ul style=\"line-height: 1.6; padding-left: 20px;\">\n<li><strong>Luna Solar (7\/3 al 3\/4)<\/strong>: Orden Sincr\u00f3nico 2 \u2013 Ondas encantadas del Tzolkin. Dise\u00f1o, lectura e interpretaci\u00f3n de prop\u00f3sito, misi\u00f3n y destino. Meditaci\u00f3n Sincr\u00f3nica Creativa: los 13 tonos gal\u00e1cticos.<\/li>\n<li><strong>Luna Planetaria (4\/4 al 1\/5)<\/strong>: Orden C\u00edclico 2 \u2013 El anillo solar como una onda encantada de 13 lunas. Lectura e interpretaci\u00f3n de la onda encantada del servicio planetario.<\/li>\n<li><strong>Luna Espectral (2\/5 al 29\/5)<\/strong>: Orden Sincr\u00f3nico 3 \u2013 Tzolkin, ciclos del tiempo: arm\u00f3nicas, crom\u00e1ticas, hol\u00f3n planetario y familias terrestres, ondas encantadas, castillos, estaciones gal\u00e1cticas.<\/li>\n<li><strong>Luna Cristal (30\/5 al 26\/6)<\/strong>: Orden Telep\u00e1tico 2 \u2013 Synchronotr\u00f3n, matrices de coordinaci\u00f3n, UMB, perceptor holomental.<\/li>\n<\/ul>\n<\/div>\n<div style=\"text-align: center; margin-top: 20px;\"><a style=\"display: flex; align-items: center; justify-content: center; text-decoration: none; background-color: #0a875a; color: #ffffff; padding: 15px 20px; border-radius: 5px; font-family: 'Poppins', sans-serif; font-size: 16px; font-weight: bold; width: 100%; box-sizing: border-box; line-height: 1;\" href=\"https:\/\/sincro1320.com\/w\/preguntas-y-contacto\/\" target=\"_blank\" rel=\"noopener\"><br \/>\n\u00bfDudas? Cont\u00e1ctanos<br \/>\n<\/a><\/div>\n<\/div>\n","protected":false},"excerpt":{"rendered":"<p>El PROP\u00d3SITO del G.0 es adquirir los c\u00f3digos b\u00e1sicos de la ley del tiempo: Sincronario de las 13 Lunas, Tzolkin Maya del Encantamiento del Sue\u00f1o, Kines, Or\u00e1culos y Ondas Encantadas.<\/p>\n","protected":false},"featured_media":3343,"template":"","meta":{"inline_featured_image":false,"site-sidebar-layout":"default","site-content-layout":"","ast-site-content-layout":"default","site-content-style":"default","site-sidebar-style":"default","ast-global-header-display":"","ast-banner-title-visibility":"","ast-main-header-display":"","ast-hfb-above-header-display":"","ast-hfb-below-header-display":"","ast-hfb-mobile-header-display":"","site-post-title":"","ast-breadcrumbs-content":"","ast-featured-img":"","footer-sml-layout":"","theme-transparent-header-meta":"default","adv-header-id-meta":"","stick-header-meta":"","header-above-stick-meta":"","header-main-stick-meta":"","header-below-stick-meta":"","astra-migrate-meta-layouts":"set","ast-page-background-enabled":"default","ast-page-background-meta":{"desktop":{"background-color":"","background-image":"","background-repeat":"repeat","background-position":"center center","background-size":"auto","background-attachment":"scroll","background-type":"","background-media":"","overlay-type":"","overlay-color":"","overlay-opacity":"","overlay-gradient":""},"tablet":{"background-color":"","background-image":"","background-repeat":"repeat","background-position":"center center","background-size":"auto","background-attachment":"scroll","background-type":"","background-media":"","overlay-type":"","overlay-color":"","overlay-opacity":"","overlay-gradient":""},"mobile":{"background-color":"","background-image":"","background-repeat":"repeat","background-position":"center center","background-size":"auto","background-attachment":"scroll","background-type":"","background-media":"","overlay-type":"","overlay-color":"","overlay-opacity":"","overlay-gradient":""}},"ast-content-background-meta":{"desktop":{"background-color":"var(--ast-global-color-5)","background-image":"","background-repeat":"repeat","background-position":"center center","background-size":"auto","background-attachment":"scroll","background-type":"","background-media":"","overlay-type":"","overlay-color":"","overlay-opacity":"","overlay-gradient":""},"tablet":{"background-color":"var(--ast-global-color-5)","background-image":"","background-repeat":"repeat","background-position":"center center","background-size":"auto","background-attachment":"scroll","background-type":"","background-media":"","overlay-type":"","overlay-color":"","overlay-opacity":"","overlay-gradient":""},"mobile":{"background-color":"var(--ast-global-color-5)","background-image":"","background-repeat":"repeat","background-position":"center center","background-size":"auto","background-attachment":"scroll","background-type":"","background-media":"","overlay-type":"","overlay-color":"","overlay-opacity":"","overlay-gradient":""}}},"product_brand":[],"product_cat":[111],"product_tag":[44,26,28],"class_list":{"0":"post-2878","1":"product","2":"type-product","3":"status-publish","4":"has-post-thumbnail","6":"product_cat-clases-online","7":"product_tag-g0","8":"product_tag-sincronario-1320","9":"product_tag-tzolkin","10":"desktop-align-left","11":"tablet-align-left","12":"mobile-align-left","14":"first","15":"instock","16":"virtual","17":"purchasable","18":"product-type-simple"},"jetpack_sharing_enabled":true,"_links":{"self":[{"href":"https:\/\/sincro1320.com\/w\/wp-json\/wp\/v2\/product\/2878","targetHints":{"allow":["GET"]}}],"collection":[{"href":"https:\/\/sincro1320.com\/w\/wp-json\/wp\/v2\/product"}],"about":[{"href":"https:\/\/sincro1320.com\/w\/wp-json\/wp\/v2\/types\/product"}],"wp:featuredmedia":[{"embeddable":true,"href":"https:\/\/sincro1320.com\/w\/wp-json\/wp\/v2\/media\/3343"}],"wp:attachment":[{"href":"https:\/\/sincro1320.com\/w\/wp-json\/wp\/v2\/media?parent=2878"}],"wp:term":[{"taxonomy":"product_brand","embeddable":true,"href":"https:\/\/sincro1320.com\/w\/wp-json\/wp\/v2\/product_brand?post=2878"},{"taxonomy":"product_cat","embeddable":true,"href":"https:\/\/sincro1320.com\/w\/wp-json\/wp\/v2\/product_cat?post=2878"},{"taxonomy":"product_tag","embeddable":true,"href":"https:\/\/sincro1320.com\/w\/wp-json\/wp\/v2\/product_tag?post=2878"}],"curies":[{"name":"wp","href":"https:\/\/api.w.org\/{rel}","templated":true}]}}