{"id":2825,"date":"2025-06-12T18:01:47","date_gmt":"2025-06-12T21:01:47","guid":{"rendered":"https:\/\/sincro1320.com\/w\/?post_type=product&#038;p=2825"},"modified":"2025-06-12T18:54:50","modified_gmt":"2025-06-12T21:54:50","slug":"agenda-2025-2026-ano-semilla-resonante-amarilla","status":"publish","type":"product","link":"https:\/\/sincro1320.com\/w\/producto\/agenda-2025-2026-ano-semilla-resonante-amarilla\/","title":{"rendered":"Agenda 2025-2026 A\u00f1o Semilla Resonante Amarilla"},"content":{"rendered":"<div style=\"background-color: var(--box-background-color, #ffffff); border: 1px solid var(--border-color, #ddd); border-radius: 10px; padding: 15px; margin-bottom: 20px;\">\n<p>Esta no es una agenda ordinaria, de esas que est\u00e1n todas escritas para decirnos qu\u00e9 tenemos que hacer, cu\u00e1ndo y a qu\u00e9 hora.<\/p>\n<p>Esta es la agenda de la nueva era \u201cLa Era No Inscrita\u201d. Y por eso, es diferente a las agendas que todos conocen, porque no est\u00e1 escrita anticipando eventos sino que en realidad, es un libro m\u00e1gico que se va revelando al mismo tiempo que lo est\u00e1s viviendo.<\/p>\n<p>La agenda Sincro1320 se cre\u00f3 para que puedas registrar tu navegaci\u00f3n anual tal como se va presentando momento a momento, d\u00eda a d\u00eda, mientras sigues la cuenta de las 13 lunas y los 260 kines.<\/p>\n<\/div>\n<p><!-- Temas de Revisi\u00f3n y Actualizaci\u00f3n --><\/p>\n<div style=\"background-color: var(--box-background-color, #ffffff); border: 1px solid var(--border-color, #ddd); border-radius: 10px; padding: 15px; margin-bottom: 20px;\">\n<h3 style=\"color: #0a875a; margin-top: 0;\">\u00bfC\u00f3mo se usa? Es muy simple:<\/h3>\n<p><strong>SINCRON\u00cdZATE:<\/strong> abre tu agenda y escribe la fecha del d\u00eda seg\u00fan el sincronario de las 13 lunas. Dibuja, colorea, recita, canta, juega con la informaci\u00f3n.<\/p>\n<p><strong>REGISTRA SINCRONICIDADES:<\/strong> luego de la fecha, tu agenda est\u00e1 en blanco para que puedas registrar las sincronicidades y aventuras, las cosas que te van sucediendo, lugares, momentos, encuentros, frases, efem\u00e9rides, etc. Puedes hacerlo por escrito, dibujando, pegando im\u00e1genes o como mejor lo sientas!<\/p>\n<p><strong>AGENDA EVENTOS:<\/strong> la parte inferior de tu agenda est\u00e1 dise\u00f1ada para que puedas anotar tus citas y eventos programados con anticipaci\u00f3n para ese d\u00eda.<\/p>\n<p><strong>IDEAL PARA ALUMNOS DE LA ESCUELA<\/strong> porque es tu cuaderno de registro anual, pero tambi\u00e9n <strong>ES MARAVILLOSA Y SUPER PR\u00c1CTICA<\/strong> para <strong>CUALQUIERA QUE DESEE TENERLA.<\/strong><\/p>\n<\/div>\n<p><!-- Incluye --><\/p>\n<div style=\"background-color: var(--box-background-color, #ffffff); border: 1px solid var(--border-color, #ddd); border-radius: 10px; padding: 15px;\">\n<p style=\"line-height: 1.6; text-align: center;\"><strong><span style=\"color: #0a875a;\">Se entrega on line para imprimir y encuadernar en su lugar de residencia.<\/span><\/strong><\/p>\n<p style=\"text-align: center;\"><em>\u25cf 22 d\u00f3lares (para transferencia en Argentina, conversi\u00f3n a ARS en el momento del pago)<\/em><\/p>\n<\/div>\n<p><a style=\"display: flex; align-items: center; justify-content: center; text-decoration: none; background-color: #0a875a; color: #ffffff; padding: 15px 20px; border-radius: 5px; font-family: 'Poppins', sans-serif; font-size: 16px; font-weight: bold; width: 100%; box-sizing: border-box; line-height: 1;\" href=\"https:\/\/sincro1320.com\/w\/preguntas-y-contacto\/\" target=\"_blank\" rel=\"noopener\">\u00bfDudas? Cont\u00e1ctanos<br \/>\n<\/a><\/p>\n","protected":false},"excerpt":{"rendered":"<p>La agenda Sincro1320 se cre\u00f3 para que puedas registrar tu navegaci\u00f3n anual tal como se va presentando momento a momento, d\u00eda a d\u00eda, mientras sigues la cuenta de las 13 lunas y los 260 kines.<\/p>\n","protected":false},"featured_media":2826,"template":"","meta":{"inline_featured_image":false,"site-sidebar-layout":"default","site-content-layout":"","ast-site-content-layout":"default","site-content-style":"default","site-sidebar-style":"default","ast-global-header-display":"","ast-banner-title-visibility":"","ast-main-header-display":"","ast-hfb-above-header-display":"","ast-hfb-below-header-display":"","ast-hfb-mobile-header-display":"","site-post-title":"","ast-breadcrumbs-content":"","ast-featured-img":"","footer-sml-layout":"","theme-transparent-header-meta":"default","adv-header-id-meta":"","stick-header-meta":"","header-above-stick-meta":"","header-main-stick-meta":"","header-below-stick-meta":"","astra-migrate-meta-layouts":"set","ast-page-background-enabled":"default","ast-page-background-meta":{"desktop":{"background-color":"","background-image":"","background-repeat":"repeat","background-position":"center center","background-size":"auto","background-attachment":"scroll","background-type":"","background-media":"","overlay-type":"","overlay-color":"","overlay-opacity":"","overlay-gradient":""},"tablet":{"background-color":"","background-image":"","background-repeat":"repeat","background-position":"center center","background-size":"auto","background-attachment":"scroll","background-type":"","background-media":"","overlay-type":"","overlay-color":"","overlay-opacity":"","overlay-gradient":""},"mobile":{"background-color":"","background-image":"","background-repeat":"repeat","background-position":"center center","background-size":"auto","background-attachment":"scroll","background-type":"","background-media":"","overlay-type":"","overlay-color":"","overlay-opacity":"","overlay-gradient":""}},"ast-content-background-meta":{"desktop":{"background-color":"var(--ast-global-color-5)","background-image":"","background-repeat":"repeat","background-position":"center center","background-size":"auto","background-attachment":"scroll","background-type":"","background-media":"","overlay-type":"","overlay-color":"","overlay-opacity":"","overlay-gradient":""},"tablet":{"background-color":"var(--ast-global-color-5)","background-image":"","background-repeat":"repeat","background-position":"center center","background-size":"auto","background-attachment":"scroll","background-type":"","background-media":"","overlay-type":"","overlay-color":"","overlay-opacity":"","overlay-gradient":""},"mobile":{"background-color":"var(--ast-global-color-5)","background-image":"","background-repeat":"repeat","background-position":"center center","background-size":"auto","background-attachment":"scroll","background-type":"","background-media":"","overlay-type":"","overlay-color":"","overlay-opacity":"","overlay-gradient":""}}},"product_brand":[],"product_cat":[103,96],"product_tag":[107],"class_list":{"0":"post-2825","1":"product","2":"type-product","3":"status-publish","4":"has-post-thumbnail","6":"product_cat-descargables","7":"product_cat-productos","8":"product_tag-agenda","9":"desktop-align-left","10":"tablet-align-left","11":"mobile-align-left","13":"first","14":"instock","15":"shipping-taxable","16":"purchasable","17":"product-type-simple"},"jetpack_sharing_enabled":true,"_links":{"self":[{"href":"https:\/\/sincro1320.com\/w\/wp-json\/wp\/v2\/product\/2825"}],"collection":[{"href":"https:\/\/sincro1320.com\/w\/wp-json\/wp\/v2\/product"}],"about":[{"href":"https:\/\/sincro1320.com\/w\/wp-json\/wp\/v2\/types\/product"}],"wp:featuredmedia":[{"embeddable":true,"href":"https:\/\/sincro1320.com\/w\/wp-json\/wp\/v2\/media\/2826"}],"wp:attachment":[{"href":"https:\/\/sincro1320.com\/w\/wp-json\/wp\/v2\/media?parent=2825"}],"wp:term":[{"taxonomy":"product_brand","embeddable":true,"href":"https:\/\/sincro1320.com\/w\/wp-json\/wp\/v2\/product_brand?post=2825"},{"taxonomy":"product_cat","embeddable":true,"href":"https:\/\/sincro1320.com\/w\/wp-json\/wp\/v2\/product_cat?post=2825"},{"taxonomy":"product_tag","embeddable":true,"href":"https:\/\/sincro1320.com\/w\/wp-json\/wp\/v2\/product_tag?post=2825"}],"curies":[{"name":"wp","href":"https:\/\/api.w.org\/{rel}","templated":true}]}}