{"id":2823,"date":"2025-06-12T17:54:59","date_gmt":"2025-06-12T20:54:59","guid":{"rendered":"https:\/\/sincro1320.com\/w\/?post_type=product&#038;p=2823"},"modified":"2025-11-25T16:56:37","modified_gmt":"2025-11-25T19:56:37","slug":"viaje-de-iluminacion-cubo-369-enciende-la-llama-trina-de-tu-corazon","status":"publish","type":"product","link":"https:\/\/sincro1320.com\/w\/producto\/viaje-de-iluminacion-cubo-369-enciende-la-llama-trina-de-tu-corazon\/","title":{"rendered":"Viaje de Iluminaci\u00f3n Cubo 369: Enciende la llama trina de tu coraz\u00f3n"},"content":{"rendered":"<div style=\"background-color: var(--box-background-color, #ffffff); border: 1px solid var(--border-color, #ddd); border-radius: 10px; padding: 15px; margin-bottom: 20px;\">\n<h6 style=\"line-height: 1.6; text-align: center;\">16 d\u00edas de Meditaci\u00f3n y Pr\u00e1ctica guiada, siguiendo los pasos del cubo 369<br \/>\ndel juego del Telektonon, para alcanzar la iluminaci\u00f3n encendiendo la<br \/>\nllama trina de tu coraz\u00f3n cr\u00edstico.<\/h6>\n<\/div>\n<p><!-- Temas de Revisi\u00f3n y Actualizaci\u00f3n --><\/p>\n<div style=\"background-color: var(--box-background-color, #ffffff); border: 1px solid var(--border-color, #ddd); border-radius: 10px; padding: 15px; margin-bottom: 20px;\">\n<h3 style=\"color: #0a875a; margin-top: 0;\">\u00bfQu\u00e9 es?:<\/h3>\n<p>Es un viaje arquet\u00edpico de 16 pasos, 4 iniciaciones, para alcanzar la iluminaci\u00f3n encendiendo la llama trina de tu coraz\u00f3n cr\u00edstico. Asociado al juego del Telektonon, el CUBO 369 puede experimentarse como una poderosa estrategia para reclamar tu poder, la luz, el amor que eres y vivir en coherencia con eso.<\/p>\n<\/div>\n<p><!-- Incluye --><\/p>\n<div style=\"background-color: var(--box-background-color, #ffffff); border: 1px solid var(--border-color, #ddd); border-radius: 10px; padding: 15px; margin-bottom: 20px;\">\n<h3 style=\"color: #0a875a; margin-top: 0;\">El m\u00e9todo:<\/h3>\n<p>A trav\u00e9s de un ciclo de 16 meditaciones guiadas, recibes las 4 iniciaciones para \u201creunir todos los fragmentos\u201d y volver a unificarte. Este es un viaje de unificaci\u00f3n.<br \/>\nCada iniciaci\u00f3n consta de 4 meditaciones por medio de las cuales recuperas la CLARIDAD DE LA MENTE, EL ESPLENDOR DEL ESP\u00cdRITU, desobstruyes LA VOLUNTAD y entonces se enciende LA LLAMA TRINA de LUZ, AMOR Y PODER (mente, esp\u00edritu y voluntad divinos) en tu coraz\u00f3n cr\u00edstico.<br \/>\nSon 16 d\u00edas consecutivos de Meditaci\u00f3n Guiada, cada d\u00eda un paso de la Iniciaci\u00f3n. La meditaci\u00f3n incluye ejercicios simples para asumir la consciencia iluminada en tu vida cotidiana. En este viaje de iluminaci\u00f3n t\u00fa eres LA PORTADORA \/ EL PORTADOR DE LA ANTORCHA porque llevas la luz de tu coraz\u00f3n cr\u00edstico a todas partes donde vayas.<br \/>\nAl final del recorrido te conviertes en emisario\/a de un G\u00e9nesis, viviendo en coherencia tu mundo se vuelve unificado y por eso sientes armon\u00eda y Paz.<br \/>\nEsto es lo que ejemplificas, lo que contagias, lo que tu luz radia en el entorno donde est\u00e9s, transform\u00e1ndolo todo en el Amor.<\/p>\n<\/div>\n<p><!-- Incluye --><\/p>\n<div style=\"background-color: var(--box-background-color, #ffffff); border: 1px solid var(--border-color, #ddd); border-radius: 10px; padding: 15px; margin-bottom: 20px;\">\n<h3 style=\"color: #0a875a; margin-top: 0;\">Incluye:<\/h3>\n<ul style=\"line-height: 1.6; padding-left: 20px;\">\n<li style=\"list-style-type: none;\">\n<ul style=\"line-height: 1.6; padding-left: 20px;\">\n<li>16 audios con la meditaci\u00f3n guiada<\/li>\n<li>Gu\u00eda pr\u00e1ctica para realizar durante el d\u00eda<\/li>\n<li>16 cartas del juego del Telektonon, para el viaje de iluminaci\u00f3n CUBO 369<\/li>\n<li>No se requieren conocimientos previos.<\/li>\n<\/ul>\n<\/li>\n<\/ul>\n<\/div>\n<div style=\"background-color: var(--box-background-color, #ffffff); border: 1px solid var(--border-color, #ddd); border-radius: 10px; padding: 15px;\">\n<p style=\"line-height: 1.6; text-align: center;\"><span style=\"color: #0a875a;\">Con inscripci\u00f3n previa<\/span><\/p>\n<p style=\"text-align: center;\"><em>\u25cf55 d\u00f3lares (para transferencia en Argentina, conversi\u00f3n a ARS en el momento del pago)<\/em><\/p>\n<\/div>\n<p><a style=\"display: flex; align-items: center; justify-content: center; text-decoration: none; background-color: #0a875a; color: #ffffff; padding: 15px 20px; border-radius: 5px; font-family: 'Poppins', sans-serif; font-size: 16px; font-weight: bold; width: 100%; box-sizing: border-box; line-height: 1;\" href=\"https:\/\/sincro1320.com\/w\/preguntas-y-contacto\/\" target=\"_blank\" rel=\"noopener\">\u00bfDudas? Cont\u00e1ctanos<br \/>\n<\/a><\/p>\n","protected":false},"excerpt":{"rendered":"<p>16 d\u00edas de Meditaci\u00f3n y Pr\u00e1ctica guiada, siguiendo los pasos del cubo 369 del juego del Telektonon, para alcanzar la iluminaci\u00f3n encendiendo la llama trina de tu coraz\u00f3n cr\u00edstico.<br \/>\nGu\u00eda: Lic. Marcela Maldonado, Mar kin 80<\/p>\n","protected":false},"featured_media":2824,"template":"","meta":{"inline_featured_image":false,"site-sidebar-layout":"default","site-content-layout":"","ast-site-content-layout":"default","site-content-style":"default","site-sidebar-style":"default","ast-global-header-display":"","ast-banner-title-visibility":"","ast-main-header-display":"","ast-hfb-above-header-display":"","ast-hfb-below-header-display":"","ast-hfb-mobile-header-display":"","site-post-title":"","ast-breadcrumbs-content":"","ast-featured-img":"","footer-sml-layout":"","theme-transparent-header-meta":"default","adv-header-id-meta":"","stick-header-meta":"","header-above-stick-meta":"","header-main-stick-meta":"","header-below-stick-meta":"","astra-migrate-meta-layouts":"set","ast-page-background-enabled":"default","ast-page-background-meta":{"desktop":{"background-color":"","background-image":"","background-repeat":"repeat","background-position":"center center","background-size":"auto","background-attachment":"scroll","background-type":"","background-media":"","overlay-type":"","overlay-color":"","overlay-opacity":"","overlay-gradient":""},"tablet":{"background-color":"","background-image":"","background-repeat":"repeat","background-position":"center center","background-size":"auto","background-attachment":"scroll","background-type":"","background-media":"","overlay-type":"","overlay-color":"","overlay-opacity":"","overlay-gradient":""},"mobile":{"background-color":"","background-image":"","background-repeat":"repeat","background-position":"center center","background-size":"auto","background-attachment":"scroll","background-type":"","background-media":"","overlay-type":"","overlay-color":"","overlay-opacity":"","overlay-gradient":""}},"ast-content-background-meta":{"desktop":{"background-color":"var(--ast-global-color-5)","background-image":"","background-repeat":"repeat","background-position":"center center","background-size":"auto","background-attachment":"scroll","background-type":"","background-media":"","overlay-type":"","overlay-color":"","overlay-opacity":"","overlay-gradient":""},"tablet":{"background-color":"var(--ast-global-color-5)","background-image":"","background-repeat":"repeat","background-position":"center center","background-size":"auto","background-attachment":"scroll","background-type":"","background-media":"","overlay-type":"","overlay-color":"","overlay-opacity":"","overlay-gradient":""},"mobile":{"background-color":"var(--ast-global-color-5)","background-image":"","background-repeat":"repeat","background-position":"center center","background-size":"auto","background-attachment":"scroll","background-type":"","background-media":"","overlay-type":"","overlay-color":"","overlay-opacity":"","overlay-gradient":""}}},"product_brand":[],"product_cat":[31],"product_tag":[106,51],"class_list":{"0":"post-2823","1":"product","2":"type-product","3":"status-publish","4":"has-post-thumbnail","6":"product_cat-meditaciones","7":"product_tag-calculos-basicos-del-synchronotron","8":"product_tag-synchronotron","9":"desktop-align-left","10":"tablet-align-left","11":"mobile-align-left","13":"first","14":"instock","15":"shipping-taxable","16":"purchasable","17":"product-type-simple"},"jetpack_sharing_enabled":true,"_links":{"self":[{"href":"https:\/\/sincro1320.com\/w\/wp-json\/wp\/v2\/product\/2823","targetHints":{"allow":["GET"]}}],"collection":[{"href":"https:\/\/sincro1320.com\/w\/wp-json\/wp\/v2\/product"}],"about":[{"href":"https:\/\/sincro1320.com\/w\/wp-json\/wp\/v2\/types\/product"}],"wp:featuredmedia":[{"embeddable":true,"href":"https:\/\/sincro1320.com\/w\/wp-json\/wp\/v2\/media\/2824"}],"wp:attachment":[{"href":"https:\/\/sincro1320.com\/w\/wp-json\/wp\/v2\/media?parent=2823"}],"wp:term":[{"taxonomy":"product_brand","embeddable":true,"href":"https:\/\/sincro1320.com\/w\/wp-json\/wp\/v2\/product_brand?post=2823"},{"taxonomy":"product_cat","embeddable":true,"href":"https:\/\/sincro1320.com\/w\/wp-json\/wp\/v2\/product_cat?post=2823"},{"taxonomy":"product_tag","embeddable":true,"href":"https:\/\/sincro1320.com\/w\/wp-json\/wp\/v2\/product_tag?post=2823"}],"curies":[{"name":"wp","href":"https:\/\/api.w.org\/{rel}","templated":true}]}}