{"id":2790,"date":"2025-04-19T16:54:25","date_gmt":"2025-04-19T19:54:25","guid":{"rendered":"https:\/\/sincro1320.com\/w\/?post_type=product&#038;p=2790"},"modified":"2025-10-24T19:29:03","modified_gmt":"2025-10-24T22:29:03","slug":"calculos-basicos-del-synchronotron","status":"publish","type":"product","link":"https:\/\/sincro1320.com\/w\/producto\/calculos-basicos-del-synchronotron\/","title":{"rendered":"C\u00e1lculos b\u00e1sicos del Synchronotron"},"content":{"rendered":"<div style=\"background-color: var(--box-background-color, #ffffff); border: 1px solid var(--border-color, #ddd); border-radius: 10px; padding: 15px; margin-bottom: 20px;\">\n<h6 style=\"line-height: 1.6; text-align: center;\"><strong>Masterclass ON LINE, dedicada a c\u00e1lculos b\u00e1sicos del Synchronotron.<br \/>\n<\/strong>Comparte: Lic. Marcela Maldonado, Mar kin 80, directora de la escuela.<\/h6>\n<\/div>\n<p><!-- Temas de Revisi\u00f3n y Actualizaci\u00f3n --><\/p>\n<div style=\"background-color: var(--box-background-color, #ffffff); border: 1px solid var(--border-color, #ddd); border-radius: 10px; padding: 15px; margin-bottom: 20px;\">\n<h3 style=\"color: #0a875a; margin-top: 0;\">\u00bfQu\u00e9 es Synchronotron y para qu\u00e9 es \u00fatil estudiarlo?:<\/h3>\n<p>El Synchronotron es una tecnolog\u00eda natural cient\u00edfica, basada en el sistema de numeraci\u00f3n vigesimal, que consta del estudio, la pr\u00e1ctica y la meditaci\u00f3n de 5 matrices num\u00e9ricas que est\u00e1n coordinadas entre s\u00ed por los patrones de movimiento del orden sincr\u00f3nico que pueden ser accesibles diariamente a trav\u00e9s de la fecha del sincronario de las 13 lunas.<br \/>\nMeditar con las matrices del synchronotron es un ejercicio de evoluci\u00f3n consciente y expansi\u00f3n mental, que le permite a la humanidad romper con las limitaciones mentales para penetrar en diferentes niveles del ser, que permanecieron ocultos, dormidos, durante el ciclo hist\u00f3rico de 5.200 a\u00f1os.<br \/>\nPara practicar synchronotron no es necesario tener conocimientos previos, s\u00f3lo se requiere saber poner la fecha con el sincronario de las 13 lunas.<\/p>\n<\/div>\n<p><!-- Incluye --><\/p>\n<div style=\"background-color: var(--box-background-color, #ffffff); border: 1px solid var(--border-color, #ddd); border-radius: 10px; padding: 15px; margin-bottom: 20px;\">\n<h3 style=\"color: #0a875a; margin-top: 0;\">Contenidos:<\/h3>\n<ul style=\"line-height: 1.6; padding-left: 20px;\">\n<li style=\"list-style-type: none;\">\n<ul style=\"line-height: 1.6; padding-left: 20px;\">\n<li>CONTEXTO HIST\u00d3RICO Y CIENT\u00cdFICO DEL SYNCHRONOTRON<\/li>\n<li>DESCRIPCI\u00d3N Y UTILIDAD DE LAS 4 MATRICES COORDINADORAS<\/li>\n<li>DESCRIPCI\u00d3N SIMPLE DEL PERCEPTOR HOLOMENTAL<\/li>\n<li>PR\u00c1CTICA: C\u00c1LCULOS B\u00c1SICOS DEL SYNCHRONOTRON Y MEDITACI\u00d3N DE LOS RESULTADOS. APLICACI\u00d3N CONCRETA DEL SIGNIFICADO DE LOS N\u00daMEROS Y UBICACI\u00d3N EN EL HOL\u00d3N HUMANO<\/li>\n<\/ul>\n<\/li>\n<\/ul>\n<\/div>\n<p><!-- Incluye --><\/p>\n<div style=\"background-color: var(--box-background-color, #ffffff); border: 1px solid var(--border-color, #ddd); border-radius: 10px; padding: 15px; margin-bottom: 20px;\">\n<h3 style=\"color: #0a875a; margin-top: 0;\">Incluye:<\/h3>\n<ul style=\"line-height: 1.6; padding-left: 20px;\">\n<li style=\"list-style-type: none;\">\n<ul style=\"line-height: 1.6; padding-left: 20px;\">\n<li>Video de la Masterclass completa<\/li>\n<li>E-book con los contenidos te\u00f3ricos sintetizados<\/li>\n<li>Materiales para el estudio y la pr\u00e1ctica<\/li>\n<li>Chat de preguntas con la profesora<\/li>\n<\/ul>\n<\/li>\n<\/ul>\n<\/div>\n<div style=\"background-color: var(--box-background-color, #ffffff); border: 1px solid var(--border-color, #ddd); border-radius: 10px; padding: 15px;\">\n<p style=\"line-height: 1.6; text-align: center;\"><span style=\"color: #0a875a;\">Con inscripci\u00f3n previa<\/span><\/p>\n<p style=\"text-align: center;\"><em>\u25cf 55 d\u00f3lares (para transferencia en Argentina, conversi\u00f3n a ARS en el momento del pago)<\/em><br \/>\n<strong>GRATUITA para<\/strong>\u00a0<a href=\"https:\/\/sincro1320.com\/w\/producto\/membresia\/\">miembros del Club Sincro1320<\/a><br \/>\n<em>(practicantes activos de Synchronotr\u00f3n de la escuela)<\/em><\/p>\n<\/div>\n<p><a style=\"display: flex; align-items: center; justify-content: center; text-decoration: none; background-color: #0a875a; color: #ffffff; padding: 15px 20px; border-radius: 5px; font-family: 'Poppins', sans-serif; font-size: 16px; font-weight: bold; width: 100%; box-sizing: border-box; line-height: 1;\" href=\"https:\/\/sincro1320.com\/w\/preguntas-y-contacto\/\" target=\"_blank\" rel=\"noopener\">\u00bfDudas? Cont\u00e1ctanos<br \/>\n<\/a><\/p>\n","protected":false},"excerpt":{"rendered":"<h6 style=\"line-height: 1.6; text-align: center;\"><strong>Masterclass ON LINE, dedicada a c\u00e1lculos b\u00e1sicos del Synchronotron.<br \/>\n<\/strong>Comparte: Lic. Marcela Maldonado, Mar kin 80, directora de la escuela.<\/h6>\n","protected":false},"featured_media":2791,"template":"","meta":{"inline_featured_image":false,"site-sidebar-layout":"default","site-content-layout":"","ast-site-content-layout":"default","site-content-style":"default","site-sidebar-style":"default","ast-global-header-display":"","ast-banner-title-visibility":"","ast-main-header-display":"","ast-hfb-above-header-display":"","ast-hfb-below-header-display":"","ast-hfb-mobile-header-display":"","site-post-title":"","ast-breadcrumbs-content":"","ast-featured-img":"","footer-sml-layout":"","theme-transparent-header-meta":"default","adv-header-id-meta":"","stick-header-meta":"","header-above-stick-meta":"","header-main-stick-meta":"","header-below-stick-meta":"","astra-migrate-meta-layouts":"set","ast-page-background-enabled":"default","ast-page-background-meta":{"desktop":{"background-color":"","background-image":"","background-repeat":"repeat","background-position":"center center","background-size":"auto","background-attachment":"scroll","background-type":"","background-media":"","overlay-type":"","overlay-color":"","overlay-opacity":"","overlay-gradient":""},"tablet":{"background-color":"","background-image":"","background-repeat":"repeat","background-position":"center center","background-size":"auto","background-attachment":"scroll","background-type":"","background-media":"","overlay-type":"","overlay-color":"","overlay-opacity":"","overlay-gradient":""},"mobile":{"background-color":"","background-image":"","background-repeat":"repeat","background-position":"center center","background-size":"auto","background-attachment":"scroll","background-type":"","background-media":"","overlay-type":"","overlay-color":"","overlay-opacity":"","overlay-gradient":""}},"ast-content-background-meta":{"desktop":{"background-color":"var(--ast-global-color-5)","background-image":"","background-repeat":"repeat","background-position":"center center","background-size":"auto","background-attachment":"scroll","background-type":"","background-media":"","overlay-type":"","overlay-color":"","overlay-opacity":"","overlay-gradient":""},"tablet":{"background-color":"var(--ast-global-color-5)","background-image":"","background-repeat":"repeat","background-position":"center center","background-size":"auto","background-attachment":"scroll","background-type":"","background-media":"","overlay-type":"","overlay-color":"","overlay-opacity":"","overlay-gradient":""},"mobile":{"background-color":"var(--ast-global-color-5)","background-image":"","background-repeat":"repeat","background-position":"center center","background-size":"auto","background-attachment":"scroll","background-type":"","background-media":"","overlay-type":"","overlay-color":"","overlay-opacity":"","overlay-gradient":""}}},"product_brand":[],"product_cat":[49,47],"product_tag":[106,51],"class_list":{"0":"post-2790","1":"product","2":"type-product","3":"status-publish","4":"has-post-thumbnail","6":"product_cat-clases-especiales","7":"product_cat-masterclasses","8":"product_tag-calculos-basicos-del-synchronotron","9":"product_tag-synchronotron","10":"desktop-align-left","11":"tablet-align-left","12":"mobile-align-left","14":"first","15":"instock","16":"shipping-taxable","17":"purchasable","18":"product-type-simple"},"jetpack_sharing_enabled":true,"_links":{"self":[{"href":"https:\/\/sincro1320.com\/w\/wp-json\/wp\/v2\/product\/2790","targetHints":{"allow":["GET"]}}],"collection":[{"href":"https:\/\/sincro1320.com\/w\/wp-json\/wp\/v2\/product"}],"about":[{"href":"https:\/\/sincro1320.com\/w\/wp-json\/wp\/v2\/types\/product"}],"wp:featuredmedia":[{"embeddable":true,"href":"https:\/\/sincro1320.com\/w\/wp-json\/wp\/v2\/media\/2791"}],"wp:attachment":[{"href":"https:\/\/sincro1320.com\/w\/wp-json\/wp\/v2\/media?parent=2790"}],"wp:term":[{"taxonomy":"product_brand","embeddable":true,"href":"https:\/\/sincro1320.com\/w\/wp-json\/wp\/v2\/product_brand?post=2790"},{"taxonomy":"product_cat","embeddable":true,"href":"https:\/\/sincro1320.com\/w\/wp-json\/wp\/v2\/product_cat?post=2790"},{"taxonomy":"product_tag","embeddable":true,"href":"https:\/\/sincro1320.com\/w\/wp-json\/wp\/v2\/product_tag?post=2790"}],"curies":[{"name":"wp","href":"https:\/\/api.w.org\/{rel}","templated":true}]}}