{"id":2237,"date":"2024-11-26T18:05:37","date_gmt":"2024-11-26T18:05:37","guid":{"rendered":"https:\/\/sincro1320.com\/w\/?post_type=product&#038;p=2237"},"modified":"2025-10-24T19:26:51","modified_gmt":"2025-10-24T22:26:51","slug":"tu-kin-de-transito-y-mision-anual-revolucion-solar-lunar-galactica-anual","status":"publish","type":"product","link":"https:\/\/sincro1320.com\/w\/producto\/tu-kin-de-transito-y-mision-anual-revolucion-solar-lunar-galactica-anual\/","title":{"rendered":"Tu KIN de tr\u00e1nsito y misi\u00f3n anual: Revoluci\u00f3n Solar-Lunar-Gal\u00e1ctica Anual"},"content":{"rendered":"<p><span style=\"font-size: 16px;\">Cada vez que cumples a\u00f1os, el kin maya del d\u00eda de tu cumple se convierte en tu kin de tr\u00e1nsito anual y te entrega todas sus caracter\u00edsticas as\u00ed como tambi\u00e9n una misi\u00f3n anual con aprendizajes espec\u00edficos hasta tu pr\u00f3ximo cumplea\u00f1os.<\/span><\/p>\n<p><span style=\"font-size: 16px;\">Para obtener los detalles de tu Revoluci\u00f3n Solar-Lunar-Gal\u00e1ctica personal para todo el a\u00f1o, te ofrezco<\/span><strong style=\"font-size: 16px;\"> 3 modalidades<\/strong><span style=\"font-size: 16px;\">:<\/span><\/p>\n<div style=\"background-color: var(--background-color, #f9f9f9); border: 1px solid var(--border-color, #ddd); border-radius: 10px; padding: 20px; max-width: 600px; margin: 0 auto;\">\n<h5 style=\"text-align: center; margin-bottom: 20px;\">Modalidades<\/h5>\n<p><!-- Modalidad en Vivo --><\/p>\n<div style=\"background-color: var(--box-background-color, #ffffff); border: 1px solid var(--border-color, #ddd); border-radius: 10px; padding: 15px; margin-bottom: 20px;\">\n<h3 style=\"color: #0a875a; margin-top: 0;\">\u25cf Modalidad en Vivo<\/h3>\n<p style=\"line-height: 1.6;\">En una reuni\u00f3n online personalizada te explico tu <strong>kin maya<\/strong> y <strong>misi\u00f3n de vida<\/strong> seg\u00fan tu fecha de nacimiento.<\/p>\n<p style=\"line-height: 1.6;\"><strong>Duraci\u00f3n:<\/strong> Aproximadamente 1 hora y media.<br \/>\nIncluye: Grabaci\u00f3n de la reuni\u00f3n y un texto con im\u00e1genes ilustrativas.<\/p>\n<p style=\"font-weight: bold; text-align: right;\">INTERCAMBIO: 99 D\u00d3LARES<\/p>\n<\/div>\n<p><!-- Modalidad en Diferido --><\/p>\n<div style=\"background-color: var(--box-background-color, #ffffff); border: 1px solid var(--border-color, #ddd); border-radius: 10px; padding: 15px; margin-bottom: 20px;\">\n<h3 style=\"color: #0a875a; margin-top: 0;\">\u25cf Modalidad en Diferido<\/h3>\n<p style=\"line-height: 1.6;\">Te entrego un video explicativo sobre tu <strong>firma gal\u00e1ctica<\/strong>, <strong>kin<\/strong>, y <strong>misi\u00f3n de vida<\/strong> con im\u00e1genes complementarias.<\/p>\n<p style=\"line-height: 1.6;\">Incluye: Un PDF detallado con texto e im\u00e1genes para complementar la explicaci\u00f3n.<\/p>\n<p style=\"font-weight: bold; text-align: right;\">INTERCAMBIO: 55 D\u00d3LARES<\/p>\n<\/div>\n<p><!-- Modalidad Express --><\/p>\n<div style=\"background-color: var(--box-background-color, #ffffff); border: 1px solid var(--border-color, #ddd); border-radius: 10px; padding: 15px;\">\n<h3 style=\"color: #0a875a; margin-top: 0;\">\u25cf Modalidad Express<\/h3>\n<p style=\"line-height: 1.6;\">Te entrego un video corto con una s\u00edntesis sobre tu <strong>firma gal\u00e1ctica<\/strong>, <strong>kin<\/strong>, y <strong>misi\u00f3n de vida<\/strong>.<\/p>\n<p style=\"font-weight: bold; text-align: right;\">INTERCAMBIO: APORTE VOLUNTARIO<\/p>\n<\/div>\n<\/div>\n","protected":false},"excerpt":{"rendered":"<p>Tu firma gal\u00e1ctica es tu fecha de nacimiento convertida al tiempo natural 13:20 con el Sincronario de las 13 lunas Tzolkin Maya Gal\u00e1ctico. Como resultado, obtienes tu kin maya y misi\u00f3n de vida.<\/p>\n","protected":false},"featured_media":2191,"template":"","meta":{"inline_featured_image":false,"site-sidebar-layout":"default","site-content-layout":"","ast-site-content-layout":"default","site-content-style":"default","site-sidebar-style":"default","ast-global-header-display":"","ast-banner-title-visibility":"","ast-main-header-display":"","ast-hfb-above-header-display":"","ast-hfb-below-header-display":"","ast-hfb-mobile-header-display":"","site-post-title":"","ast-breadcrumbs-content":"","ast-featured-img":"","footer-sml-layout":"","theme-transparent-header-meta":"default","adv-header-id-meta":"","stick-header-meta":"","header-above-stick-meta":"","header-main-stick-meta":"","header-below-stick-meta":"","astra-migrate-meta-layouts":"set","ast-page-background-enabled":"default","ast-page-background-meta":{"desktop":{"background-color":"","background-image":"","background-repeat":"repeat","background-position":"center center","background-size":"auto","background-attachment":"scroll","background-type":"","background-media":"","overlay-type":"","overlay-color":"","overlay-opacity":"","overlay-gradient":""},"tablet":{"background-color":"","background-image":"","background-repeat":"repeat","background-position":"center center","background-size":"auto","background-attachment":"scroll","background-type":"","background-media":"","overlay-type":"","overlay-color":"","overlay-opacity":"","overlay-gradient":""},"mobile":{"background-color":"","background-image":"","background-repeat":"repeat","background-position":"center center","background-size":"auto","background-attachment":"scroll","background-type":"","background-media":"","overlay-type":"","overlay-color":"","overlay-opacity":"","overlay-gradient":""}},"ast-content-background-meta":{"desktop":{"background-color":"var(--ast-global-color-5)","background-image":"","background-repeat":"repeat","background-position":"center center","background-size":"auto","background-attachment":"scroll","background-type":"","background-media":"","overlay-type":"","overlay-color":"","overlay-opacity":"","overlay-gradient":""},"tablet":{"background-color":"var(--ast-global-color-5)","background-image":"","background-repeat":"repeat","background-position":"center center","background-size":"auto","background-attachment":"scroll","background-type":"","background-media":"","overlay-type":"","overlay-color":"","overlay-opacity":"","overlay-gradient":""},"mobile":{"background-color":"var(--ast-global-color-5)","background-image":"","background-repeat":"repeat","background-position":"center center","background-size":"auto","background-attachment":"scroll","background-type":"","background-media":"","overlay-type":"","overlay-color":"","overlay-opacity":"","overlay-gradient":""}}},"product_brand":[],"product_cat":[35],"product_tag":[57,61,58,59],"class_list":{"0":"post-2237","1":"product","2":"type-product","3":"status-publish","4":"has-post-thumbnail","6":"product_cat-sesiones","7":"product_tag-kin","8":"product_tag-kin-de-transito","9":"product_tag-kin-maya","10":"product_tag-mision-de-vida","11":"desktop-align-left","12":"tablet-align-left","13":"mobile-align-left","15":"first","16":"instock","17":"sale","18":"shipping-taxable","19":"purchasable","20":"product-type-variable"},"jetpack_sharing_enabled":true,"_links":{"self":[{"href":"https:\/\/sincro1320.com\/w\/wp-json\/wp\/v2\/product\/2237","targetHints":{"allow":["GET"]}}],"collection":[{"href":"https:\/\/sincro1320.com\/w\/wp-json\/wp\/v2\/product"}],"about":[{"href":"https:\/\/sincro1320.com\/w\/wp-json\/wp\/v2\/types\/product"}],"wp:featuredmedia":[{"embeddable":true,"href":"https:\/\/sincro1320.com\/w\/wp-json\/wp\/v2\/media\/2191"}],"wp:attachment":[{"href":"https:\/\/sincro1320.com\/w\/wp-json\/wp\/v2\/media?parent=2237"}],"wp:term":[{"taxonomy":"product_brand","embeddable":true,"href":"https:\/\/sincro1320.com\/w\/wp-json\/wp\/v2\/product_brand?post=2237"},{"taxonomy":"product_cat","embeddable":true,"href":"https:\/\/sincro1320.com\/w\/wp-json\/wp\/v2\/product_cat?post=2237"},{"taxonomy":"product_tag","embeddable":true,"href":"https:\/\/sincro1320.com\/w\/wp-json\/wp\/v2\/product_tag?post=2237"}],"curies":[{"name":"wp","href":"https:\/\/api.w.org\/{rel}","templated":true}]}}