{"id":2137,"date":"2024-11-25T17:50:10","date_gmt":"2024-11-25T17:50:10","guid":{"rendered":"https:\/\/sincro1320.com\/w\/?post_type=product&#038;p=2137"},"modified":"2025-04-01T19:08:28","modified_gmt":"2025-04-01T22:08:28","slug":"practicas-de-synchronotron","status":"publish","type":"product","link":"https:\/\/sincro1320.com\/w\/producto\/practicas-de-synchronotron\/","title":{"rendered":"Pr\u00e1cticas de Synchronotron"},"content":{"rendered":"<div style=\"background-color: var(--background-color, #f9f9f9); border: 1px solid var(--border-color, #ddd); border-radius: 10px; padding: 20px; max-width: 600px; margin: 0 auto;\">\n<h6 style=\"text-align: center; margin-bottom: 20px; color: #0a875a;\">Taller Puramente Pr\u00e1ctico de Synchronotron<\/h6>\n<p><!-- Descripci\u00f3n --><\/p>\n<div style=\"background-color: var(--box-background-color, #ffffff); border: 1px solid var(--border-color, #ddd); border-radius: 10px; padding: 15px; margin-bottom: 20px;\">\n<p style=\"line-height: 1.6;\">C\u00e1lculos b\u00e1sicos y meditaci\u00f3n de los resultados.<\/p>\n<\/div>\n<p><!-- Requisitos --><\/p>\n<div style=\"background-color: var(--box-background-color, #ffffff); border: 1px solid var(--border-color, #ddd); border-radius: 10px; padding: 15px; margin-bottom: 20px;\">\n<h3 style=\"color: #0a875a; margin-top: 0;\">Requisitos:<\/h3>\n<ul style=\"line-height: 1.6; padding-left: 20px;\">\n<li>Saber poner la fecha con el sincronario de las 13 lunas.<\/li>\n<li>Tener muchas ganas de jugar con n\u00fameros.<\/li>\n<\/ul>\n<\/div>\n<p><!-- Detalles --><\/p>\n<div style=\"background-color: var(--box-background-color, #ffffff); border: 1px solid var(--border-color, #ddd); border-radius: 10px; padding: 15px; margin-bottom: 20px;\">\n<h3 style=\"color: #0a875a; margin-top: 0;\">Detalles:<\/h3>\n<p style=\"line-height: 1.6;\"><strong>Duraci\u00f3n:<\/strong> 28 d\u00edas de pr\u00e1ctica.<br \/>\n<strong>Inicio:<\/strong> Lunes 10\/02 VCG.<\/p>\n<p style=\"line-height: 1.6;\">La pr\u00e1ctica incluye:<\/p>\n<ul style=\"padding-left: 20px; line-height: 1.6;\">\n<li>4 reuniones Zoom los lunes a las 10AM (hora de Argentina).<\/li>\n<li>Interacci\u00f3n diaria en el chat del equipo synchrotr\u00f3nico en Telegram.<\/li>\n<\/ul>\n<\/div>\n<p><!-- Coordinaci\u00f3n --><\/p>\n<div style=\"background-color: var(--box-background-color, #ffffff); border: 1px solid var(--border-color, #ddd); border-radius: 10px; padding: 15px; margin-bottom: 20px;\">\n<h3 style=\"color: #0a875a; margin-top: 0;\">Coordinaci\u00f3n:<\/h3>\n<p style=\"line-height: 1.6; text-align: center;\"><strong>Marcela Maldonado<\/strong> &#8211; Mar kin 80<\/p>\n<\/div>\n<p><!-- Pase libre --><\/p>\n<div style=\"background-color: var(--box-background-color, #ffffff); border: 1px solid var(--border-color, #ddd); border-radius: 10px; padding: 15px; text-align: center;\">\n<p style=\"line-height: 1.6;\"><strong>Pase libre para miembros del Club Sincro1320<\/strong><\/p>\n<\/div>\n<\/div>\n<div style=\"text-align: center; margin-top: 20px;\"><a style=\"display: flex; align-items: center; justify-content: center; text-decoration: none; background-color: #0a875a; color: #ffffff; padding: 15px 20px; border-radius: 5px; font-family: 'Poppins', sans-serif; font-size: 16px; font-weight: bold; width: 100%; box-sizing: border-box; line-height: 1;\" href=\"https:\/\/sincro1320.com\/w\/preguntas-y-contacto\/\" target=\"_blank\" rel=\"noopener\"><br \/>\n<\/a>&nbsp;<\/p>\n<p><a style=\"display: flex; align-items: center; justify-content: center; text-decoration: none; background-color: #0a875a; color: #ffffff; padding: 15px 20px; border-radius: 5px; font-family: 'Poppins', sans-serif; font-size: 16px; font-weight: bold; width: 100%; box-sizing: border-box; line-height: 1;\" href=\"https:\/\/sincro1320.com\/w\/preguntas-y-contacto\/\" target=\"_blank\" rel=\"noopener\"><br \/>\n\u00bfDudas? Cont\u00e1ctanos<br \/>\n<\/a><\/div>\n","protected":false},"excerpt":{"rendered":"<p>Taller Puramente Pr\u00e1ctico de Synchronotron, c\u00e1lculos b\u00e1sicos y meditaci\u00f3n de los resultados<\/p>\n","protected":false},"featured_media":2138,"template":"","meta":{"inline_featured_image":false,"site-sidebar-layout":"default","site-content-layout":"","ast-site-content-layout":"default","site-content-style":"default","site-sidebar-style":"default","ast-global-header-display":"","ast-banner-title-visibility":"","ast-main-header-display":"","ast-hfb-above-header-display":"","ast-hfb-below-header-display":"","ast-hfb-mobile-header-display":"","site-post-title":"","ast-breadcrumbs-content":"","ast-featured-img":"","footer-sml-layout":"","theme-transparent-header-meta":"default","adv-header-id-meta":"","stick-header-meta":"","header-above-stick-meta":"","header-main-stick-meta":"","header-below-stick-meta":"","astra-migrate-meta-layouts":"set","ast-page-background-enabled":"default","ast-page-background-meta":{"desktop":{"background-color":"","background-image":"","background-repeat":"repeat","background-position":"center center","background-size":"auto","background-attachment":"scroll","background-type":"","background-media":"","overlay-type":"","overlay-color":"","overlay-opacity":"","overlay-gradient":""},"tablet":{"background-color":"","background-image":"","background-repeat":"repeat","background-position":"center center","background-size":"auto","background-attachment":"scroll","background-type":"","background-media":"","overlay-type":"","overlay-color":"","overlay-opacity":"","overlay-gradient":""},"mobile":{"background-color":"","background-image":"","background-repeat":"repeat","background-position":"center center","background-size":"auto","background-attachment":"scroll","background-type":"","background-media":"","overlay-type":"","overlay-color":"","overlay-opacity":"","overlay-gradient":""}},"ast-content-background-meta":{"desktop":{"background-color":"var(--ast-global-color-5)","background-image":"","background-repeat":"repeat","background-position":"center center","background-size":"auto","background-attachment":"scroll","background-type":"","background-media":"","overlay-type":"","overlay-color":"","overlay-opacity":"","overlay-gradient":""},"tablet":{"background-color":"var(--ast-global-color-5)","background-image":"","background-repeat":"repeat","background-position":"center center","background-size":"auto","background-attachment":"scroll","background-type":"","background-media":"","overlay-type":"","overlay-color":"","overlay-opacity":"","overlay-gradient":""},"mobile":{"background-color":"var(--ast-global-color-5)","background-image":"","background-repeat":"repeat","background-position":"center center","background-size":"auto","background-attachment":"scroll","background-type":"","background-media":"","overlay-type":"","overlay-color":"","overlay-opacity":"","overlay-gradient":""}}},"product_brand":[],"product_cat":[48],"product_tag":[51,52],"class_list":{"0":"post-2137","1":"product","2":"type-product","3":"status-publish","4":"has-post-thumbnail","6":"product_cat-talleres","7":"product_tag-synchronotron","8":"product_tag-talleres","9":"desktop-align-left","10":"tablet-align-left","11":"mobile-align-left","13":"first","14":"instock","15":"shipping-taxable","16":"purchasable","17":"product-type-simple"},"jetpack_sharing_enabled":true,"_links":{"self":[{"href":"https:\/\/sincro1320.com\/w\/wp-json\/wp\/v2\/product\/2137","targetHints":{"allow":["GET"]}}],"collection":[{"href":"https:\/\/sincro1320.com\/w\/wp-json\/wp\/v2\/product"}],"about":[{"href":"https:\/\/sincro1320.com\/w\/wp-json\/wp\/v2\/types\/product"}],"wp:featuredmedia":[{"embeddable":true,"href":"https:\/\/sincro1320.com\/w\/wp-json\/wp\/v2\/media\/2138"}],"wp:attachment":[{"href":"https:\/\/sincro1320.com\/w\/wp-json\/wp\/v2\/media?parent=2137"}],"wp:term":[{"taxonomy":"product_brand","embeddable":true,"href":"https:\/\/sincro1320.com\/w\/wp-json\/wp\/v2\/product_brand?post=2137"},{"taxonomy":"product_cat","embeddable":true,"href":"https:\/\/sincro1320.com\/w\/wp-json\/wp\/v2\/product_cat?post=2137"},{"taxonomy":"product_tag","embeddable":true,"href":"https:\/\/sincro1320.com\/w\/wp-json\/wp\/v2\/product_tag?post=2137"}],"curies":[{"name":"wp","href":"https:\/\/api.w.org\/{rel}","templated":true}]}}