{"id":1709,"date":"2024-10-02T15:56:41","date_gmt":"2024-10-02T15:56:41","guid":{"rendered":"https:\/\/sincro1320.com\/?post_type=product&#038;p=1709"},"modified":"2025-04-01T19:18:36","modified_gmt":"2025-04-01T22:18:36","slug":"coaching-para-la-manifestacion-de-suenos","status":"publish","type":"product","link":"https:\/\/sincro1320.com\/w\/producto\/coaching-para-la-manifestacion-de-suenos\/","title":{"rendered":"Coaching para la Manifestaci\u00f3n de Sue\u00f1os"},"content":{"rendered":"<p>En una serie de 13 sesiones on line que realizamos en fechas coordinadas individualmente, te acompan\u0303o en el planteamiento de metas, la definicio\u0301n del plan de accio\u0301n para alcanzarlas y en el recorrido consciente hacia la manifestacio\u0301n de tu suen\u0303o.<\/p>\n<h3>No se requieren conocimientos previos para participar.<\/h3>\n<h6><\/h6>\n<h6><em>Incluye:<\/em><\/h6>\n<ul>\n<li>13 reuniones personalizadas y la grabacio\u0301n de las mismas.<\/li>\n<li>Meditaciones y ejercicios de empoderamiento para las distintas etapas del proceso<\/li>\n<li>Apoyo audiovisual especi\u0301fico.<\/li>\n<li>Chat personal con la coach para comentarios y dudas durante el proceso.<\/li>\n<\/ul>\n<h4 style=\"text-align: right;\">INTERCAMBIO: 167 DOLARES<\/h4>\n<p style=\"text-align: right;\">POR EL CICLO COMPLETO DE 13 SESIONES ON LINE PERSONALIZADA<\/p>\n<p>&nbsp;<\/p>\n<p>Coach, <strong>Lic. Marcela Maldonado<\/strong>, Mar kin 80 directora de la Escuela Sincro1320<\/p>\n<div style=\"text-align: center; margin-top: 20px;\"><a style=\"display: flex; align-items: center; justify-content: center; text-decoration: none; background-color: #0a875a; color: #ffffff; padding: 15px 20px; border-radius: 5px; font-family: 'Poppins', sans-serif; font-size: 16px; font-weight: bold; width: 100%; box-sizing: border-box; line-height: 1;\" href=\"https:\/\/sincro1320.com\/w\/preguntas-y-contacto\/\" target=\"_blank\" rel=\"noopener\"><br \/>\n<span style=\"display: flex; align-items: center; margin-right: 10px;\"><\/p>\n<p><\/span><br \/>\n\u00bfDudas? Cont\u00e1ctanos<br \/>\n<\/a><\/div>\n","protected":false},"excerpt":{"rendered":"<p>En una serie de 13 sesiones on line que realizamos en fechas coordinadas individualmente, te acompa\u00f1o en el planteamiento de metas, la definici\u00f3n del plan de acci\u00f3n para alcanzarlas y en el recorrido consciente hacia la manifestaci\u00f3n de tu sue\u00f1o<\/p>\n","protected":false},"featured_media":1710,"template":"","meta":{"inline_featured_image":false,"site-sidebar-layout":"default","site-content-layout":"","ast-site-content-layout":"default","site-content-style":"default","site-sidebar-style":"default","ast-global-header-display":"","ast-banner-title-visibility":"","ast-main-header-display":"","ast-hfb-above-header-display":"","ast-hfb-below-header-display":"","ast-hfb-mobile-header-display":"","site-post-title":"","ast-breadcrumbs-content":"","ast-featured-img":"","footer-sml-layout":"","theme-transparent-header-meta":"default","adv-header-id-meta":"","stick-header-meta":"","header-above-stick-meta":"","header-main-stick-meta":"","header-below-stick-meta":"","astra-migrate-meta-layouts":"set","ast-page-background-enabled":"default","ast-page-background-meta":{"desktop":{"background-color":"","background-image":"","background-repeat":"repeat","background-position":"center center","background-size":"auto","background-attachment":"scroll","background-type":"","background-media":"","overlay-type":"","overlay-color":"","overlay-opacity":"","overlay-gradient":""},"tablet":{"background-color":"","background-image":"","background-repeat":"repeat","background-position":"center center","background-size":"auto","background-attachment":"scroll","background-type":"","background-media":"","overlay-type":"","overlay-color":"","overlay-opacity":"","overlay-gradient":""},"mobile":{"background-color":"","background-image":"","background-repeat":"repeat","background-position":"center center","background-size":"auto","background-attachment":"scroll","background-type":"","background-media":"","overlay-type":"","overlay-color":"","overlay-opacity":"","overlay-gradient":""}},"ast-content-background-meta":{"desktop":{"background-color":"var(--ast-global-color-5)","background-image":"","background-repeat":"repeat","background-position":"center center","background-size":"auto","background-attachment":"scroll","background-type":"","background-media":"","overlay-type":"","overlay-color":"","overlay-opacity":"","overlay-gradient":""},"tablet":{"background-color":"var(--ast-global-color-5)","background-image":"","background-repeat":"repeat","background-position":"center center","background-size":"auto","background-attachment":"scroll","background-type":"","background-media":"","overlay-type":"","overlay-color":"","overlay-opacity":"","overlay-gradient":""},"mobile":{"background-color":"var(--ast-global-color-5)","background-image":"","background-repeat":"repeat","background-position":"center center","background-size":"auto","background-attachment":"scroll","background-type":"","background-media":"","overlay-type":"","overlay-color":"","overlay-opacity":"","overlay-gradient":""}}},"product_brand":[],"product_cat":[35],"product_tag":[36,55,37],"class_list":{"0":"post-1709","1":"product","2":"type-product","3":"status-publish","4":"has-post-thumbnail","6":"product_cat-sesiones","7":"product_tag-coaching","8":"product_tag-manifestacion","9":"product_tag-suenos","10":"desktop-align-left","11":"tablet-align-left","12":"mobile-align-left","14":"first","15":"instock","16":"shipping-taxable","17":"purchasable","18":"product-type-simple"},"jetpack_sharing_enabled":true,"_links":{"self":[{"href":"https:\/\/sincro1320.com\/w\/wp-json\/wp\/v2\/product\/1709","targetHints":{"allow":["GET"]}}],"collection":[{"href":"https:\/\/sincro1320.com\/w\/wp-json\/wp\/v2\/product"}],"about":[{"href":"https:\/\/sincro1320.com\/w\/wp-json\/wp\/v2\/types\/product"}],"wp:featuredmedia":[{"embeddable":true,"href":"https:\/\/sincro1320.com\/w\/wp-json\/wp\/v2\/media\/1710"}],"wp:attachment":[{"href":"https:\/\/sincro1320.com\/w\/wp-json\/wp\/v2\/media?parent=1709"}],"wp:term":[{"taxonomy":"product_brand","embeddable":true,"href":"https:\/\/sincro1320.com\/w\/wp-json\/wp\/v2\/product_brand?post=1709"},{"taxonomy":"product_cat","embeddable":true,"href":"https:\/\/sincro1320.com\/w\/wp-json\/wp\/v2\/product_cat?post=1709"},{"taxonomy":"product_tag","embeddable":true,"href":"https:\/\/sincro1320.com\/w\/wp-json\/wp\/v2\/product_tag?post=1709"}],"curies":[{"name":"wp","href":"https:\/\/api.w.org\/{rel}","templated":true}]}}