{"id":2557,"date":"2025-02-04T19:49:23","date_gmt":"2025-02-04T22:49:23","guid":{"rendered":"https:\/\/sincro1320.com\/w\/?page_id=2557"},"modified":"2026-03-18T11:32:56","modified_gmt":"2026-03-18T14:32:56","slug":"tienda","status":"publish","type":"page","link":"https:\/\/sincro1320.com\/w\/tienda\/","title":{"rendered":"Tienda"},"content":{"rendered":"\t\t<div data-elementor-type=\"wp-page\" data-elementor-id=\"2557\" class=\"elementor elementor-2557\" data-elementor-post-type=\"page\">\n\t\t\t\t<div class=\"elementor-element elementor-element-9f27e08 e-con-full e-flex e-con e-parent\" data-id=\"9f27e08\" data-element_type=\"container\" data-settings=\"{&quot;background_background&quot;:&quot;classic&quot;}\">\n\t\t\t\t<div class=\"elementor-element elementor-element-34b7b0c elementor-widget elementor-widget-heading\" data-id=\"34b7b0c\" data-element_type=\"widget\" data-widget_type=\"heading.default\">\n\t\t\t\t<div class=\"elementor-widget-container\">\n\t\t\t\t\t<h2 class=\"elementor-heading-title elementor-size-default\">TIENDA<\/h2>\t\t\t\t<\/div>\n\t\t\t\t<\/div>\n\t\t\t\t<div class=\"elementor-element elementor-element-2f04d24 elementor-widget elementor-widget-text-editor\" data-id=\"2f04d24\" data-element_type=\"widget\" data-widget_type=\"text-editor.default\">\n\t\t\t\t<div class=\"elementor-widget-container\">\n\t\t\t\t\t\t\t\t\t<p>Tu espacio para elevar la vibraci\u00f3n y alinearte con el tiempo..<\/p>\t\t\t\t\t\t\t\t<\/div>\n\t\t\t\t<\/div>\n\t\t\t\t<\/div>\n\t\t<div class=\"elementor-element elementor-element-ab0a858 e-flex e-con-boxed e-con e-parent\" data-id=\"ab0a858\" data-element_type=\"container\" data-settings=\"{&quot;background_background&quot;:&quot;classic&quot;}\">\n\t\t\t\t\t<div class=\"e-con-inner\">\n\t\t\t\t<div class=\"elementor-element elementor-element-6949065 eael-product-gallery-column-mobile-1 eael-product-gallery-column-3 elementor-widget elementor-widget-eael-woo-product-gallery\" data-id=\"6949065\" data-element_type=\"widget\" data-widget_type=\"eael-woo-product-gallery.default\">\n\t\t\t\t<div class=\"elementor-widget-container\">\n\t\t\t\t\t\n        <div class=\"eael-product-gallery eael-product-preset-4 grid eael-terms-layout-horizontal\" id=\"eael-product-gallery\" data-widget-id=\"6949065\" data-page-id=\"2557\" data-nonce=\"a60387a97f\" >\n\t\t\t<ul class=\"eael-cat-tab\" data-layout=\"grid\" data-template=\"{&quot;dir&quot;:&quot;lite&quot;,&quot;file_name&quot;:&quot;default.php&quot;,&quot;name&quot;:&quot;Woo-Product-Gallery&quot;}\" data-nonce=\"a60387a97f\" data-page-id=\"2557\" data-widget-id=\"6949065\" data-widget=\"6949065\" data-class=\"Essential_Addons_Elementor\\Elements\\Woo_Product_Gallery\" data-args=\"post_type=product&amp;post_status%5B0%5D=publish&amp;post_status%5B1%5D=pending&amp;post_status%5B2%5D=future&amp;posts_per_page=3&amp;order=desc&amp;offset=0&amp;tax_query%5Brelation%5D=AND&amp;tax_query%5B0%5D%5Btaxonomy%5D=product_visibility&amp;tax_query%5B0%5D%5Bfield%5D=name&amp;tax_query%5B0%5D%5Bterms%5D%5B0%5D=exclude-from-search&amp;tax_query%5B0%5D%5Bterms%5D%5B1%5D=exclude-from-catalog&amp;tax_query%5B0%5D%5Boperator%5D=NOT+IN&amp;tax_query%5B1%5D%5Brelation%5D=OR&amp;tax_query%5B1%5D%5B0%5D%5Btaxonomy%5D=product_cat&amp;tax_query%5B1%5D%5B0%5D%5Bfield%5D=term_id&amp;tax_query%5B1%5D%5B0%5D%5Bterms%5D=114&amp;tax_query%5B1%5D%5B0%5D%5Boperator%5D=IN&amp;orderby=date&amp;meta_query%5Brelation%5D=AND&amp;meta_query%5B0%5D%5Bkey%5D=_stock_status&amp;meta_query%5B0%5D%5Bvalue%5D=instock\" data-page=\"1\"><li><a href=\"javascript:;\" data-page=\"1\" data-taxonomy=\"product_cat\" data-terms='[\"tienda\"]' data-id=\"114\" class=\"post-list-filter-item \">Tienda<\/a><\/li><\/ul>\n            <div class=\"woocommerce\">\n\t\t\t\t<ul class=\"products eael-post-appender eael-post-appender-6949065\" data-layout-mode=\"grid\" data-ssi-desktop=\"no\" >        <li class=\"product \">\n                        <div class=\"eael-product-wrap\" data-src=\"\" data-src-hover=\"\" >\n\t        <span class=\"eael-onsale sale-preset-1 \">\u00bfOferta!<\/span><a href=\"https:\/\/sincro1320.com\/w\/producto\/e-book-el-perceptor-holomental-sintesis-informativa-sobre-la-7-esfera-mental\/\" class=\"woocommerce-LoopProduct-link woocommerce-loop-product__link\">                <img fetchpriority=\"high\" decoding=\"async\" width=\"300\" height=\"300\" src=\"https:\/\/sincro1320.com\/w\/wp-content\/uploads\/2026\/04\/el-percepotor-holomentanl-300x300.jpeg\" class=\"attachment-medium size-medium\" alt=\"E-book: El Perceptor Holomental, s\u00edntesis informativa sobre la 7\u00b0 esfera mental\" loading=\"eager\" srcset=\"https:\/\/sincro1320.com\/w\/wp-content\/uploads\/2026\/04\/el-percepotor-holomentanl-300x300.jpeg 300w, https:\/\/sincro1320.com\/w\/wp-content\/uploads\/2026\/04\/el-percepotor-holomentanl-1024x1024.jpeg 1024w, https:\/\/sincro1320.com\/w\/wp-content\/uploads\/2026\/04\/el-percepotor-holomentanl-150x150.jpeg 150w, https:\/\/sincro1320.com\/w\/wp-content\/uploads\/2026\/04\/el-percepotor-holomentanl-768x768.jpeg 768w, https:\/\/sincro1320.com\/w\/wp-content\/uploads\/2026\/04\/el-percepotor-holomentanl-700x700.jpeg 700w, https:\/\/sincro1320.com\/w\/wp-content\/uploads\/2026\/04\/el-percepotor-holomentanl-600x600.jpeg 600w, https:\/\/sincro1320.com\/w\/wp-content\/uploads\/2026\/04\/el-percepotor-holomentanl-100x100.jpeg 100w, https:\/\/sincro1320.com\/w\/wp-content\/uploads\/2026\/04\/el-percepotor-holomentanl.jpeg 1080w\" sizes=\"(max-width: 300px) 100vw, 300px\" \/><\/a><h3 class=\"woocommerce-loop-product__title\">E-book: El Perceptor Holomental, s\u00edntesis informativa sobre la 7\u00b0 esfera mental<\/h3><div class=\"eael-product-price\"><del aria-hidden=\"true\"><span class=\"woocommerce-Price-amount amount\"><bdi><span class=\"woocommerce-Price-currencySymbol\">&#36;<\/span>8.88<\/bdi><\/span><\/del> <span class=\"screen-reader-text\">Original price was: &#036;8.88.<\/span><ins aria-hidden=\"true\"><span class=\"woocommerce-Price-amount amount\"><bdi><span class=\"woocommerce-Price-currencySymbol\">&#36;<\/span>5.20<\/bdi><\/span><\/ins><span class=\"screen-reader-text\">Current price is: &#036;5.20.<\/span><\/div>                        <\/div>\n        <\/li>\n                <li class=\"product \">\n                        <div class=\"eael-product-wrap\" data-src=\"\" data-src-hover=\"\" >\n\t        <span class=\"eael-onsale sale-preset-1 \">\u00bfOferta!<\/span><a href=\"https:\/\/sincro1320.com\/w\/producto\/mini-curso-brujula-galactica-guia-practica-para-aprender-a-utilizarla\/\" class=\"woocommerce-LoopProduct-link woocommerce-loop-product__link\">                <img decoding=\"async\" width=\"300\" height=\"300\" src=\"https:\/\/sincro1320.com\/w\/wp-content\/uploads\/2026\/03\/brujula-300x300.jpeg\" class=\"attachment-medium size-medium\" alt=\"Mini Curso: Br\u00fajula Gal\u00e1ctica, gu\u00eda pr\u00e1ctica para aprender a utilizarla\" loading=\"eager\" srcset=\"https:\/\/sincro1320.com\/w\/wp-content\/uploads\/2026\/03\/brujula-300x300.jpeg 300w, https:\/\/sincro1320.com\/w\/wp-content\/uploads\/2026\/03\/brujula-1024x1024.jpeg 1024w, https:\/\/sincro1320.com\/w\/wp-content\/uploads\/2026\/03\/brujula-150x150.jpeg 150w, https:\/\/sincro1320.com\/w\/wp-content\/uploads\/2026\/03\/brujula-768x768.jpeg 768w, https:\/\/sincro1320.com\/w\/wp-content\/uploads\/2026\/03\/brujula-700x700.jpeg 700w, https:\/\/sincro1320.com\/w\/wp-content\/uploads\/2026\/03\/brujula-600x600.jpeg 600w, https:\/\/sincro1320.com\/w\/wp-content\/uploads\/2026\/03\/brujula-100x100.jpeg 100w, https:\/\/sincro1320.com\/w\/wp-content\/uploads\/2026\/03\/brujula.jpeg 1080w\" sizes=\"(max-width: 300px) 100vw, 300px\" \/><\/a><h3 class=\"woocommerce-loop-product__title\">Mini Curso: Br\u00fajula Gal\u00e1ctica, gu\u00eda pr\u00e1ctica para aprender a utilizarla<\/h3><div class=\"eael-product-price\"><del aria-hidden=\"true\"><span class=\"woocommerce-Price-amount amount\"><bdi><span class=\"woocommerce-Price-currencySymbol\">&#36;<\/span>13.20<\/bdi><\/span><\/del> <span class=\"screen-reader-text\">Original price was: &#036;13.20.<\/span><ins aria-hidden=\"true\"><span class=\"woocommerce-Price-amount amount\"><bdi><span class=\"woocommerce-Price-currencySymbol\">&#36;<\/span>8.88<\/bdi><\/span><\/ins><span class=\"screen-reader-text\">Current price is: &#036;8.88.<\/span><\/div>                        <\/div>\n        <\/li>\n                <li class=\"product \">\n                        <div class=\"eael-product-wrap\" data-src=\"\" data-src-hover=\"\" >\n\t        <a href=\"https:\/\/sincro1320.com\/w\/producto\/e-book-los-20-sellos-del-tzolkin-maya-caracteristicas-de-la-personalidad\/\" class=\"woocommerce-LoopProduct-link woocommerce-loop-product__link\">                <img decoding=\"async\" width=\"300\" height=\"300\" src=\"https:\/\/sincro1320.com\/w\/wp-content\/uploads\/2026\/03\/los20-300x300.jpeg\" class=\"attachment-medium size-medium\" alt=\"E-Book: Los 20 sellos del Tzolkin Maya, caracter\u00edsticas de la personalidad\" loading=\"eager\" srcset=\"https:\/\/sincro1320.com\/w\/wp-content\/uploads\/2026\/03\/los20-300x300.jpeg 300w, https:\/\/sincro1320.com\/w\/wp-content\/uploads\/2026\/03\/los20-1024x1024.jpeg 1024w, https:\/\/sincro1320.com\/w\/wp-content\/uploads\/2026\/03\/los20-150x150.jpeg 150w, https:\/\/sincro1320.com\/w\/wp-content\/uploads\/2026\/03\/los20-768x768.jpeg 768w, https:\/\/sincro1320.com\/w\/wp-content\/uploads\/2026\/03\/los20-700x700.jpeg 700w, https:\/\/sincro1320.com\/w\/wp-content\/uploads\/2026\/03\/los20-600x600.jpeg 600w, https:\/\/sincro1320.com\/w\/wp-content\/uploads\/2026\/03\/los20-100x100.jpeg 100w, https:\/\/sincro1320.com\/w\/wp-content\/uploads\/2026\/03\/los20.jpeg 1080w\" sizes=\"(max-width: 300px) 100vw, 300px\" \/><\/a><h3 class=\"woocommerce-loop-product__title\">E-Book: Los 20 sellos del Tzolkin Maya, caracter\u00edsticas de la personalidad<\/h3><div class=\"eael-product-price\"><span class=\"woocommerce-Price-amount amount\"><bdi><span class=\"woocommerce-Price-currencySymbol\">&#36;<\/span>8.88<\/bdi><\/span><\/div>                        <\/div>\n        <\/li>\n        <\/ul>            <div class=\"eael-load-more-button-wrap eael-infinity-scroll\" data-offset=\"-200\">\n                <button class=\"eael-load-more-button\" id=\"eael-load-more-btn-6949065\" data-widget-id=\"6949065\" data-widget=\"6949065\" data-page-id=\"2557\" data-template=\"{&quot;dir&quot;:&quot;lite&quot;,&quot;file_name&quot;:&quot;default.php&quot;,&quot;name&quot;:&quot;Woo-Product-Gallery&quot;}\" data-class=\"Essential_Addons_Elementor\\Elements\\Woo_Product_Gallery\" data-layout=\"grid\" data-page=\"1\" data-args=\"post_type=product&amp;post_status%5B0%5D=publish&amp;post_status%5B1%5D=pending&amp;post_status%5B2%5D=future&amp;posts_per_page=3&amp;order=desc&amp;offset=0&amp;tax_query%5Brelation%5D=AND&amp;tax_query%5B0%5D%5Btaxonomy%5D=product_visibility&amp;tax_query%5B0%5D%5Bfield%5D=name&amp;tax_query%5B0%5D%5Bterms%5D%5B0%5D=exclude-from-search&amp;tax_query%5B0%5D%5Bterms%5D%5B1%5D=exclude-from-catalog&amp;tax_query%5B0%5D%5Boperator%5D=NOT+IN&amp;tax_query%5B1%5D%5Brelation%5D=OR&amp;tax_query%5B1%5D%5B0%5D%5Btaxonomy%5D=product_cat&amp;tax_query%5B1%5D%5B0%5D%5Bfield%5D=term_id&amp;tax_query%5B1%5D%5B0%5D%5Bterms%5D=114&amp;tax_query%5B1%5D%5B0%5D%5Boperator%5D=IN&amp;orderby=date&amp;meta_query%5Brelation%5D=AND&amp;meta_query%5B0%5D%5Bkey%5D=_stock_status&amp;meta_query%5B0%5D%5Bvalue%5D=instock&amp;found_posts=7\" data-max-page=\"3\">\n                    <span class=\"eael-btn-loader button__loader\"><\/span>\n                    <span class=\"eael_load_more_text\"><\/span>\n                <\/button>\n            <\/div>\n                        <\/div>\n        <\/div>\n        <script type=\"text\/javascript\">\n\t\t\tjQuery(document).ready(function ($) {\n\t\t\t\tvar $scope = jQuery(\".elementor-element-6949065\");\n\t\t\t\tvar $products = $('.products', $scope);\n\t\t\t\tvar $layout_mode = $products.data('layout-mode');\n\n\t\t\t\tif ($layout_mode === 'masonry') {\n\t\t\t\t\t\/\/ init isotope\n\t\t\t\t\tvar $isotope_products = $products.isotope({\n\t\t\t\t\t\t                                          itemSelector: \"li.product\",\n\t\t\t\t\t\t                                          layoutMode: $layout_mode,\n\t\t\t\t\t\t                                          percentPosition: true\n\t\t\t\t\t                                          });\n\n\t\t\t\t\t$isotope_products.imagesLoaded().progress(function () {\n\t\t\t\t\t\t$isotope_products.isotope('layout');\n\t\t\t\t\t})\n\n\t\t\t\t\t$(window).on('resize', function () {\n\t\t\t\t\t\t$isotope_products.isotope('layout');\n\t\t\t\t\t});\n\t\t\t\t}\n\t\t\t});\n        <\/script>\n\t\t\t\t\t\t<\/div>\n\t\t\t\t<\/div>\n\t\t\t\t\t<\/div>\n\t\t\t\t<\/div>\n\t\t<div class=\"elementor-element elementor-element-7d61e6a e-flex e-con-boxed e-con e-parent\" data-id=\"7d61e6a\" data-element_type=\"container\" data-settings=\"{&quot;background_background&quot;:&quot;classic&quot;}\">\n\t\t\t\t\t<div class=\"e-con-inner\">\n\t\t<div class=\"elementor-element elementor-element-1173b95 e-con-full e-flex e-con e-child\" data-id=\"1173b95\" data-element_type=\"container\">\n\t\t\t\t<div class=\"elementor-element elementor-element-2deec08 elementor-widget elementor-widget-heading\" data-id=\"2deec08\" data-element_type=\"widget\" data-widget_type=\"heading.default\">\n\t\t\t\t<div class=\"elementor-widget-container\">\n\t\t\t\t\t<h2 class=\"elementor-heading-title elementor-size-default\">El tiempo es la atm\u00f3sfera de la mente, cambia tu tiempo y recuperar\u00e1s tu mente.<\/h2>\t\t\t\t<\/div>\n\t\t\t\t<\/div>\n\t\t\t\t<\/div>\n\t\t\t\t\t<\/div>\n\t\t\t\t<\/div>\n\t\t\t\t<\/div>\n\t\t","protected":false},"excerpt":{"rendered":"<p>TIENDA Tu espacio para elevar la vibraci\u00f3n y alinearte con el tiempo.. Tienda Membres\u00eda CLUB SINCRO 1320 &#36;28.00 El tiempo [&hellip;]<\/p>\n","protected":false},"author":1,"featured_media":1136,"parent":0,"menu_order":0,"comment_status":"closed","ping_status":"closed","template":"elementor_canvas","meta":{"inline_featured_image":false,"site-sidebar-layout":"no-sidebar","site-content-layout":"page-builder","ast-site-content-layout":"full-width-container","site-content-style":"default","site-sidebar-style":"default","ast-global-header-display":"","ast-banner-title-visibility":"","ast-main-header-display":"","ast-hfb-above-header-display":"","ast-hfb-below-header-display":"","ast-hfb-mobile-header-display":"","site-post-title":"disabled","ast-breadcrumbs-content":"","ast-featured-img":"disabled","footer-sml-layout":"","theme-transparent-header-meta":"default","adv-header-id-meta":"","stick-header-meta":"","header-above-stick-meta":"","header-main-stick-meta":"","header-below-stick-meta":"","astra-migrate-meta-layouts":"set","ast-page-background-enabled":"default","ast-page-background-meta":{"desktop":{"background-color":"","background-image":"","background-repeat":"repeat","background-position":"center center","background-size":"auto","background-attachment":"scroll","background-type":"","background-media":"","overlay-type":"","overlay-color":"","overlay-opacity":"","overlay-gradient":""},"tablet":{"background-color":"","background-image":"","background-repeat":"repeat","background-position":"center center","background-size":"auto","background-attachment":"scroll","background-type":"","background-media":"","overlay-type":"","overlay-color":"","overlay-opacity":"","overlay-gradient":""},"mobile":{"background-color":"","background-image":"","background-repeat":"repeat","background-position":"center center","background-size":"auto","background-attachment":"scroll","background-type":"","background-media":"","overlay-type":"","overlay-color":"","overlay-opacity":"","overlay-gradient":""}},"ast-content-background-meta":{"desktop":{"background-color":"var(--ast-global-color-5)","background-image":"","background-repeat":"repeat","background-position":"center center","background-size":"auto","background-attachment":"scroll","background-type":"","background-media":"","overlay-type":"","overlay-color":"","overlay-opacity":"","overlay-gradient":""},"tablet":{"background-color":"var(--ast-global-color-5)","background-image":"","background-repeat":"repeat","background-position":"center center","background-size":"auto","background-attachment":"scroll","background-type":"","background-media":"","overlay-type":"","overlay-color":"","overlay-opacity":"","overlay-gradient":""},"mobile":{"background-color":"var(--ast-global-color-5)","background-image":"","background-repeat":"repeat","background-position":"center center","background-size":"auto","background-attachment":"scroll","background-type":"","background-media":"","overlay-type":"","overlay-color":"","overlay-opacity":"","overlay-gradient":""}},"footnotes":""},"class_list":["post-2557","page","type-page","status-publish","has-post-thumbnail","hentry","desktop-align-left","tablet-align-left","mobile-align-left"],"jetpack_sharing_enabled":true,"_links":{"self":[{"href":"https:\/\/sincro1320.com\/w\/wp-json\/wp\/v2\/pages\/2557","targetHints":{"allow":["GET"]}}],"collection":[{"href":"https:\/\/sincro1320.com\/w\/wp-json\/wp\/v2\/pages"}],"about":[{"href":"https:\/\/sincro1320.com\/w\/wp-json\/wp\/v2\/types\/page"}],"author":[{"embeddable":true,"href":"https:\/\/sincro1320.com\/w\/wp-json\/wp\/v2\/users\/1"}],"replies":[{"embeddable":true,"href":"https:\/\/sincro1320.com\/w\/wp-json\/wp\/v2\/comments?post=2557"}],"version-history":[{"count":57,"href":"https:\/\/sincro1320.com\/w\/wp-json\/wp\/v2\/pages\/2557\/revisions"}],"predecessor-version":[{"id":3286,"href":"https:\/\/sincro1320.com\/w\/wp-json\/wp\/v2\/pages\/2557\/revisions\/3286"}],"wp:featuredmedia":[{"embeddable":true,"href":"https:\/\/sincro1320.com\/w\/wp-json\/wp\/v2\/media\/1136"}],"wp:attachment":[{"href":"https:\/\/sincro1320.com\/w\/wp-json\/wp\/v2\/media?parent=2557"}],"curies":[{"name":"wp","href":"https:\/\/api.w.org\/{rel}","templated":true}]}}