{"id":2305,"date":"2024-12-11T12:39:39","date_gmt":"2024-12-11T12:39:39","guid":{"rendered":"https:\/\/sincro1320.com\/w\/?page_id=2305"},"modified":"2024-12-11T17:44:56","modified_gmt":"2024-12-11T17:44:56","slug":"blog","status":"publish","type":"page","link":"https:\/\/sincro1320.com\/w\/blog\/","title":{"rendered":"Blog"},"content":{"rendered":"\t\t<div data-elementor-type=\"wp-page\" data-elementor-id=\"2305\" class=\"elementor elementor-2305\" data-elementor-post-type=\"page\">\n\t\t\t\t<div class=\"elementor-element elementor-element-9f27e08 e-con-full e-flex e-con e-parent\" data-id=\"9f27e08\" data-element_type=\"container\" data-settings=\"{&quot;background_background&quot;:&quot;classic&quot;}\">\n\t\t\t\t<div class=\"elementor-element elementor-element-34b7b0c elementor-widget elementor-widget-heading\" data-id=\"34b7b0c\" data-element_type=\"widget\" data-widget_type=\"heading.default\">\n\t\t\t\t<div class=\"elementor-widget-container\">\n\t\t\t\t\t<h2 class=\"elementor-heading-title elementor-size-default\">Blog<\/h2>\t\t\t\t<\/div>\n\t\t\t\t<\/div>\n\t\t\t\t<div class=\"elementor-element elementor-element-2f04d24 elementor-widget elementor-widget-text-editor\" data-id=\"2f04d24\" data-element_type=\"widget\" data-widget_type=\"text-editor.default\">\n\t\t\t\t<div class=\"elementor-widget-container\">\n\t\t\t\t\t\t\t\t\t<p>Encuentra aqu\u00ed las novedades para mantenerte al d\u00eda.<\/p>\t\t\t\t\t\t\t\t<\/div>\n\t\t\t\t<\/div>\n\t\t\t\t<\/div>\n\t\t<div class=\"elementor-element elementor-element-ab0a858 e-flex e-con-boxed e-con e-parent\" data-id=\"ab0a858\" data-element_type=\"container\" data-settings=\"{&quot;background_background&quot;:&quot;classic&quot;}\">\n\t\t\t\t\t<div class=\"e-con-inner\">\n\t\t<div class=\"elementor-element elementor-element-b5f4f60 e-con-full e-flex e-con e-child\" data-id=\"b5f4f60\" data-element_type=\"container\">\n\t\t\t\t<\/div>\n\t\t<div class=\"elementor-element elementor-element-58ddf6c e-con-full e-flex e-con e-child\" data-id=\"58ddf6c\" data-element_type=\"container\">\n\t\t\t\t<div class=\"elementor-element elementor-element-49580d5 elementor-grid-3 elementor-grid-tablet-2 elementor-grid-mobile-1 elementor-posts--thumbnail-top elementor-posts--show-avatar elementor-card-shadow-yes elementor-posts__hover-gradient elementor-widget elementor-widget-posts\" data-id=\"49580d5\" data-element_type=\"widget\" data-settings=\"{&quot;cards_columns&quot;:&quot;3&quot;,&quot;cards_columns_tablet&quot;:&quot;2&quot;,&quot;cards_columns_mobile&quot;:&quot;1&quot;,&quot;cards_row_gap&quot;:{&quot;unit&quot;:&quot;px&quot;,&quot;size&quot;:35,&quot;sizes&quot;:[]},&quot;cards_row_gap_tablet&quot;:{&quot;unit&quot;:&quot;px&quot;,&quot;size&quot;:&quot;&quot;,&quot;sizes&quot;:[]},&quot;cards_row_gap_mobile&quot;:{&quot;unit&quot;:&quot;px&quot;,&quot;size&quot;:&quot;&quot;,&quot;sizes&quot;:[]}}\" data-widget_type=\"posts.cards\">\n\t\t\t\t<div class=\"elementor-widget-container\">\n\t\t\t\t\t\t\t<div class=\"elementor-posts-container elementor-posts elementor-posts--skin-cards elementor-grid\">\n\t\t\t\t<article class=\"elementor-post elementor-grid-item post-2414 post type-post status-publish format-standard has-post-thumbnail hentry category-uncategorized tag-13-lunas tag-astrologia tag-gaia tag-heliacal tag-maya tag-planeta tag-retorno tag-sol tag-tzolkin\">\n\t\t\t<div class=\"elementor-post__card\">\n\t\t\t\t<a class=\"elementor-post__thumbnail__link\" href=\"https:\/\/sincro1320.com\/w\/retorno-heliacal-la-mitad-del-ano-maya\/\" tabindex=\"-1\" ><div class=\"elementor-post__thumbnail\"><img decoding=\"async\" width=\"300\" height=\"162\" src=\"https:\/\/sincro1320.com\/w\/wp-content\/uploads\/2025\/01\/Screenshot_20250122_160938_Google-300x162.jpg\" class=\"attachment-medium size-medium wp-image-2415\" alt=\"\" srcset=\"https:\/\/sincro1320.com\/w\/wp-content\/uploads\/2025\/01\/Screenshot_20250122_160938_Google-300x162.jpg 300w, https:\/\/sincro1320.com\/w\/wp-content\/uploads\/2025\/01\/Screenshot_20250122_160938_Google-768x416.jpg 768w, https:\/\/sincro1320.com\/w\/wp-content\/uploads\/2025\/01\/Screenshot_20250122_160938_Google-600x325.jpg 600w, https:\/\/sincro1320.com\/w\/wp-content\/uploads\/2025\/01\/Screenshot_20250122_160938_Google.jpg 944w\" sizes=\"(max-width: 300px) 100vw, 300px\" \/><\/div><\/a>\n\t\t\t\t<div class=\"elementor-post__badge\">Uncategorized<\/div>\n\t\t\t\t<div class=\"elementor-post__avatar\">\n\t\t\t<img alt='sincro1320' src='https:\/\/secure.gravatar.com\/avatar\/a1b2b5d864701325accfbbb79f211db793b4a69b1d6b2a1a54b7589a1fac6fe4?s=128&#038;d=mm&#038;r=g' srcset='https:\/\/secure.gravatar.com\/avatar\/a1b2b5d864701325accfbbb79f211db793b4a69b1d6b2a1a54b7589a1fac6fe4?s=256&#038;d=mm&#038;r=g 2x' class='avatar avatar-128 photo' height='128' width='128' \/>\t\t<\/div>\n\t\t\t\t<div class=\"elementor-post__text\">\n\t\t\t\t<h3 class=\"elementor-post__title\">\n\t\t\t<a href=\"https:\/\/sincro1320.com\/w\/retorno-heliacal-la-mitad-del-ano-maya\/\" >\n\t\t\t\tRETORNO HELIACAL, LA MITAD DEL A\u00d1O MAYA\t\t\t<\/a>\n\t\t<\/h3>\n\t\t\t\t<div class=\"elementor-post__excerpt\">\n\t\t\t<p>ACTUALIZACI\u00d3N PLANETARIA: EL RETORNO HELIACAL, LA MITAD DEL A\u00d1O MAYA &nbsp; N.S.1.37.7.13.199 Limi 13 de la luna resonante del mono<\/p>\n\t\t<\/div>\n\t\t\n\t\t<a class=\"elementor-post__read-more\" href=\"https:\/\/sincro1320.com\/w\/retorno-heliacal-la-mitad-del-ano-maya\/\" aria-label=\"Read more about RETORNO HELIACAL, LA MITAD DEL A\u00d1O MAYA\" tabindex=\"-1\" >\n\t\t\tLeer \u00bb\t\t<\/a>\n\n\t\t\t\t<\/div>\n\t\t\t\t<div class=\"elementor-post__meta-data\">\n\t\t\t\t\t<span class=\"elementor-post-date\">\n\t\t\tenero 22, 2025\t\t<\/span>\n\t\t\t\t<span class=\"elementor-post-avatar\">\n\t\t\tNo hay comentarios\t\t<\/span>\n\t\t\t\t<\/div>\n\t\t\t\t\t<\/div>\n\t\t<\/article>\n\t\t\t\t<article class=\"elementor-post elementor-grid-item post-2362 post type-post status-publish format-standard has-post-thumbnail hentry category-uncategorized tag-81 tag-71 tag-actualidad tag-astrologia tag-calendario-maya tag-energia-maya tag-luna tag-resonante tag-sincronia\">\n\t\t\t<div class=\"elementor-post__card\">\n\t\t\t\t<a class=\"elementor-post__thumbnail__link\" href=\"https:\/\/sincro1320.com\/w\/actualizacion-planetaria-luna-resonante\/\" tabindex=\"-1\" ><div class=\"elementor-post__thumbnail\"><img fetchpriority=\"high\" decoding=\"async\" width=\"300\" height=\"169\" src=\"https:\/\/sincro1320.com\/w\/wp-content\/uploads\/2025\/01\/2_20250110_143612_0001-300x169.png\" class=\"attachment-medium size-medium wp-image-2363\" alt=\"\" srcset=\"https:\/\/sincro1320.com\/w\/wp-content\/uploads\/2025\/01\/2_20250110_143612_0001-300x169.png 300w, https:\/\/sincro1320.com\/w\/wp-content\/uploads\/2025\/01\/2_20250110_143612_0001-1024x576.png 1024w, https:\/\/sincro1320.com\/w\/wp-content\/uploads\/2025\/01\/2_20250110_143612_0001-768x432.png 768w, https:\/\/sincro1320.com\/w\/wp-content\/uploads\/2025\/01\/2_20250110_143612_0001-600x338.png 600w, https:\/\/sincro1320.com\/w\/wp-content\/uploads\/2025\/01\/2_20250110_143612_0001.png 1280w\" sizes=\"(max-width: 300px) 100vw, 300px\" \/><\/div><\/a>\n\t\t\t\t<div class=\"elementor-post__badge\">Uncategorized<\/div>\n\t\t\t\t<div class=\"elementor-post__avatar\">\n\t\t\t<img alt='sincro1320' src='https:\/\/secure.gravatar.com\/avatar\/a1b2b5d864701325accfbbb79f211db793b4a69b1d6b2a1a54b7589a1fac6fe4?s=128&#038;d=mm&#038;r=g' srcset='https:\/\/secure.gravatar.com\/avatar\/a1b2b5d864701325accfbbb79f211db793b4a69b1d6b2a1a54b7589a1fac6fe4?s=256&#038;d=mm&#038;r=g 2x' class='avatar avatar-128 photo' height='128' width='128' \/>\t\t<\/div>\n\t\t\t\t<div class=\"elementor-post__text\">\n\t\t\t\t<h3 class=\"elementor-post__title\">\n\t\t\t<a href=\"https:\/\/sincro1320.com\/w\/actualizacion-planetaria-luna-resonante\/\" >\n\t\t\t\tACTUALIZACI\u00d3N PLANETARIA LUNA RESONANTE\t\t\t<\/a>\n\t\t<\/h3>\n\t\t\t\t<div class=\"elementor-post__excerpt\">\n\t\t\t<p>ACTUALIZACI\u00d3N PLANETARIA LUNA RESONANTE DEL MONO &nbsp; N.S.1.37.7.1.187 Dali 1 de la luna resonante del mono del anillo solar tormenta<\/p>\n\t\t<\/div>\n\t\t\n\t\t<a class=\"elementor-post__read-more\" href=\"https:\/\/sincro1320.com\/w\/actualizacion-planetaria-luna-resonante\/\" aria-label=\"Read more about ACTUALIZACI\u00d3N PLANETARIA LUNA RESONANTE\" tabindex=\"-1\" >\n\t\t\tLeer \u00bb\t\t<\/a>\n\n\t\t\t\t<\/div>\n\t\t\t\t<div class=\"elementor-post__meta-data\">\n\t\t\t\t\t<span class=\"elementor-post-date\">\n\t\t\tenero 10, 2025\t\t<\/span>\n\t\t\t\t<span class=\"elementor-post-avatar\">\n\t\t\tNo hay comentarios\t\t<\/span>\n\t\t\t\t<\/div>\n\t\t\t\t\t<\/div>\n\t\t<\/article>\n\t\t\t\t<article class=\"elementor-post elementor-grid-item post-2350 post type-post status-publish format-standard has-post-thumbnail hentry category-uncategorized tag-81 tag-71 tag-5d tag-conciencia tag-cristica tag-cristo tag-fiestas tag-nacimiento tag-navidad\">\n\t\t\t<div class=\"elementor-post__card\">\n\t\t\t\t<a class=\"elementor-post__thumbnail__link\" href=\"https:\/\/sincro1320.com\/w\/las-fiestas-gregorianas-tambien-son-1320\/\" tabindex=\"-1\" ><div class=\"elementor-post__thumbnail\"><img decoding=\"async\" width=\"300\" height=\"169\" src=\"https:\/\/sincro1320.com\/w\/wp-content\/uploads\/2024\/12\/Screenshot_20241225_133721_Canva-300x169.jpg\" class=\"attachment-medium size-medium wp-image-2351\" alt=\"\" srcset=\"https:\/\/sincro1320.com\/w\/wp-content\/uploads\/2024\/12\/Screenshot_20241225_133721_Canva-300x169.jpg 300w, https:\/\/sincro1320.com\/w\/wp-content\/uploads\/2024\/12\/Screenshot_20241225_133721_Canva-768x433.jpg 768w, https:\/\/sincro1320.com\/w\/wp-content\/uploads\/2024\/12\/Screenshot_20241225_133721_Canva-600x338.jpg 600w, https:\/\/sincro1320.com\/w\/wp-content\/uploads\/2024\/12\/Screenshot_20241225_133721_Canva.jpg 1000w\" sizes=\"(max-width: 300px) 100vw, 300px\" \/><\/div><\/a>\n\t\t\t\t<div class=\"elementor-post__badge\">Uncategorized<\/div>\n\t\t\t\t<div class=\"elementor-post__avatar\">\n\t\t\t<img alt='sincro1320' src='https:\/\/secure.gravatar.com\/avatar\/a1b2b5d864701325accfbbb79f211db793b4a69b1d6b2a1a54b7589a1fac6fe4?s=128&#038;d=mm&#038;r=g' srcset='https:\/\/secure.gravatar.com\/avatar\/a1b2b5d864701325accfbbb79f211db793b4a69b1d6b2a1a54b7589a1fac6fe4?s=256&#038;d=mm&#038;r=g 2x' class='avatar avatar-128 photo' height='128' width='128' \/>\t\t<\/div>\n\t\t\t\t<div class=\"elementor-post__text\">\n\t\t\t\t<h3 class=\"elementor-post__title\">\n\t\t\t<a href=\"https:\/\/sincro1320.com\/w\/las-fiestas-gregorianas-tambien-son-1320\/\" >\n\t\t\t\tLAS FIESTAS GREGORIANAS TAMBI\u00c9N SON 13:20\t\t\t<\/a>\n\t\t<\/h3>\n\t\t\t\t<div class=\"elementor-post__excerpt\">\n\t\t\t<p>N.S.1.37.6.13.171 Limi 13 de la luna r\u00edtmica del lagarto del anillo solar de la tormenta r\u00edtmica azul, kin 171 mono<\/p>\n\t\t<\/div>\n\t\t\n\t\t<a class=\"elementor-post__read-more\" href=\"https:\/\/sincro1320.com\/w\/las-fiestas-gregorianas-tambien-son-1320\/\" aria-label=\"Read more about LAS FIESTAS GREGORIANAS TAMBI\u00c9N SON 13:20\" tabindex=\"-1\" >\n\t\t\tLeer \u00bb\t\t<\/a>\n\n\t\t\t\t<\/div>\n\t\t\t\t<div class=\"elementor-post__meta-data\">\n\t\t\t\t\t<span class=\"elementor-post-date\">\n\t\t\tdiciembre 25, 2024\t\t<\/span>\n\t\t\t\t<span class=\"elementor-post-avatar\">\n\t\t\tNo hay comentarios\t\t<\/span>\n\t\t\t\t<\/div>\n\t\t\t\t\t<\/div>\n\t\t<\/article>\n\t\t\t\t<article class=\"elementor-post elementor-grid-item post-2347 post type-post status-publish format-standard has-post-thumbnail hentry category-uncategorized tag-71 tag-ano-nuevo tag-astrologia tag-calendario-maya tag-navidad tag-predicciones\">\n\t\t\t<div class=\"elementor-post__card\">\n\t\t\t\t<a class=\"elementor-post__thumbnail__link\" href=\"https:\/\/sincro1320.com\/w\/ano-nuevo-que-esperar-para-el-2025-segun-el-orden-sincronico-planetario\/\" tabindex=\"-1\" ><div class=\"elementor-post__thumbnail\"><img loading=\"lazy\" decoding=\"async\" width=\"300\" height=\"300\" src=\"https:\/\/sincro1320.com\/w\/wp-content\/uploads\/2024\/12\/WhatsApp-Image-2024-12-20-at-12.40.52-300x300.jpeg\" class=\"attachment-medium size-medium wp-image-2348\" alt=\"\" srcset=\"https:\/\/sincro1320.com\/w\/wp-content\/uploads\/2024\/12\/WhatsApp-Image-2024-12-20-at-12.40.52-300x300.jpeg 300w, https:\/\/sincro1320.com\/w\/wp-content\/uploads\/2024\/12\/WhatsApp-Image-2024-12-20-at-12.40.52-1024x1024.jpeg 1024w, https:\/\/sincro1320.com\/w\/wp-content\/uploads\/2024\/12\/WhatsApp-Image-2024-12-20-at-12.40.52-150x150.jpeg 150w, https:\/\/sincro1320.com\/w\/wp-content\/uploads\/2024\/12\/WhatsApp-Image-2024-12-20-at-12.40.52-768x768.jpeg 768w, https:\/\/sincro1320.com\/w\/wp-content\/uploads\/2024\/12\/WhatsApp-Image-2024-12-20-at-12.40.52-700x700.jpeg 700w, https:\/\/sincro1320.com\/w\/wp-content\/uploads\/2024\/12\/WhatsApp-Image-2024-12-20-at-12.40.52-600x600.jpeg 600w, https:\/\/sincro1320.com\/w\/wp-content\/uploads\/2024\/12\/WhatsApp-Image-2024-12-20-at-12.40.52-100x100.jpeg 100w, https:\/\/sincro1320.com\/w\/wp-content\/uploads\/2024\/12\/WhatsApp-Image-2024-12-20-at-12.40.52.jpeg 1080w\" sizes=\"(max-width: 300px) 100vw, 300px\" \/><\/div><\/a>\n\t\t\t\t<div class=\"elementor-post__badge\">Uncategorized<\/div>\n\t\t\t\t<div class=\"elementor-post__avatar\">\n\t\t\t<img alt='sincro1320' src='https:\/\/secure.gravatar.com\/avatar\/a1b2b5d864701325accfbbb79f211db793b4a69b1d6b2a1a54b7589a1fac6fe4?s=128&#038;d=mm&#038;r=g' srcset='https:\/\/secure.gravatar.com\/avatar\/a1b2b5d864701325accfbbb79f211db793b4a69b1d6b2a1a54b7589a1fac6fe4?s=256&#038;d=mm&#038;r=g 2x' class='avatar avatar-128 photo' height='128' width='128' \/>\t\t<\/div>\n\t\t\t\t<div class=\"elementor-post__text\">\n\t\t\t\t<h3 class=\"elementor-post__title\">\n\t\t\t<a href=\"https:\/\/sincro1320.com\/w\/ano-nuevo-que-esperar-para-el-2025-segun-el-orden-sincronico-planetario\/\" >\n\t\t\t\tA\u00d1O NUEVO: QU\u00c9 ESPERAR PARA EL 2025 SEG\u00daN EL ORDEN SINCR\u00d3NICO PLANETARIO\t\t\t<\/a>\n\t\t<\/h3>\n\t\t\t\t<div class=\"elementor-post__excerpt\">\n\t\t\t<p>N.S.1.37.6.8.166 Dali 8 de la luna r\u00edtmica del lagarto del anillo solar de la tormenta r\u00edtmica azul, kin 166 enlazador<\/p>\n\t\t<\/div>\n\t\t\n\t\t<a class=\"elementor-post__read-more\" href=\"https:\/\/sincro1320.com\/w\/ano-nuevo-que-esperar-para-el-2025-segun-el-orden-sincronico-planetario\/\" aria-label=\"Read more about A\u00d1O NUEVO: QU\u00c9 ESPERAR PARA EL 2025 SEG\u00daN EL ORDEN SINCR\u00d3NICO PLANETARIO\" tabindex=\"-1\" >\n\t\t\tLeer \u00bb\t\t<\/a>\n\n\t\t\t\t<\/div>\n\t\t\t\t<div class=\"elementor-post__meta-data\">\n\t\t\t\t\t<span class=\"elementor-post-date\">\n\t\t\tdiciembre 20, 2024\t\t<\/span>\n\t\t\t\t<span class=\"elementor-post-avatar\">\n\t\t\tNo hay comentarios\t\t<\/span>\n\t\t\t\t<\/div>\n\t\t\t\t\t<\/div>\n\t\t<\/article>\n\t\t\t\t<article class=\"elementor-post elementor-grid-item post-2318 post type-post status-publish format-standard has-post-thumbnail hentry category-uncategorized tag-actualidad tag-astrologia tag-diciembre tag-energia-maya tag-tzolkin-maya\">\n\t\t\t<div class=\"elementor-post__card\">\n\t\t\t\t<a class=\"elementor-post__thumbnail__link\" href=\"https:\/\/sincro1320.com\/w\/actualizacion-planetaria-luna-ritmica-diciembre-enero-2024\/\" tabindex=\"-1\" ><div class=\"elementor-post__thumbnail\"><img loading=\"lazy\" decoding=\"async\" width=\"300\" height=\"86\" src=\"https:\/\/sincro1320.com\/w\/wp-content\/uploads\/2024\/10\/nosotros_la_escuela_sincro1329-300x86.png\" class=\"attachment-medium size-medium wp-image-1783\" alt=\"\" srcset=\"https:\/\/sincro1320.com\/w\/wp-content\/uploads\/2024\/10\/nosotros_la_escuela_sincro1329-300x86.png 300w, https:\/\/sincro1320.com\/w\/wp-content\/uploads\/2024\/10\/nosotros_la_escuela_sincro1329-1024x295.png 1024w, https:\/\/sincro1320.com\/w\/wp-content\/uploads\/2024\/10\/nosotros_la_escuela_sincro1329-768x221.png 768w, https:\/\/sincro1320.com\/w\/wp-content\/uploads\/2024\/10\/nosotros_la_escuela_sincro1329-600x173.png 600w, https:\/\/sincro1320.com\/w\/wp-content\/uploads\/2024\/10\/nosotros_la_escuela_sincro1329.png 1440w\" sizes=\"(max-width: 300px) 100vw, 300px\" \/><\/div><\/a>\n\t\t\t\t<div class=\"elementor-post__badge\">Uncategorized<\/div>\n\t\t\t\t<div class=\"elementor-post__avatar\">\n\t\t\t<img alt='sincro1320' src='https:\/\/secure.gravatar.com\/avatar\/a1b2b5d864701325accfbbb79f211db793b4a69b1d6b2a1a54b7589a1fac6fe4?s=128&#038;d=mm&#038;r=g' srcset='https:\/\/secure.gravatar.com\/avatar\/a1b2b5d864701325accfbbb79f211db793b4a69b1d6b2a1a54b7589a1fac6fe4?s=256&#038;d=mm&#038;r=g 2x' class='avatar avatar-128 photo' height='128' width='128' \/>\t\t<\/div>\n\t\t\t\t<div class=\"elementor-post__text\">\n\t\t\t\t<h3 class=\"elementor-post__title\">\n\t\t\t<a href=\"https:\/\/sincro1320.com\/w\/actualizacion-planetaria-luna-ritmica-diciembre-enero-2024\/\" >\n\t\t\t\tACTUALIZACI\u00d3N PLANETARIA LUNA R\u00cdTMICA (DICIEMBRE\/ENERO 2024)\t\t\t<\/a>\n\t\t<\/h3>\n\t\t\t\t<div class=\"elementor-post__excerpt\">\n\t\t\t<p>ACTUALIDAD PLANETARIA N.S.1.37.5.27.157.197 Limi 27 de la luna entonada del pavo real del anillo solar de la tormenta r\u00edtmica azul,<\/p>\n\t\t<\/div>\n\t\t\n\t\t<a class=\"elementor-post__read-more\" href=\"https:\/\/sincro1320.com\/w\/actualizacion-planetaria-luna-ritmica-diciembre-enero-2024\/\" aria-label=\"Read more about ACTUALIZACI\u00d3N PLANETARIA LUNA R\u00cdTMICA (DICIEMBRE\/ENERO 2024)\" tabindex=\"-1\" >\n\t\t\tLeer \u00bb\t\t<\/a>\n\n\t\t\t\t<\/div>\n\t\t\t\t<div class=\"elementor-post__meta-data\">\n\t\t\t\t\t<span class=\"elementor-post-date\">\n\t\t\tdiciembre 11, 2024\t\t<\/span>\n\t\t\t\t<span class=\"elementor-post-avatar\">\n\t\t\tNo hay comentarios\t\t<\/span>\n\t\t\t\t<\/div>\n\t\t\t\t\t<\/div>\n\t\t<\/article>\n\t\t\t\t<\/div>\n\t\t\n\t\t\t\t\t\t<\/div>\n\t\t\t\t<\/div>\n\t\t\t\t<\/div>\n\t\t\t\t\t<\/div>\n\t\t\t\t<\/div>\n\t\t<div class=\"elementor-element elementor-element-7d61e6a e-flex e-con-boxed e-con e-parent\" data-id=\"7d61e6a\" data-element_type=\"container\" data-settings=\"{&quot;background_background&quot;:&quot;classic&quot;}\">\n\t\t\t\t\t<div class=\"e-con-inner\">\n\t\t<div class=\"elementor-element elementor-element-1173b95 e-con-full e-flex e-con e-child\" data-id=\"1173b95\" data-element_type=\"container\">\n\t\t\t\t<div class=\"elementor-element elementor-element-2deec08 elementor-widget elementor-widget-heading\" data-id=\"2deec08\" data-element_type=\"widget\" data-widget_type=\"heading.default\">\n\t\t\t\t<div class=\"elementor-widget-container\">\n\t\t\t\t\t<h2 class=\"elementor-heading-title elementor-size-default\">La elegancia est\u00e1 en la sencillez.<\/h2>\t\t\t\t<\/div>\n\t\t\t\t<\/div>\n\t\t\t\t<\/div>\n\t\t\t\t\t<\/div>\n\t\t\t\t<\/div>\n\t\t\t\t<\/div>\n\t\t","protected":false},"excerpt":{"rendered":"<p>Blog Encuentra aqu\u00ed las novedades para mantenerte al d\u00eda. La elegancia est\u00e1 en la sencillez.<\/p>\n","protected":false},"author":1,"featured_media":1136,"parent":0,"menu_order":0,"comment_status":"closed","ping_status":"closed","template":"elementor_canvas","meta":{"inline_featured_image":false,"site-sidebar-layout":"no-sidebar","site-content-layout":"page-builder","ast-site-content-layout":"full-width-container","site-content-style":"default","site-sidebar-style":"default","ast-global-header-display":"","ast-banner-title-visibility":"","ast-main-header-display":"","ast-hfb-above-header-display":"","ast-hfb-below-header-display":"","ast-hfb-mobile-header-display":"","site-post-title":"disabled","ast-breadcrumbs-content":"","ast-featured-img":"disabled","footer-sml-layout":"","theme-transparent-header-meta":"default","adv-header-id-meta":"","stick-header-meta":"","header-above-stick-meta":"","header-main-stick-meta":"","header-below-stick-meta":"","astra-migrate-meta-layouts":"set","ast-page-background-enabled":"default","ast-page-background-meta":{"desktop":{"background-color":"","background-image":"","background-repeat":"repeat","background-position":"center center","background-size":"auto","background-attachment":"scroll","background-type":"","background-media":"","overlay-type":"","overlay-color":"","overlay-opacity":"","overlay-gradient":""},"tablet":{"background-color":"","background-image":"","background-repeat":"repeat","background-position":"center center","background-size":"auto","background-attachment":"scroll","background-type":"","background-media":"","overlay-type":"","overlay-color":"","overlay-opacity":"","overlay-gradient":""},"mobile":{"background-color":"","background-image":"","background-repeat":"repeat","background-position":"center center","background-size":"auto","background-attachment":"scroll","background-type":"","background-media":"","overlay-type":"","overlay-color":"","overlay-opacity":"","overlay-gradient":""}},"ast-content-background-meta":{"desktop":{"background-color":"var(--ast-global-color-5)","background-image":"","background-repeat":"repeat","background-position":"center center","background-size":"auto","background-attachment":"scroll","background-type":"","background-media":"","overlay-type":"","overlay-color":"","overlay-opacity":"","overlay-gradient":""},"tablet":{"background-color":"var(--ast-global-color-5)","background-image":"","background-repeat":"repeat","background-position":"center center","background-size":"auto","background-attachment":"scroll","background-type":"","background-media":"","overlay-type":"","overlay-color":"","overlay-opacity":"","overlay-gradient":""},"mobile":{"background-color":"var(--ast-global-color-5)","background-image":"","background-repeat":"repeat","background-position":"center center","background-size":"auto","background-attachment":"scroll","background-type":"","background-media":"","overlay-type":"","overlay-color":"","overlay-opacity":"","overlay-gradient":""}},"footnotes":""},"class_list":["post-2305","page","type-page","status-publish","has-post-thumbnail","hentry"],"jetpack_sharing_enabled":true,"_links":{"self":[{"href":"https:\/\/sincro1320.com\/w\/wp-json\/wp\/v2\/pages\/2305","targetHints":{"allow":["GET"]}}],"collection":[{"href":"https:\/\/sincro1320.com\/w\/wp-json\/wp\/v2\/pages"}],"about":[{"href":"https:\/\/sincro1320.com\/w\/wp-json\/wp\/v2\/types\/page"}],"author":[{"embeddable":true,"href":"https:\/\/sincro1320.com\/w\/wp-json\/wp\/v2\/users\/1"}],"replies":[{"embeddable":true,"href":"https:\/\/sincro1320.com\/w\/wp-json\/wp\/v2\/comments?post=2305"}],"version-history":[{"count":7,"href":"https:\/\/sincro1320.com\/w\/wp-json\/wp\/v2\/pages\/2305\/revisions"}],"predecessor-version":[{"id":2314,"href":"https:\/\/sincro1320.com\/w\/wp-json\/wp\/v2\/pages\/2305\/revisions\/2314"}],"wp:featuredmedia":[{"embeddable":true,"href":"https:\/\/sincro1320.com\/w\/wp-json\/wp\/v2\/media\/1136"}],"wp:attachment":[{"href":"https:\/\/sincro1320.com\/w\/wp-json\/wp\/v2\/media?parent=2305"}],"curies":[{"name":"wp","href":"https:\/\/api.w.org\/{rel}","templated":true}]}}