{"id":2062,"date":"2024-11-23T15:57:17","date_gmt":"2024-11-23T15:57:17","guid":{"rendered":"https:\/\/sincro1320.com\/w\/?page_id=2062"},"modified":"2025-02-14T12:31:21","modified_gmt":"2025-02-14T15:31:21","slug":"sesiones","status":"publish","type":"page","link":"https:\/\/sincro1320.com\/w\/sesiones\/","title":{"rendered":"Sesiones"},"content":{"rendered":"\t\t<div data-elementor-type=\"wp-page\" data-elementor-id=\"2062\" class=\"elementor elementor-2062\" data-elementor-post-type=\"page\">\n\t\t\t\t<div class=\"elementor-element elementor-element-9f27e08 e-con-full e-flex e-con e-parent\" data-id=\"9f27e08\" data-element_type=\"container\" data-settings=\"{&quot;background_background&quot;:&quot;classic&quot;}\">\n\t\t\t\t<div class=\"elementor-element elementor-element-34b7b0c elementor-widget elementor-widget-heading\" data-id=\"34b7b0c\" data-element_type=\"widget\" data-widget_type=\"heading.default\">\n\t\t\t\t<div class=\"elementor-widget-container\">\n\t\t\t\t\t<h2 class=\"elementor-heading-title elementor-size-default\">sesiones<\/h2>\t\t\t\t<\/div>\n\t\t\t\t<\/div>\n\t\t\t\t<div class=\"elementor-element elementor-element-2f04d24 elementor-widget elementor-widget-text-editor\" data-id=\"2f04d24\" data-element_type=\"widget\" data-widget_type=\"text-editor.default\">\n\t\t\t\t<div class=\"elementor-widget-container\">\n\t\t\t\t\t\t\t\t\t<p>Un espacio para que puedas conocerte m\u00e1s y consultar tus dudas.<\/p>\t\t\t\t\t\t\t\t<\/div>\n\t\t\t\t<\/div>\n\t\t\t\t<\/div>\n\t\t<div class=\"elementor-element elementor-element-b280c7c e-flex e-con-boxed e-con e-parent\" data-id=\"b280c7c\" data-element_type=\"container\">\n\t\t\t\t\t<div class=\"e-con-inner\">\n\t\t\t\t<div class=\"elementor-element elementor-element-4f1807b elementor-widget elementor-widget-eael-woo-product-carousel\" data-id=\"4f1807b\" data-element_type=\"widget\" data-widget_type=\"eael-woo-product-carousel.default\">\n\t\t\t\t<div class=\"elementor-widget-container\">\n\t\t\t\t\t\n        <div class=\"swiper-container-wrap eael-woo-product-carousel-container preset-1 swiper-container-wrap-dots-outside\" id=\"eael-product-carousel-4f1807b\" data-widget-id=\"4f1807b\" >\n            <div class=\"woocommerce swiper-container swiper-8-lower eael-woo-product-carousel swiper-container-4f1807b eael-product-appender-4f1807b eael-hover-buttons swiper-image-stretch\" data-pagination=\".swiper-pagination-4f1807b\" data-arrow-next=\".swiper-button-next-4f1807b\" data-arrow-prev=\".swiper-button-prev-4f1807b\" data-type=\"preset-1\" data-effect=\"slide\" data-items=\"3\" data-slide-items=\"1\" data-margin=\"10\" data-speed=\"400\" data-autoplay=\"2000\" data-loop=\"1\" data-dots=\"1\"><ul class=\"swiper-wrapper products\">    <li class=\"product swiper-slide post-2241 type-product status-publish has-post-thumbnail product_cat-sesiones product_tag-afinidad product_tag-entre-personas product_tag-kin product_tag-kin-maya product_tag-mision-de-vida product_tag-sinastrias desktop-align-left tablet-align-left mobile-align-left first instock shipping-taxable purchasable product-type-variable\">\n        <div class=\"eael-product-carousel \">\n            <div class=\"product-image-wrap\">\n                <div class=\"image-wrap\">\n                    <a href=\"https:\/\/sincro1320.com\/w\/producto\/sinastrias-afinidad-entre-personas\/\" class=\"woocommerce-LoopProduct-link woocommerce-loop-product__link\"><img fetchpriority=\"high\" decoding=\"async\" width=\"300\" height=\"300\" src=\"https:\/\/sincro1320.com\/w\/wp-content\/uploads\/2024\/11\/Imagen-de-WhatsApp-2024-11-26-a-las-06.26.11_dc46b3f9-300x300.jpg\" class=\"attachment-medium size-medium\" alt=\"\" loading=\"eager\" srcset=\"https:\/\/sincro1320.com\/w\/wp-content\/uploads\/2024\/11\/Imagen-de-WhatsApp-2024-11-26-a-las-06.26.11_dc46b3f9-300x300.jpg 300w, https:\/\/sincro1320.com\/w\/wp-content\/uploads\/2024\/11\/Imagen-de-WhatsApp-2024-11-26-a-las-06.26.11_dc46b3f9-1024x1024.jpg 1024w, https:\/\/sincro1320.com\/w\/wp-content\/uploads\/2024\/11\/Imagen-de-WhatsApp-2024-11-26-a-las-06.26.11_dc46b3f9-150x150.jpg 150w, https:\/\/sincro1320.com\/w\/wp-content\/uploads\/2024\/11\/Imagen-de-WhatsApp-2024-11-26-a-las-06.26.11_dc46b3f9-768x768.jpg 768w, https:\/\/sincro1320.com\/w\/wp-content\/uploads\/2024\/11\/Imagen-de-WhatsApp-2024-11-26-a-las-06.26.11_dc46b3f9-700x700.jpg 700w, https:\/\/sincro1320.com\/w\/wp-content\/uploads\/2024\/11\/Imagen-de-WhatsApp-2024-11-26-a-las-06.26.11_dc46b3f9-600x600.jpg 600w, https:\/\/sincro1320.com\/w\/wp-content\/uploads\/2024\/11\/Imagen-de-WhatsApp-2024-11-26-a-las-06.26.11_dc46b3f9-100x100.jpg 100w, https:\/\/sincro1320.com\/w\/wp-content\/uploads\/2024\/11\/Imagen-de-WhatsApp-2024-11-26-a-las-06.26.11_dc46b3f9.jpg 1080w\" sizes=\"(max-width: 300px) 100vw, 300px\" \/><\/a>                <\/div>\n                <div class=\"image-hover-wrap\">\n                    <ul class=\"icons-wrap box-style\">\n                                                    <li class=\"add-to-cart\"><a href=\"https:\/\/sincro1320.com\/w\/producto\/sinastrias-afinidad-entre-personas\/\" aria-describedby=\"woocommerce_loop_add_to_cart_link_describedby_2241\" data-quantity=\"1\" class=\"button product_type_variable add_to_cart_button\" data-product_id=\"2241\" data-product_sku=\"\" aria-label=\"Eleg\u00ed las opciones para &ldquo;Sinastr\u00edas: Afinidad entre personas&rdquo;\" rel=\"nofollow\">Seleccionar opciones<\/a>\t<span id=\"woocommerce_loop_add_to_cart_link_describedby_2241\" class=\"screen-reader-text\">\n\t\tThis product has multiple variants. The options may be chosen on the product page\t<\/span>\n<\/li>\n                                                                            <li class=\"eael-product-quick-view\">\n                                <a id=\"eael_quick_view_69feaff03a3d0\" data-quickview-setting=\"{&quot;widget_id&quot;:&quot;4f1807b&quot;,&quot;product_id&quot;:2241,&quot;page_id&quot;:2062}\"\n                                    class=\"open-popup-link\">\n                                    <i class=\"fas fa-eye\"><\/i>\n                                <\/a>\n                            <\/li>\n                                                <li class=\"view-details\" title=\"Details\"><a href=\"https:\/\/sincro1320.com\/w\/producto\/sinastrias-afinidad-entre-personas\/\"><i class=\"fas fa-link\"><\/i><\/a><\/li>\n                    <\/ul>\n                                    <\/div>\n            <\/div>\n            <div class=\"product-details-wrap\">\n                <div class=\"product-details\">\n                    <div class=\"eael-product-title\"><a href=\"https:\/\/sincro1320.com\/w\/producto\/sinastrias-afinidad-entre-personas\/\" class=\"woocommerce-LoopProduct-link woocommerce-loop-product__link\"><h2>Sinastr\u00edas: Afinidad entre personas<\/h2><\/a><\/div><div class=\"eael-product-excerpt\"><p>Tu firma gal\u00e1ctica es tu fecha de nacimiento convertida al...<\/p><\/div>\n                <\/div>\n                <div class=\"eael-product-price\"><span class=\"woocommerce-Price-amount amount\"><bdi><span class=\"woocommerce-Price-currencySymbol\">&#36;<\/span>10.00<\/bdi><\/span> &ndash; <span class=\"woocommerce-Price-amount amount\"><bdi><span class=\"woocommerce-Price-currencySymbol\">&#36;<\/span>99.00<\/bdi><\/span><\/div>            <\/div>\n        <\/div>\n    <\/li>\n        <li class=\"product swiper-slide post-2237 type-product status-publish has-post-thumbnail product_cat-sesiones product_tag-kin product_tag-kin-de-transito product_tag-kin-maya product_tag-mision-de-vida desktop-align-left tablet-align-left mobile-align-left  instock sale shipping-taxable purchasable product-type-variable\">\n        <div class=\"eael-product-carousel \">\n            <div class=\"product-image-wrap\">\n                <div class=\"image-wrap\">\n                    <span class=\"eael-onsale sale-preset-5 \">Sale!<\/span><a href=\"https:\/\/sincro1320.com\/w\/producto\/tu-kin-de-transito-y-mision-anual-revolucion-solar-lunar-galactica-anual\/\" class=\"woocommerce-LoopProduct-link woocommerce-loop-product__link\"><img decoding=\"async\" width=\"300\" height=\"300\" src=\"https:\/\/sincro1320.com\/w\/wp-content\/uploads\/2024\/11\/Imagen-de-WhatsApp-2024-11-26-a-las-06.18.48_32decb37-300x300.jpg\" class=\"attachment-medium size-medium\" alt=\"\" loading=\"eager\" srcset=\"https:\/\/sincro1320.com\/w\/wp-content\/uploads\/2024\/11\/Imagen-de-WhatsApp-2024-11-26-a-las-06.18.48_32decb37-300x300.jpg 300w, https:\/\/sincro1320.com\/w\/wp-content\/uploads\/2024\/11\/Imagen-de-WhatsApp-2024-11-26-a-las-06.18.48_32decb37-1024x1019.jpg 1024w, https:\/\/sincro1320.com\/w\/wp-content\/uploads\/2024\/11\/Imagen-de-WhatsApp-2024-11-26-a-las-06.18.48_32decb37-150x150.jpg 150w, https:\/\/sincro1320.com\/w\/wp-content\/uploads\/2024\/11\/Imagen-de-WhatsApp-2024-11-26-a-las-06.18.48_32decb37-700x700.jpg 700w, https:\/\/sincro1320.com\/w\/wp-content\/uploads\/2024\/11\/Imagen-de-WhatsApp-2024-11-26-a-las-06.18.48_32decb37-600x597.jpg 600w, https:\/\/sincro1320.com\/w\/wp-content\/uploads\/2024\/11\/Imagen-de-WhatsApp-2024-11-26-a-las-06.18.48_32decb37-100x100.jpg 100w, https:\/\/sincro1320.com\/w\/wp-content\/uploads\/2024\/11\/Imagen-de-WhatsApp-2024-11-26-a-las-06.18.48_32decb37.jpg 1079w\" sizes=\"(max-width: 300px) 100vw, 300px\" \/><\/a>                <\/div>\n                <div class=\"image-hover-wrap\">\n                    <ul class=\"icons-wrap box-style\">\n                                                    <li class=\"add-to-cart\"><a href=\"https:\/\/sincro1320.com\/w\/producto\/tu-kin-de-transito-y-mision-anual-revolucion-solar-lunar-galactica-anual\/\" aria-describedby=\"woocommerce_loop_add_to_cart_link_describedby_2237\" data-quantity=\"1\" class=\"button product_type_variable add_to_cart_button\" data-product_id=\"2237\" data-product_sku=\"\" aria-label=\"Eleg\u00ed las opciones para &ldquo;Tu KIN de tr\u00e1nsito y misi\u00f3n anual: Revoluci\u00f3n Solar-Lunar-Gal\u00e1ctica Anual&rdquo;\" rel=\"nofollow\">Seleccionar opciones<\/a>\t<span id=\"woocommerce_loop_add_to_cart_link_describedby_2237\" class=\"screen-reader-text\">\n\t\tThis product has multiple variants. The options may be chosen on the product page\t<\/span>\n<\/li>\n                                                                            <li class=\"eael-product-quick-view\">\n                                <a id=\"eael_quick_view_69feaff03bb9a\" data-quickview-setting=\"{&quot;widget_id&quot;:&quot;4f1807b&quot;,&quot;product_id&quot;:2237,&quot;page_id&quot;:2062}\"\n                                    class=\"open-popup-link\">\n                                    <i class=\"fas fa-eye\"><\/i>\n                                <\/a>\n                            <\/li>\n                                                <li class=\"view-details\" title=\"Details\"><a href=\"https:\/\/sincro1320.com\/w\/producto\/tu-kin-de-transito-y-mision-anual-revolucion-solar-lunar-galactica-anual\/\"><i class=\"fas fa-link\"><\/i><\/a><\/li>\n                    <\/ul>\n                                    <\/div>\n            <\/div>\n            <div class=\"product-details-wrap\">\n                <div class=\"product-details\">\n                    <div class=\"eael-product-title\"><a href=\"https:\/\/sincro1320.com\/w\/producto\/tu-kin-de-transito-y-mision-anual-revolucion-solar-lunar-galactica-anual\/\" class=\"woocommerce-LoopProduct-link woocommerce-loop-product__link\"><h2>Tu KIN de tr\u00e1nsito y misi\u00f3n anual: Revoluci\u00f3n Solar-Lunar-Gal\u00e1ctica Anual<\/h2><\/a><\/div><div class=\"eael-product-excerpt\"><p>Tu firma gal\u00e1ctica es tu fecha de nacimiento convertida al...<\/p><\/div>\n                <\/div>\n                <div class=\"eael-product-price\"><span class=\"woocommerce-Price-amount amount\"><bdi><span class=\"woocommerce-Price-currencySymbol\">&#36;<\/span>10.00<\/bdi><\/span> &ndash; <span class=\"woocommerce-Price-amount amount\"><bdi><span class=\"woocommerce-Price-currencySymbol\">&#36;<\/span>99.00<\/bdi><\/span><\/div>            <\/div>\n        <\/div>\n    <\/li>\n        <li class=\"product swiper-slide post-2188 type-product status-publish has-post-thumbnail product_cat-sesiones product_tag-carta product_tag-carta-natal product_tag-kin product_tag-kin-maya product_tag-mision-de-vida desktop-align-left tablet-align-left mobile-align-left  instock shipping-taxable purchasable product-type-variable\">\n        <div class=\"eael-product-carousel \">\n            <div class=\"product-image-wrap\">\n                <div class=\"image-wrap\">\n                    <a href=\"https:\/\/sincro1320.com\/w\/producto\/tu-kin-maya-y-mision-de-vida-la-carta-natal\/\" class=\"woocommerce-LoopProduct-link woocommerce-loop-product__link\"><img decoding=\"async\" width=\"300\" height=\"300\" src=\"https:\/\/sincro1320.com\/w\/wp-content\/uploads\/2024\/11\/Imagen-de-WhatsApp-2024-11-26-a-las-06.16.40_87f8abcd-300x300.jpg\" class=\"attachment-medium size-medium\" alt=\"\" loading=\"eager\" srcset=\"https:\/\/sincro1320.com\/w\/wp-content\/uploads\/2024\/11\/Imagen-de-WhatsApp-2024-11-26-a-las-06.16.40_87f8abcd-300x300.jpg 300w, https:\/\/sincro1320.com\/w\/wp-content\/uploads\/2024\/11\/Imagen-de-WhatsApp-2024-11-26-a-las-06.16.40_87f8abcd-1024x1024.jpg 1024w, https:\/\/sincro1320.com\/w\/wp-content\/uploads\/2024\/11\/Imagen-de-WhatsApp-2024-11-26-a-las-06.16.40_87f8abcd-150x150.jpg 150w, https:\/\/sincro1320.com\/w\/wp-content\/uploads\/2024\/11\/Imagen-de-WhatsApp-2024-11-26-a-las-06.16.40_87f8abcd-768x768.jpg 768w, https:\/\/sincro1320.com\/w\/wp-content\/uploads\/2024\/11\/Imagen-de-WhatsApp-2024-11-26-a-las-06.16.40_87f8abcd-700x700.jpg 700w, https:\/\/sincro1320.com\/w\/wp-content\/uploads\/2024\/11\/Imagen-de-WhatsApp-2024-11-26-a-las-06.16.40_87f8abcd-600x600.jpg 600w, https:\/\/sincro1320.com\/w\/wp-content\/uploads\/2024\/11\/Imagen-de-WhatsApp-2024-11-26-a-las-06.16.40_87f8abcd-100x100.jpg 100w, https:\/\/sincro1320.com\/w\/wp-content\/uploads\/2024\/11\/Imagen-de-WhatsApp-2024-11-26-a-las-06.16.40_87f8abcd.jpg 1080w\" sizes=\"(max-width: 300px) 100vw, 300px\" \/><\/a>                <\/div>\n                <div class=\"image-hover-wrap\">\n                    <ul class=\"icons-wrap box-style\">\n                                                    <li class=\"add-to-cart\"><a href=\"https:\/\/sincro1320.com\/w\/producto\/tu-kin-maya-y-mision-de-vida-la-carta-natal\/\" aria-describedby=\"woocommerce_loop_add_to_cart_link_describedby_2188\" data-quantity=\"1\" class=\"button product_type_variable add_to_cart_button\" data-product_id=\"2188\" data-product_sku=\"\" aria-label=\"Eleg\u00ed las opciones para &ldquo;Tu KIN maya y misi\u00f3n de vida: La carta natal&rdquo;\" rel=\"nofollow\">Seleccionar opciones<\/a>\t<span id=\"woocommerce_loop_add_to_cart_link_describedby_2188\" class=\"screen-reader-text\">\n\t\tThis product has multiple variants. The options may be chosen on the product page\t<\/span>\n<\/li>\n                                                                            <li class=\"eael-product-quick-view\">\n                                <a id=\"eael_quick_view_69feaff03d3a8\" data-quickview-setting=\"{&quot;widget_id&quot;:&quot;4f1807b&quot;,&quot;product_id&quot;:2188,&quot;page_id&quot;:2062}\"\n                                    class=\"open-popup-link\">\n                                    <i class=\"fas fa-eye\"><\/i>\n                                <\/a>\n                            <\/li>\n                                                <li class=\"view-details\" title=\"Details\"><a href=\"https:\/\/sincro1320.com\/w\/producto\/tu-kin-maya-y-mision-de-vida-la-carta-natal\/\"><i class=\"fas fa-link\"><\/i><\/a><\/li>\n                    <\/ul>\n                                    <\/div>\n            <\/div>\n            <div class=\"product-details-wrap\">\n                <div class=\"product-details\">\n                    <div class=\"eael-product-title\"><a href=\"https:\/\/sincro1320.com\/w\/producto\/tu-kin-maya-y-mision-de-vida-la-carta-natal\/\" class=\"woocommerce-LoopProduct-link woocommerce-loop-product__link\"><h2>Tu KIN maya y misi\u00f3n de vida: La carta natal<\/h2><\/a><\/div><div class=\"eael-product-excerpt\"><p>Tu firma gal\u00e1ctica es tu fecha de nacimiento convertida al...<\/p><\/div>\n                <\/div>\n                <div class=\"eael-product-price\"><span class=\"woocommerce-Price-amount amount\"><bdi><span class=\"woocommerce-Price-currencySymbol\">&#36;<\/span>0.00<\/bdi><\/span> &ndash; <span class=\"woocommerce-Price-amount amount\"><bdi><span class=\"woocommerce-Price-currencySymbol\">&#36;<\/span>99.00<\/bdi><\/span><\/div>            <\/div>\n        <\/div>\n    <\/li>\n        <li class=\"product swiper-slide post-1709 type-product status-publish has-post-thumbnail product_cat-sesiones product_tag-coaching product_tag-manifestacion product_tag-suenos desktop-align-left tablet-align-left mobile-align-left  instock shipping-taxable purchasable product-type-simple\">\n        <div class=\"eael-product-carousel \">\n            <div class=\"product-image-wrap\">\n                <div class=\"image-wrap\">\n                    <a href=\"https:\/\/sincro1320.com\/w\/producto\/coaching-para-la-manifestacion-de-suenos\/\" class=\"woocommerce-LoopProduct-link woocommerce-loop-product__link\"><img decoding=\"async\" width=\"300\" height=\"300\" src=\"https:\/\/sincro1320.com\/w\/wp-content\/uploads\/2024\/10\/Coaching_para_la_Manifestacion_de_Suenos.jpg\" class=\"attachment-medium size-medium\" alt=\"\" loading=\"eager\" srcset=\"https:\/\/sincro1320.com\/w\/wp-content\/uploads\/2024\/10\/Coaching_para_la_Manifestacion_de_Suenos.jpg 300w, https:\/\/sincro1320.com\/w\/wp-content\/uploads\/2024\/10\/Coaching_para_la_Manifestacion_de_Suenos-150x150.jpg 150w, https:\/\/sincro1320.com\/w\/wp-content\/uploads\/2024\/10\/Coaching_para_la_Manifestacion_de_Suenos-100x100.jpg 100w\" sizes=\"(max-width: 300px) 100vw, 300px\" \/><\/a>                <\/div>\n                <div class=\"image-hover-wrap\">\n                    <ul class=\"icons-wrap box-style\">\n                                                    <li class=\"add-to-cart\"><a href=\"?add-to-cart=1709\" aria-describedby=\"woocommerce_loop_add_to_cart_link_describedby_1709\" data-quantity=\"1\" class=\"button product_type_simple add_to_cart_button ajax_add_to_cart\" data-product_id=\"1709\" data-product_sku=\"\" aria-label=\"Add to cart: &ldquo;Coaching para la Manifestaci\u00f3n de Sue\u00f1os&rdquo;\" rel=\"nofollow\" data-success_message=\"&ldquo;Coaching para la Manifestaci\u00f3n de Sue\u00f1os&rdquo; se agreg\u00f3 al carrito\">Agregar al carrito<\/a>\t<span id=\"woocommerce_loop_add_to_cart_link_describedby_1709\" class=\"screen-reader-text\">\n\t\t\t<\/span>\n<\/li>\n                                                                            <li class=\"eael-product-quick-view\">\n                                <a id=\"eael_quick_view_69feaff03dd0f\" data-quickview-setting=\"{&quot;widget_id&quot;:&quot;4f1807b&quot;,&quot;product_id&quot;:1709,&quot;page_id&quot;:2062}\"\n                                    class=\"open-popup-link\">\n                                    <i class=\"fas fa-eye\"><\/i>\n                                <\/a>\n                            <\/li>\n                                                <li class=\"view-details\" title=\"Details\"><a href=\"https:\/\/sincro1320.com\/w\/producto\/coaching-para-la-manifestacion-de-suenos\/\"><i class=\"fas fa-link\"><\/i><\/a><\/li>\n                    <\/ul>\n                                    <\/div>\n            <\/div>\n            <div class=\"product-details-wrap\">\n                <div class=\"product-details\">\n                    <div class=\"eael-product-title\"><a href=\"https:\/\/sincro1320.com\/w\/producto\/coaching-para-la-manifestacion-de-suenos\/\" class=\"woocommerce-LoopProduct-link woocommerce-loop-product__link\"><h2>Coaching para la Manifestaci\u00f3n de Sue\u00f1os<\/h2><\/a><\/div><div class=\"eael-product-excerpt\"><p>En una serie de 13 sesiones on line que realizamos...<\/p><\/div>\n                <\/div>\n                <div class=\"eael-product-price\"><span class=\"woocommerce-Price-amount amount\"><bdi><span class=\"woocommerce-Price-currencySymbol\">&#36;<\/span>167.00<\/bdi><\/span><\/div>            <\/div>\n        <\/div>\n    <\/li>\n    <\/ul><\/div>            <!-- Add Pagination -->\n            <div class=\"swiper-pagination swiper-pagination-4f1807b dots-preset-1\"><\/div>\n                <\/div>\n        \t\t\t\t<\/div>\n\t\t\t\t<\/div>\n\t\t\t\t\t<\/div>\n\t\t\t\t<\/div>\n\t\t<div class=\"elementor-element elementor-element-7d61e6a e-flex e-con-boxed e-con e-parent\" data-id=\"7d61e6a\" data-element_type=\"container\" data-settings=\"{&quot;background_background&quot;:&quot;classic&quot;}\">\n\t\t\t\t\t<div class=\"e-con-inner\">\n\t\t<div class=\"elementor-element elementor-element-1173b95 e-con-full e-flex e-con e-child\" data-id=\"1173b95\" data-element_type=\"container\">\n\t\t\t\t<div class=\"elementor-element elementor-element-2deec08 elementor-widget elementor-widget-heading\" data-id=\"2deec08\" data-element_type=\"widget\" data-widget_type=\"heading.default\">\n\t\t\t\t<div class=\"elementor-widget-container\">\n\t\t\t\t\t<h2 class=\"elementor-heading-title elementor-size-default\">Si nos organizamos, juntos lo hacemos m\u00e1s f\u00e1cil!<\/h2>\t\t\t\t<\/div>\n\t\t\t\t<\/div>\n\t\t\t\t<\/div>\n\t\t\t\t\t<\/div>\n\t\t\t\t<\/div>\n\t\t\t\t<\/div>\n\t\t","protected":false},"excerpt":{"rendered":"<p>sesiones Un espacio para que puedas conocerte m\u00e1s y consultar tus dudas. Seleccionar opciones This product has multiple variants. The [&hellip;]<\/p>\n","protected":false},"author":1,"featured_media":1136,"parent":0,"menu_order":0,"comment_status":"closed","ping_status":"closed","template":"elementor_canvas","meta":{"inline_featured_image":false,"site-sidebar-layout":"no-sidebar","site-content-layout":"page-builder","ast-site-content-layout":"full-width-container","site-content-style":"default","site-sidebar-style":"default","ast-global-header-display":"","ast-banner-title-visibility":"","ast-main-header-display":"","ast-hfb-above-header-display":"","ast-hfb-below-header-display":"","ast-hfb-mobile-header-display":"","site-post-title":"disabled","ast-breadcrumbs-content":"","ast-featured-img":"disabled","footer-sml-layout":"","theme-transparent-header-meta":"default","adv-header-id-meta":"","stick-header-meta":"","header-above-stick-meta":"","header-main-stick-meta":"","header-below-stick-meta":"","astra-migrate-meta-layouts":"set","ast-page-background-enabled":"default","ast-page-background-meta":{"desktop":{"background-color":"","background-image":"","background-repeat":"repeat","background-position":"center center","background-size":"auto","background-attachment":"scroll","background-type":"","background-media":"","overlay-type":"","overlay-color":"","overlay-opacity":"","overlay-gradient":""},"tablet":{"background-color":"","background-image":"","background-repeat":"repeat","background-position":"center center","background-size":"auto","background-attachment":"scroll","background-type":"","background-media":"","overlay-type":"","overlay-color":"","overlay-opacity":"","overlay-gradient":""},"mobile":{"background-color":"","background-image":"","background-repeat":"repeat","background-position":"center center","background-size":"auto","background-attachment":"scroll","background-type":"","background-media":"","overlay-type":"","overlay-color":"","overlay-opacity":"","overlay-gradient":""}},"ast-content-background-meta":{"desktop":{"background-color":"var(--ast-global-color-5)","background-image":"","background-repeat":"repeat","background-position":"center center","background-size":"auto","background-attachment":"scroll","background-type":"","background-media":"","overlay-type":"","overlay-color":"","overlay-opacity":"","overlay-gradient":""},"tablet":{"background-color":"var(--ast-global-color-5)","background-image":"","background-repeat":"repeat","background-position":"center center","background-size":"auto","background-attachment":"scroll","background-type":"","background-media":"","overlay-type":"","overlay-color":"","overlay-opacity":"","overlay-gradient":""},"mobile":{"background-color":"var(--ast-global-color-5)","background-image":"","background-repeat":"repeat","background-position":"center center","background-size":"auto","background-attachment":"scroll","background-type":"","background-media":"","overlay-type":"","overlay-color":"","overlay-opacity":"","overlay-gradient":""}},"footnotes":""},"class_list":["post-2062","page","type-page","status-publish","has-post-thumbnail","hentry","desktop-align-left","tablet-align-left","mobile-align-left"],"jetpack_sharing_enabled":true,"_links":{"self":[{"href":"https:\/\/sincro1320.com\/w\/wp-json\/wp\/v2\/pages\/2062","targetHints":{"allow":["GET"]}}],"collection":[{"href":"https:\/\/sincro1320.com\/w\/wp-json\/wp\/v2\/pages"}],"about":[{"href":"https:\/\/sincro1320.com\/w\/wp-json\/wp\/v2\/types\/page"}],"author":[{"embeddable":true,"href":"https:\/\/sincro1320.com\/w\/wp-json\/wp\/v2\/users\/1"}],"replies":[{"embeddable":true,"href":"https:\/\/sincro1320.com\/w\/wp-json\/wp\/v2\/comments?post=2062"}],"version-history":[{"count":16,"href":"https:\/\/sincro1320.com\/w\/wp-json\/wp\/v2\/pages\/2062\/revisions"}],"predecessor-version":[{"id":2582,"href":"https:\/\/sincro1320.com\/w\/wp-json\/wp\/v2\/pages\/2062\/revisions\/2582"}],"wp:featuredmedia":[{"embeddable":true,"href":"https:\/\/sincro1320.com\/w\/wp-json\/wp\/v2\/media\/1136"}],"wp:attachment":[{"href":"https:\/\/sincro1320.com\/w\/wp-json\/wp\/v2\/media?parent=2062"}],"curies":[{"name":"wp","href":"https:\/\/api.w.org\/{rel}","templated":true}]}}