{"id":1781,"date":"2024-10-10T16:02:32","date_gmt":"2024-10-10T16:02:32","guid":{"rendered":"https:\/\/sincro1320.com\/?page_id=1781"},"modified":"2024-11-26T17:42:50","modified_gmt":"2024-11-26T17:42:50","slug":"nosotros","status":"publish","type":"page","link":"https:\/\/sincro1320.com\/w\/nosotros\/","title":{"rendered":"Nosotros La Escuela Sincro1320"},"content":{"rendered":"\t\t<div data-elementor-type=\"wp-page\" data-elementor-id=\"1781\" class=\"elementor elementor-1781\" data-elementor-post-type=\"page\">\n\t\t\t\t<div class=\"elementor-element elementor-element-9f27e08 e-con-full e-flex e-con e-parent\" data-id=\"9f27e08\" data-element_type=\"container\" data-settings=\"{&quot;background_background&quot;:&quot;classic&quot;}\">\n\t\t\t\t<div class=\"elementor-element elementor-element-34b7b0c elementor-widget elementor-widget-heading\" data-id=\"34b7b0c\" data-element_type=\"widget\" data-widget_type=\"heading.default\">\n\t\t\t\t<div class=\"elementor-widget-container\">\n\t\t\t\t\t<h2 class=\"elementor-heading-title elementor-size-default\">Nosotros<\/h2>\t\t\t\t<\/div>\n\t\t\t\t<\/div>\n\t\t\t\t<div class=\"elementor-element elementor-element-2f04d24 elementor-widget elementor-widget-text-editor\" data-id=\"2f04d24\" data-element_type=\"widget\" data-widget_type=\"text-editor.default\">\n\t\t\t\t<div class=\"elementor-widget-container\">\n\t\t\t\t\t\t\t\t\t<p>Conoce el equipo de profesionales dispuestos a brindar toda la informaci\u00f3n<br \/>y el asesoramiento que necesites en este camino de conocimiento.<\/p>\t\t\t\t\t\t\t\t<\/div>\n\t\t\t\t<\/div>\n\t\t\t\t<\/div>\n\t\t<div class=\"elementor-element elementor-element-ab0a858 e-flex e-con-boxed e-con e-parent\" data-id=\"ab0a858\" data-element_type=\"container\" data-settings=\"{&quot;background_background&quot;:&quot;classic&quot;}\">\n\t\t\t\t\t<div class=\"e-con-inner\">\n\t\t<div class=\"elementor-element elementor-element-b5f4f60 e-con-full e-flex e-con e-child\" data-id=\"b5f4f60\" data-element_type=\"container\">\n\t\t\t\t<div class=\"elementor-element elementor-element-dcdd48a elementor-widget elementor-widget-heading\" data-id=\"dcdd48a\" data-element_type=\"widget\" data-widget_type=\"heading.default\">\n\t\t\t\t<div class=\"elementor-widget-container\">\n\t\t\t\t\t<h2 class=\"elementor-heading-title elementor-size-default\">Los Or\u00edgenes<\/h2>\t\t\t\t<\/div>\n\t\t\t\t<\/div>\n\t\t\t\t<div class=\"elementor-element elementor-element-2c765b2 elementor-widget elementor-widget-image\" data-id=\"2c765b2\" data-element_type=\"widget\" data-widget_type=\"image.default\">\n\t\t\t\t<div class=\"elementor-widget-container\">\n\t\t\t\t\t\t\t\t\t\t\t\t\t\t\t<img decoding=\"async\" src=\"https:\/\/sincro1320.com\/w\/wp-content\/uploads\/2024\/10\/nosotros_foto_marcela_690.jpg\" title=\"nosotros_foto_marcela_690\" alt=\"nosotros_foto_marcela_690\" loading=\"lazy\" \/>\t\t\t\t\t\t\t\t\t\t\t\t\t\t\t<\/div>\n\t\t\t\t<\/div>\n\t\t\t\t<div class=\"elementor-element elementor-element-7e78ced elementor-widget elementor-widget-text-editor\" data-id=\"7e78ced\" data-element_type=\"widget\" data-widget_type=\"text-editor.default\">\n\t\t\t\t<div class=\"elementor-widget-container\">\n\t\t\t\t\t\t\t\t\t<p>Mi nombre es Marcela Maldonado todos me conocen como Mar kin 80, sol lunar amarillo, porque ese es el kin maya de mi nacimiento.<\/p><p>Actualmente vivo en Buenos Aires, Argentina.<\/p><p>Soy Sincronizadora planetaria y Maestra de la Ley del Tiempo, el Legado Maya Gal\u00e1ctico para este momento de evoluci\u00f3n y cambios en la Tierra. Tambi\u00e9n soy creadora del Servicio de Sincronizaci\u00f3n Planetaria V.24.3 y de la escuela de maestros de la Ley del Tiempo Sincro1320.<\/p><p>En el a\u00f1o 2011 me inici\u00e9 en el estudio, las pr\u00e1cticas y la divulgaci\u00f3n del Tzolkin Maya hasta que luego de muchas aventuras y experiencias llegaron el Servicio de Sincronizaci\u00f3n Planetaria V.24.3 y la Escuela Sincro1320.<\/p>\t\t\t\t\t\t\t\t<\/div>\n\t\t\t\t<\/div>\n\t\t\t\t<\/div>\n\t\t\t\t\t<\/div>\n\t\t\t\t<\/div>\n\t\t<div class=\"elementor-element elementor-element-f2dc34a e-flex e-con-boxed e-con e-parent\" data-id=\"f2dc34a\" data-element_type=\"container\" data-settings=\"{&quot;background_background&quot;:&quot;classic&quot;}\">\n\t\t\t\t\t<div class=\"e-con-inner\">\n\t\t<div class=\"elementor-element elementor-element-bd27752 e-con-full e-flex e-con e-child\" data-id=\"bd27752\" data-element_type=\"container\">\n\t\t\t\t<div class=\"elementor-element elementor-element-3340ca0 elementor-widget elementor-widget-heading\" data-id=\"3340ca0\" data-element_type=\"widget\" data-widget_type=\"heading.default\">\n\t\t\t\t<div class=\"elementor-widget-container\">\n\t\t\t\t\t<h2 class=\"elementor-heading-title elementor-size-default\">La Escuela<\/h2>\t\t\t\t<\/div>\n\t\t\t\t<\/div>\n\t\t\t\t<div class=\"elementor-element elementor-element-f6ab9e1 elementor-widget elementor-widget-text-editor\" data-id=\"f6ab9e1\" data-element_type=\"widget\" data-widget_type=\"text-editor.default\">\n\t\t\t\t<div class=\"elementor-widget-container\">\n\t\t\t\t\t\t\t\t\t<p><strong><span style=\"color: #ffffff;\">La escuela de Maestros de la Ley del Tiempo Sincro1320<\/span><\/strong> comenz\u00f3 como un Servicio de Sincronizaci\u00f3n Planetaria, donde personas de distintos pa\u00edses y regiones recib\u00edan su &#8220;firma gal\u00e1ctica&#8221; (su fecha de nacimiento convertida al tiempo natural maya 13:20) y aprend\u00edan a utilizar el Sincronario Maya (Tzolkin) guiados por m\u00ed.<\/p><p>En la evoluci\u00f3n del Servicio, comenc\u00e9 a dar sesiones personalizadas por Internet a quienes ped\u00edan y tambi\u00e9n organiz\u00e9 varios grupos de estudios on line sobre los temas b\u00e1sicos de la Ley del Tiempo.<\/p><p>A medida que los estudiantes fueron avanzando, el Servicio de Sincronizaci\u00f3n Planetaria se transform\u00f3 de manera natural en la Escuela de Maestros de la Ley del Tiempo Sincro1320, escuela on line dedicada al estudio, la aplicaci\u00f3n y la transmisi\u00f3n de informaci\u00f3n sobre la Ley del Tiempo, en diversos grupos de estudios, seminarios, talleres y puntos de encuentro en todo el planeta.<\/p><p><span style=\"color: #ffffff;\"><b>Hoy la escuela brinda la m\u00e1s amplia diversidad de cursos, seminarios y talleres online en todos los niveles y sobre todos los temas de la Ley del Tiempo 13:20<\/b><\/span><\/p><p>Mi visi\u00f3n a futuro es que la escuela de maestros de la Ley del Tiempo Sincro1320 se convierta en un punto de\u00a0 referencia planetario sobre su tema de estudios, y un espacio disponible para que cualquiera que desee aprender que &#8220;El Tiempo es Arte&#8221; encuentre un sitio de excelencia con informaci\u00f3n y oportunidades para aprender<\/p>\t\t\t\t\t\t\t\t<\/div>\n\t\t\t\t<\/div>\n\t\t\t\t<div class=\"elementor-element elementor-element-6b79a65 elementor-widget elementor-widget-text-editor\" data-id=\"6b79a65\" data-element_type=\"widget\" data-widget_type=\"text-editor.default\">\n\t\t\t\t<div class=\"elementor-widget-container\">\n\t\t\t\t\t\t\t\t\t<p>Mi visi\u00f3n a futuro es que la escuela de maestros de la Ley del Tiempo Sincro1320 se convierta en un punto de\u00a0 referencia planetario sobre su tema de estudios, y un espacio disponible para que cualquiera que desee aprender que &#8220;El Tiempo es Arte&#8221; encuentre un sitio de excelencia con informaci\u00f3n y oportunidades para aprender.<\/p>\t\t\t\t\t\t\t\t<\/div>\n\t\t\t\t<\/div>\n\t\t<div class=\"elementor-element elementor-element-fc1510d e-con-full e-flex e-con e-child\" data-id=\"fc1510d\" data-element_type=\"container\">\n\t\t<div class=\"elementor-element elementor-element-0b23428 e-con-full e-flex e-con e-child\" data-id=\"0b23428\" data-element_type=\"container\">\n\t\t\t\t<div class=\"elementor-element elementor-element-792f8c8 elementor-align-right elementor-widget elementor-widget-button\" data-id=\"792f8c8\" data-element_type=\"widget\" data-widget_type=\"button.default\">\n\t\t\t\t<div class=\"elementor-widget-container\">\n\t\t\t\t\t\t\t\t\t<div class=\"elementor-button-wrapper\">\n\t\t\t\t\t<a class=\"elementor-button elementor-button-link elementor-size-sm\" href=\"https:\/\/sincro1320.com\/w\/clases-online\/\">\n\t\t\t\t\t\t<span class=\"elementor-button-content-wrapper\">\n\t\t\t\t\t\t\t\t\t<span class=\"elementor-button-text\">Clases<\/span>\n\t\t\t\t\t<\/span>\n\t\t\t\t\t<\/a>\n\t\t\t\t<\/div>\n\t\t\t\t\t\t\t\t<\/div>\n\t\t\t\t<\/div>\n\t\t\t\t<\/div>\n\t\t<div class=\"elementor-element elementor-element-ab8728d e-con-full e-flex e-con e-child\" data-id=\"ab8728d\" data-element_type=\"container\">\n\t\t\t\t<div class=\"elementor-element elementor-element-ac29517 elementor-align-left elementor-widget elementor-widget-button\" data-id=\"ac29517\" data-element_type=\"widget\" data-widget_type=\"button.default\">\n\t\t\t\t<div class=\"elementor-widget-container\">\n\t\t\t\t\t\t\t\t\t<div class=\"elementor-button-wrapper\">\n\t\t\t\t\t<a class=\"elementor-button elementor-button-link elementor-size-sm\" href=\"https:\/\/sincro1320.com\/w\/preguntas-y-contacto\/\">\n\t\t\t\t\t\t<span class=\"elementor-button-content-wrapper\">\n\t\t\t\t\t\t\t\t\t<span class=\"elementor-button-text\">Contacto<\/span>\n\t\t\t\t\t<\/span>\n\t\t\t\t\t<\/a>\n\t\t\t\t<\/div>\n\t\t\t\t\t\t\t\t<\/div>\n\t\t\t\t<\/div>\n\t\t\t\t<\/div>\n\t\t\t\t<\/div>\n\t\t\t\t<\/div>\n\t\t\t\t\t<\/div>\n\t\t\t\t<\/div>\n\t\t<div class=\"elementor-element elementor-element-b1b37b5 e-flex e-con-boxed e-con e-parent\" data-id=\"b1b37b5\" data-element_type=\"container\">\n\t\t\t\t\t<div class=\"e-con-inner\">\n\t\t<div class=\"elementor-element elementor-element-c4b4eb7 e-con-full e-flex e-con e-child\" data-id=\"c4b4eb7\" data-element_type=\"container\">\n\t\t\t\t<div class=\"elementor-element elementor-element-b092841 elementor-widget elementor-widget-image\" data-id=\"b092841\" data-element_type=\"widget\" data-widget_type=\"image.default\">\n\t\t\t\t<div class=\"elementor-widget-container\">\n\t\t\t\t\t\t\t\t\t\t\t\t\t\t\t<img decoding=\"async\" width=\"149\" height=\"149\" src=\"https:\/\/sincro1320.com\/w\/wp-content\/uploads\/2024\/10\/mision_sincro_1320.png\" class=\"attachment-large size-large wp-image-1817\" alt=\"\" srcset=\"https:\/\/sincro1320.com\/w\/wp-content\/uploads\/2024\/10\/mision_sincro_1320.png 149w, https:\/\/sincro1320.com\/w\/wp-content\/uploads\/2024\/10\/mision_sincro_1320-100x100.png 100w\" sizes=\"(max-width: 149px) 100vw, 149px\" \/>\t\t\t\t\t\t\t\t\t\t\t\t\t\t\t<\/div>\n\t\t\t\t<\/div>\n\t\t\t\t<div class=\"elementor-element elementor-element-40453f0 elementor-widget elementor-widget-heading\" data-id=\"40453f0\" data-element_type=\"widget\" data-widget_type=\"heading.default\">\n\t\t\t\t<div class=\"elementor-widget-container\">\n\t\t\t\t\t<h2 class=\"elementor-heading-title elementor-size-default\">Misi\u00f3n<\/h2>\t\t\t\t<\/div>\n\t\t\t\t<\/div>\n\t\t\t\t<div class=\"elementor-element elementor-element-65b639b elementor-widget elementor-widget-heading\" data-id=\"65b639b\" data-element_type=\"widget\" data-widget_type=\"heading.default\">\n\t\t\t\t<div class=\"elementor-widget-container\">\n\t\t\t\t\t<p class=\"elementor-heading-title elementor-size-default\">Que la Escuela Sincro1320 sea un punto de referencia planetario sobre la Ley del Tiempo; un espacio para que todos puedan encontrar informaci\u00f3n y oportunidades de aprendizaje acordes a sus necesidades.<\/p>\t\t\t\t<\/div>\n\t\t\t\t<\/div>\n\t\t\t\t<\/div>\n\t\t<div class=\"elementor-element elementor-element-fc38e52 e-con-full e-flex e-con e-child\" data-id=\"fc38e52\" data-element_type=\"container\">\n\t\t\t\t<div class=\"elementor-element elementor-element-c5b85fa elementor-widget elementor-widget-image\" data-id=\"c5b85fa\" data-element_type=\"widget\" data-widget_type=\"image.default\">\n\t\t\t\t<div class=\"elementor-widget-container\">\n\t\t\t\t\t\t\t\t\t\t\t\t\t\t\t<img decoding=\"async\" width=\"149\" height=\"149\" src=\"https:\/\/sincro1320.com\/w\/wp-content\/uploads\/2024\/10\/vision_sincro1320.png\" class=\"attachment-large size-large wp-image-1819\" alt=\"\" srcset=\"https:\/\/sincro1320.com\/w\/wp-content\/uploads\/2024\/10\/vision_sincro1320.png 149w, https:\/\/sincro1320.com\/w\/wp-content\/uploads\/2024\/10\/vision_sincro1320-100x100.png 100w\" sizes=\"(max-width: 149px) 100vw, 149px\" \/>\t\t\t\t\t\t\t\t\t\t\t\t\t\t\t<\/div>\n\t\t\t\t<\/div>\n\t\t\t\t<div class=\"elementor-element elementor-element-bac4cb0 elementor-widget elementor-widget-heading\" data-id=\"bac4cb0\" data-element_type=\"widget\" data-widget_type=\"heading.default\">\n\t\t\t\t<div class=\"elementor-widget-container\">\n\t\t\t\t\t<h2 class=\"elementor-heading-title elementor-size-default\">Visi\u00f3n<\/h2>\t\t\t\t<\/div>\n\t\t\t\t<\/div>\n\t\t\t\t<div class=\"elementor-element elementor-element-05c514f elementor-widget elementor-widget-heading\" data-id=\"05c514f\" data-element_type=\"widget\" data-widget_type=\"heading.default\">\n\t\t\t\t<div class=\"elementor-widget-container\">\n\t\t\t\t\t<p class=\"elementor-heading-title elementor-size-default\">Transmitir informaci\u00f3n y oportunidades de aprendizaje a trav\u00e9s del estudio, la aplicaci\u00f3n y la pr\u00e1ctica de la Ley del Tiempo frecuencia 13:20.<\/p>\t\t\t\t<\/div>\n\t\t\t\t<\/div>\n\t\t\t\t<\/div>\n\t\t<div class=\"elementor-element elementor-element-b2d0cad e-con-full e-flex e-con e-child\" data-id=\"b2d0cad\" data-element_type=\"container\">\n\t\t\t\t<div class=\"elementor-element elementor-element-050fbed elementor-widget elementor-widget-image\" data-id=\"050fbed\" data-element_type=\"widget\" data-widget_type=\"image.default\">\n\t\t\t\t<div class=\"elementor-widget-container\">\n\t\t\t\t\t\t\t\t\t\t\t\t\t\t\t<img decoding=\"async\" width=\"149\" height=\"149\" src=\"https:\/\/sincro1320.com\/w\/wp-content\/uploads\/2024\/10\/valores_sincro_1320.png\" class=\"attachment-large size-large wp-image-1818\" alt=\"\" srcset=\"https:\/\/sincro1320.com\/w\/wp-content\/uploads\/2024\/10\/valores_sincro_1320.png 149w, https:\/\/sincro1320.com\/w\/wp-content\/uploads\/2024\/10\/valores_sincro_1320-100x100.png 100w\" sizes=\"(max-width: 149px) 100vw, 149px\" \/>\t\t\t\t\t\t\t\t\t\t\t\t\t\t\t<\/div>\n\t\t\t\t<\/div>\n\t\t\t\t<div class=\"elementor-element elementor-element-166afd1 elementor-widget elementor-widget-heading\" data-id=\"166afd1\" data-element_type=\"widget\" data-widget_type=\"heading.default\">\n\t\t\t\t<div class=\"elementor-widget-container\">\n\t\t\t\t\t<h2 class=\"elementor-heading-title elementor-size-default\">Valores<\/h2>\t\t\t\t<\/div>\n\t\t\t\t<\/div>\n\t\t\t\t<div class=\"elementor-element elementor-element-6392caa elementor-widget elementor-widget-heading\" data-id=\"6392caa\" data-element_type=\"widget\" data-widget_type=\"heading.default\">\n\t\t\t\t<div class=\"elementor-widget-container\">\n\t\t\t\t\t<p class=\"elementor-heading-title elementor-size-default\">Esta es una Escuela de excelencia acad\u00e9mica y trato cordial personalizado, ya que cada alumno es considerado un amigo con el cual compartimos aprendizajes y aventuras. Somos una gran familia planetaria, nos gusta reunirnos para compartir e intercambiar ideas on line y cuando es posible, vernos personalmente celebrando el encuentro. Todos somos iguales de importantes en la escuela de maestros de la Ley del Tiempo Sincro1320.<\/p>\t\t\t\t<\/div>\n\t\t\t\t<\/div>\n\t\t\t\t<\/div>\n\t\t\t\t\t<\/div>\n\t\t\t\t<\/div>\n\t\t<div class=\"elementor-element elementor-element-7d61e6a e-flex e-con-boxed e-con e-parent\" data-id=\"7d61e6a\" data-element_type=\"container\" data-settings=\"{&quot;background_background&quot;:&quot;classic&quot;}\">\n\t\t\t\t\t<div class=\"e-con-inner\">\n\t\t<div class=\"elementor-element elementor-element-1173b95 e-con-full e-flex e-con e-child\" data-id=\"1173b95\" data-element_type=\"container\">\n\t\t\t\t<div class=\"elementor-element elementor-element-2deec08 elementor-widget elementor-widget-heading\" data-id=\"2deec08\" data-element_type=\"widget\" data-widget_type=\"heading.default\">\n\t\t\t\t<div class=\"elementor-widget-container\">\n\t\t\t\t\t<h2 class=\"elementor-heading-title elementor-size-default\">Si no es amor, que no sea nada!<\/h2>\t\t\t\t<\/div>\n\t\t\t\t<\/div>\n\t\t\t\t<\/div>\n\t\t\t\t\t<\/div>\n\t\t\t\t<\/div>\n\t\t\t\t<\/div>\n\t\t","protected":false},"excerpt":{"rendered":"<p>Nosotros Conoce el equipo de profesionales dispuestos a brindar toda la informaci\u00f3ny el asesoramiento que necesites en este camino de [&hellip;]<\/p>\n","protected":false},"author":1,"featured_media":1136,"parent":0,"menu_order":0,"comment_status":"closed","ping_status":"closed","template":"elementor_canvas","meta":{"inline_featured_image":false,"site-sidebar-layout":"no-sidebar","site-content-layout":"page-builder","ast-site-content-layout":"full-width-container","site-content-style":"default","site-sidebar-style":"default","ast-global-header-display":"","ast-banner-title-visibility":"","ast-main-header-display":"","ast-hfb-above-header-display":"","ast-hfb-below-header-display":"","ast-hfb-mobile-header-display":"","site-post-title":"disabled","ast-breadcrumbs-content":"","ast-featured-img":"disabled","footer-sml-layout":"","theme-transparent-header-meta":"default","adv-header-id-meta":"","stick-header-meta":"","header-above-stick-meta":"","header-main-stick-meta":"","header-below-stick-meta":"","astra-migrate-meta-layouts":"set","ast-page-background-enabled":"default","ast-page-background-meta":{"desktop":{"background-color":"","background-image":"","background-repeat":"repeat","background-position":"center center","background-size":"auto","background-attachment":"scroll","background-type":"","background-media":"","overlay-type":"","overlay-color":"","overlay-opacity":"","overlay-gradient":""},"tablet":{"background-color":"","background-image":"","background-repeat":"repeat","background-position":"center center","background-size":"auto","background-attachment":"scroll","background-type":"","background-media":"","overlay-type":"","overlay-color":"","overlay-opacity":"","overlay-gradient":""},"mobile":{"background-color":"","background-image":"","background-repeat":"repeat","background-position":"center center","background-size":"auto","background-attachment":"scroll","background-type":"","background-media":"","overlay-type":"","overlay-color":"","overlay-opacity":"","overlay-gradient":""}},"ast-content-background-meta":{"desktop":{"background-color":"var(--ast-global-color-5)","background-image":"","background-repeat":"repeat","background-position":"center center","background-size":"auto","background-attachment":"scroll","background-type":"","background-media":"","overlay-type":"","overlay-color":"","overlay-opacity":"","overlay-gradient":""},"tablet":{"background-color":"var(--ast-global-color-5)","background-image":"","background-repeat":"repeat","background-position":"center center","background-size":"auto","background-attachment":"scroll","background-type":"","background-media":"","overlay-type":"","overlay-color":"","overlay-opacity":"","overlay-gradient":""},"mobile":{"background-color":"var(--ast-global-color-5)","background-image":"","background-repeat":"repeat","background-position":"center center","background-size":"auto","background-attachment":"scroll","background-type":"","background-media":"","overlay-type":"","overlay-color":"","overlay-opacity":"","overlay-gradient":""}},"footnotes":""},"class_list":["post-1781","page","type-page","status-publish","has-post-thumbnail","hentry"],"jetpack_sharing_enabled":true,"_links":{"self":[{"href":"https:\/\/sincro1320.com\/w\/wp-json\/wp\/v2\/pages\/1781"}],"collection":[{"href":"https:\/\/sincro1320.com\/w\/wp-json\/wp\/v2\/pages"}],"about":[{"href":"https:\/\/sincro1320.com\/w\/wp-json\/wp\/v2\/types\/page"}],"author":[{"embeddable":true,"href":"https:\/\/sincro1320.com\/w\/wp-json\/wp\/v2\/users\/1"}],"replies":[{"embeddable":true,"href":"https:\/\/sincro1320.com\/w\/wp-json\/wp\/v2\/comments?post=1781"}],"version-history":[{"count":43,"href":"https:\/\/sincro1320.com\/w\/wp-json\/wp\/v2\/pages\/1781\/revisions"}],"predecessor-version":[{"id":2231,"href":"https:\/\/sincro1320.com\/w\/wp-json\/wp\/v2\/pages\/1781\/revisions\/2231"}],"wp:featuredmedia":[{"embeddable":true,"href":"https:\/\/sincro1320.com\/w\/wp-json\/wp\/v2\/media\/1136"}],"wp:attachment":[{"href":"https:\/\/sincro1320.com\/w\/wp-json\/wp\/v2\/media?parent=1781"}],"curies":[{"name":"wp","href":"https:\/\/api.w.org\/{rel}","templated":true}]}}